{"id":109490,"date":"2024-04-07T06:00:48","date_gmt":"2024-04-07T04:00:48","guid":{"rendered":"https:\/\/manurefetish.com\/?post_type=product&#038;p=109490"},"modified":"2025-12-29T20:04:46","modified_gmt":"2025-12-29T19:04:46","slug":"rada-brewer-sexy-in-the-pit","status":"publish","type":"product","link":"https:\/\/manurefetish.com\/es\/shop\/videos\/rada-brewer-sexy-in-the-pit\/","title":{"rendered":"Rada Brewer Sexy En La Fosa"},"content":{"rendered":"<p><span style=\"font-weight: 400;\">Primera vez de Rada Brewers en solitario en el Foso del Esti\u00e9rcol, para esta ocasi\u00f3n se puso su mono rojo ajustado. Baja por la escalera hasta las rodillas en la fosa llena de cremosa mierda de vaca. Donde empieza a cubrirse todo el cuerpo, sumergirse, nadar y follarse los dos agujeros, disfrutando plenamente.<\/span><\/p>","protected":false},"excerpt":{"rendered":"<p>Primera vez de Rada Brewers en solitario en el Foso del Esti\u00e9rcol, para esta ocasi\u00f3n se puso su mono rojo ajustado. Baja por la escalera hasta las rodillas en la fosa llena de cremosa mierda de vaca. Donde empieza a cubrirse todo el cuerpo, sumergirse, nadar y follarse los dos agujeros, disfrutando plenamente.<\/p>","protected":false},"featured_media":199174,"comment_status":"open","ping_status":"closed","template":"","meta":{"_acf_changed":false,"site-sidebar-layout":"default","site-content-layout":"","ast-site-content-layout":"default","site-content-style":"default","site-sidebar-style":"default","ast-global-header-display":"","ast-banner-title-visibility":"","ast-main-header-display":"","ast-hfb-above-header-display":"","ast-hfb-below-header-display":"","ast-hfb-mobile-header-display":"","site-post-title":"","ast-breadcrumbs-content":"","ast-featured-img":"","footer-sml-layout":"","ast-disable-related-posts":"","theme-transparent-header-meta":"default","adv-header-id-meta":"","stick-header-meta":"","header-above-stick-meta":"","header-main-stick-meta":"","header-below-stick-meta":"","astra-migrate-meta-layouts":"set","ast-page-background-enabled":"default","ast-page-background-meta":{"desktop":{"background-color":"var(--ast-global-color-4)","background-image":"","background-repeat":"repeat","background-position":"center center","background-size":"auto","background-attachment":"scroll","background-type":"","background-media":"","overlay-type":"","overlay-color":"","overlay-opacity":"","overlay-gradient":""},"tablet":{"background-color":"","background-image":"","background-repeat":"repeat","background-position":"center center","background-size":"auto","background-attachment":"scroll","background-type":"","background-media":"","overlay-type":"","overlay-color":"","overlay-opacity":"","overlay-gradient":""},"mobile":{"background-color":"","background-image":"","background-repeat":"repeat","background-position":"center center","background-size":"auto","background-attachment":"scroll","background-type":"","background-media":"","overlay-type":"","overlay-color":"","overlay-opacity":"","overlay-gradient":""}},"ast-content-background-meta":{"desktop":{"background-color":"var(--ast-global-color-5)","background-image":"","background-repeat":"repeat","background-position":"center center","background-size":"auto","background-attachment":"scroll","background-type":"","background-media":"","overlay-type":"","overlay-color":"","overlay-opacity":"","overlay-gradient":""},"tablet":{"background-color":"var(--ast-global-color-5)","background-image":"","background-repeat":"repeat","background-position":"center center","background-size":"auto","background-attachment":"scroll","background-type":"","background-media":"","overlay-type":"","overlay-color":"","overlay-opacity":"","overlay-gradient":""},"mobile":{"background-color":"var(--ast-global-color-5)","background-image":"","background-repeat":"repeat","background-position":"center center","background-size":"auto","background-attachment":"scroll","background-type":"","background-media":"","overlay-type":"","overlay-color":"","overlay-opacity":"","overlay-gradient":""}}},"product_brand":[],"product_cat":[4470],"product_tag":[17,317,318,2675,2632,66,2508,2631,2281,2621,316,64,3030,3937,56,3982,2624,320,54,2419,18,51,65,35,360,2637,2971,2482,32,3879,4008,3881,4482,3778,3562,3566,2832,4159,2477,2478,319,2368,2676,2896],"class_list":{"0":"post-109490","1":"product","2":"type-product","3":"status-publish","4":"has-post-thumbnail","6":"product_cat-videos","7":"product_tag-anal","8":"product_tag-asshole","9":"product_tag-boobs","10":"product_tag-boots","11":"product_tag-bra","12":"product_tag-clothed","13":"product_tag-clothes","14":"product_tag-completely-covered","15":"product_tag-completely-submerged","16":"product_tag-cow-dung","17":"product_tag-cunt","18":"product_tag-dildo","19":"product_tag-download","20":"product_tag-early-access","21":"product_tag-erotic","22":"product_tag-fantasy","23":"product_tag-farm","24":"product_tag-feet","25":"product_tag-full-covered","26":"product_tag-full-hd","27":"product_tag-manure","28":"product_tag-manure-pit","29":"product_tag-naked","30":"product_tag-orgasm","31":"product_tag-outdoor","32":"product_tag-panty","33":"product_tag-pee","34":"product_tag-peeing","35":"product_tag-pussy","36":"product_tag-rada-brewer","37":"product_tag-referee","38":"product_tag-season-4","39":"product_tag-sex-in-cowshit","40":"product_tag-sextoys-2","41":"product_tag-sexy","42":"product_tag-slurry-pit","43":"product_tag-smearing","44":"product_tag-spandex","45":"product_tag-squirt","46":"product_tag-squirting","47":"product_tag-tits","48":"product_tag-ultra-hd","49":"product_tag-underwear","50":"product_tag-vinyl","51":"pa_length-45-minutes","52":"pa_product-type-digital-download-full-hd-video","53":"pa_product-type-digital-download-ultra-hd-video","54":"pa_product-type-usb-stick","55":"pa_video-info-full-hd-1920x1080p","56":"pa_video-info-ultra-hd-4k","57":"desktop-align-center","58":"tablet-align-left","59":"mobile-align-left","61":"first","62":"instock","63":"shipping-taxable","64":"purchasable","65":"product-type-variable","66":"has-default-attributes"},"exclude_global_add_ons":[],"addons":[],"acf":[],"yoast_head":"<!-- This site is optimized with the Yoast SEO Premium plugin v27.1 (Yoast SEO v27.1.1) - https:\/\/yoast.com\/product\/yoast-seo-premium-wordpress\/ -->\n<title>Rada Brewer Sexy In The Pit - ManureFetish - Disney Scat Princess Porn<\/title>\n<meta name=\"description\" content=\"Arielle The Little Dungmaid, she awakens in the large manure pit and has legs, she is lost in there untill some kind men find and help her.\" \/>\n<meta name=\"robots\" content=\"index, follow, max-snippet:-1, max-image-preview:large, max-video-preview:-1\" \/>\n<link rel=\"canonical\" href=\"https:\/\/manurefetish.com\/es\/shop\/women\/rada-brewer-sexy-in-the-pit\/\" \/>\n<meta property=\"og:locale\" content=\"es_ES\" \/>\n<meta property=\"og:type\" content=\"article\" \/>\n<meta property=\"og:title\" content=\"Rada Brewer Sexy In The Pit\" \/>\n<meta property=\"og:description\" content=\"Arielle The Little Dungmaid, she awakens in the large manure pit and has legs, she is lost in there untill some kind men find and help her.\" \/>\n<meta property=\"og:url\" content=\"https:\/\/manurefetish.com\/es\/shop\/women\/rada-brewer-sexy-in-the-pit\/\" \/>\n<meta property=\"og:site_name\" content=\"ManureFetish\" \/>\n<meta property=\"article:publisher\" content=\"https:\/\/www.facebook.com\/manurefetish\/\" \/>\n<meta property=\"article:modified_time\" content=\"2025-12-29T19:04:46+00:00\" \/>\n<meta property=\"og:image\" content=\"https:\/\/manurefetish.com\/wp-content\/uploads\/2024\/04\/Rada-Brewer-Sexy-in-the-Pit-2.jpg\" \/>\n\t<meta property=\"og:image:width\" content=\"1728\" \/>\n\t<meta property=\"og:image:height\" content=\"576\" \/>\n\t<meta property=\"og:image:type\" content=\"image\/jpeg\" \/>\n<meta name=\"twitter:card\" content=\"summary_large_image\" \/>\n<meta name=\"twitter:site\" content=\"@Manurefetisch\" \/>\n<script type=\"application\/ld+json\" class=\"yoast-schema-graph\">{\"@context\":\"https:\/\/schema.org\",\"@graph\":[{\"@type\":\"WebPage\",\"@id\":\"https:\/\/manurefetish.com\/shop\/women\/rada-brewer-sexy-in-the-pit\/\",\"url\":\"https:\/\/manurefetish.com\/shop\/women\/rada-brewer-sexy-in-the-pit\/\",\"name\":\"Rada Brewer Sexy In The Pit - ManureFetish - Disney Scat Princess Porn\",\"isPartOf\":{\"@id\":\"https:\/\/manurefetish.com\/#website\"},\"primaryImageOfPage\":{\"@id\":\"https:\/\/manurefetish.com\/shop\/women\/rada-brewer-sexy-in-the-pit\/#primaryimage\"},\"image\":{\"@id\":\"https:\/\/manurefetish.com\/shop\/women\/rada-brewer-sexy-in-the-pit\/#primaryimage\"},\"thumbnailUrl\":\"https:\/\/manurefetish.b-cdn.net\/wp-content\/uploads\/2024\/04\/Rada-Brewer-Sexy-in-the-Pit-2.jpg\",\"datePublished\":\"2024-04-07T04:00:48+00:00\",\"dateModified\":\"2025-12-29T19:04:46+00:00\",\"description\":\"Arielle The Little Dungmaid, she awakens in the large manure pit and has legs, she is lost in there untill some kind men find and help her.\",\"breadcrumb\":{\"@id\":\"https:\/\/manurefetish.com\/shop\/women\/rada-brewer-sexy-in-the-pit\/#breadcrumb\"},\"inLanguage\":\"es\",\"potentialAction\":[{\"@type\":\"ReadAction\",\"target\":[\"https:\/\/manurefetish.com\/shop\/women\/rada-brewer-sexy-in-the-pit\/\"]}]},{\"@type\":\"ImageObject\",\"inLanguage\":\"es\",\"@id\":\"https:\/\/manurefetish.com\/shop\/women\/rada-brewer-sexy-in-the-pit\/#primaryimage\",\"url\":\"https:\/\/manurefetish.b-cdn.net\/wp-content\/uploads\/2024\/04\/Rada-Brewer-Sexy-in-the-Pit-2.jpg\",\"contentUrl\":\"https:\/\/manurefetish.b-cdn.net\/wp-content\/uploads\/2024\/04\/Rada-Brewer-Sexy-in-the-Pit-2.jpg\",\"width\":1728,\"height\":576},{\"@type\":\"BreadcrumbList\",\"@id\":\"https:\/\/manurefetish.com\/shop\/women\/rada-brewer-sexy-in-the-pit\/#breadcrumb\",\"itemListElement\":[{\"@type\":\"ListItem\",\"position\":1,\"name\":\"Home\",\"item\":\"https:\/\/manurefetish.com\/\"},{\"@type\":\"ListItem\",\"position\":2,\"name\":\"Shop\",\"item\":\"https:\/\/manurefetish.com\/shop\/\"},{\"@type\":\"ListItem\",\"position\":3,\"name\":\"Rada Brewer Sexy In The Pit\"}]},{\"@type\":\"WebSite\",\"@id\":\"https:\/\/manurefetish.com\/#website\",\"url\":\"https:\/\/manurefetish.com\/\",\"name\":\"ManureFetish\",\"description\":\"ManureFetish Shop\",\"publisher\":{\"@id\":\"https:\/\/manurefetish.com\/#organization\"},\"potentialAction\":[{\"@type\":\"SearchAction\",\"target\":{\"@type\":\"EntryPoint\",\"urlTemplate\":\"https:\/\/manurefetish.com\/?s={search_term_string}\"},\"query-input\":{\"@type\":\"PropertyValueSpecification\",\"valueRequired\":true,\"valueName\":\"search_term_string\"}}],\"inLanguage\":\"es\"},{\"@type\":\"Organization\",\"@id\":\"https:\/\/manurefetish.com\/#organization\",\"name\":\"ManureFetish.com\",\"url\":\"https:\/\/manurefetish.com\/\",\"logo\":{\"@type\":\"ImageObject\",\"inLanguage\":\"es\",\"@id\":\"https:\/\/manurefetish.com\/#\/schema\/logo\/image\/\",\"url\":\"https:\/\/manurefetish.com\/wp-content\/uploads\/2019\/06\/1000xmanurefetishcom-michaela-logo-website-shop.png\",\"contentUrl\":\"https:\/\/manurefetish.com\/wp-content\/uploads\/2019\/06\/1000xmanurefetishcom-michaela-logo-website-shop.png\",\"width\":1000,\"height\":632,\"caption\":\"ManureFetish.com\"},\"image\":{\"@id\":\"https:\/\/manurefetish.com\/#\/schema\/logo\/image\/\"},\"sameAs\":[\"https:\/\/www.facebook.com\/manurefetish\/\",\"https:\/\/x.com\/Manurefetisch\",\"https:\/\/www.youtube.com\/c\/ManureFetish\"],\"description\":\"We're creating various fetish content with female and male models alike.\",\"foundingDate\":\"2019-07-04\",\"vatID\":\"DE366928521\",\"numberOfEmployees\":{\"@type\":\"QuantitativeValue\",\"minValue\":\"1\",\"maxValue\":\"10\"}}]}<\/script>\n<meta property=\"og:availability\" content=\"instock\" \/>\n<meta property=\"product:availability\" content=\"instock\" \/>\n<meta property=\"product:retailer_item_id\" content=\"MFW-RBSITP\" \/>\n<meta property=\"product:condition\" content=\"new\" \/>\n<!-- \/ Yoast SEO Premium plugin. -->","yoast_head_json":{"title":"Rada Brewer Sexy En La Fosa - ManureFetish - Disney Scat Princesa Porno","description":"Arielle La Sirenita Esti\u00e9rcol, se despierta en el gran pozo de esti\u00e9rcol y tiene piernas, se pierde all\u00ed dentro hasta que unos bondadosos hombres la encuentran y la ayudan.","robots":{"index":"index","follow":"follow","max-snippet":"max-snippet:-1","max-image-preview":"max-image-preview:large","max-video-preview":"max-video-preview:-1"},"canonical":"https:\/\/manurefetish.com\/es\/shop\/women\/rada-brewer-sexy-in-the-pit\/","og_locale":"es_ES","og_type":"article","og_title":"Rada Brewer Sexy In The Pit","og_description":"Arielle The Little Dungmaid, she awakens in the large manure pit and has legs, she is lost in there untill some kind men find and help her.","og_url":"https:\/\/manurefetish.com\/es\/shop\/women\/rada-brewer-sexy-in-the-pit\/","og_site_name":"ManureFetish","article_publisher":"https:\/\/www.facebook.com\/manurefetish\/","article_modified_time":"2025-12-29T19:04:46+00:00","og_image":[{"width":1728,"height":576,"url":"https:\/\/manurefetish.com\/wp-content\/uploads\/2024\/04\/Rada-Brewer-Sexy-in-the-Pit-2.jpg","type":"image\/jpeg"}],"twitter_card":"summary_large_image","twitter_site":"@Manurefetisch","schema":{"@context":"https:\/\/schema.org","@graph":[{"@type":"WebPage","@id":"https:\/\/manurefetish.com\/shop\/women\/rada-brewer-sexy-in-the-pit\/","url":"https:\/\/manurefetish.com\/shop\/women\/rada-brewer-sexy-in-the-pit\/","name":"Rada Brewer Sexy En La Fosa - ManureFetish - Disney Scat Princesa Porno","isPartOf":{"@id":"https:\/\/manurefetish.com\/#website"},"primaryImageOfPage":{"@id":"https:\/\/manurefetish.com\/shop\/women\/rada-brewer-sexy-in-the-pit\/#primaryimage"},"image":{"@id":"https:\/\/manurefetish.com\/shop\/women\/rada-brewer-sexy-in-the-pit\/#primaryimage"},"thumbnailUrl":"https:\/\/manurefetish.b-cdn.net\/wp-content\/uploads\/2024\/04\/Rada-Brewer-Sexy-in-the-Pit-2.jpg","datePublished":"2024-04-07T04:00:48+00:00","dateModified":"2025-12-29T19:04:46+00:00","description":"Arielle La Sirenita Esti\u00e9rcol, se despierta en el gran pozo de esti\u00e9rcol y tiene piernas, se pierde all\u00ed dentro hasta que unos bondadosos hombres la encuentran y la ayudan.","breadcrumb":{"@id":"https:\/\/manurefetish.com\/shop\/women\/rada-brewer-sexy-in-the-pit\/#breadcrumb"},"inLanguage":"es","potentialAction":[{"@type":"ReadAction","target":["https:\/\/manurefetish.com\/shop\/women\/rada-brewer-sexy-in-the-pit\/"]}]},{"@type":"ImageObject","inLanguage":"es","@id":"https:\/\/manurefetish.com\/shop\/women\/rada-brewer-sexy-in-the-pit\/#primaryimage","url":"https:\/\/manurefetish.b-cdn.net\/wp-content\/uploads\/2024\/04\/Rada-Brewer-Sexy-in-the-Pit-2.jpg","contentUrl":"https:\/\/manurefetish.b-cdn.net\/wp-content\/uploads\/2024\/04\/Rada-Brewer-Sexy-in-the-Pit-2.jpg","width":1728,"height":576},{"@type":"BreadcrumbList","@id":"https:\/\/manurefetish.com\/shop\/women\/rada-brewer-sexy-in-the-pit\/#breadcrumb","itemListElement":[{"@type":"ListItem","position":1,"name":"Home","item":"https:\/\/manurefetish.com\/"},{"@type":"ListItem","position":2,"name":"Shop","item":"https:\/\/manurefetish.com\/shop\/"},{"@type":"ListItem","position":3,"name":"Rada Brewer Sexy In The Pit"}]},{"@type":"WebSite","@id":"https:\/\/manurefetish.com\/#website","url":"https:\/\/manurefetish.com\/","name":"ManureFetish","description":"ManureFetish","publisher":{"@id":"https:\/\/manurefetish.com\/#organization"},"potentialAction":[{"@type":"SearchAction","target":{"@type":"EntryPoint","urlTemplate":"https:\/\/manurefetish.com\/?s={search_term_string}"},"query-input":{"@type":"PropertyValueSpecification","valueRequired":true,"valueName":"search_term_string"}}],"inLanguage":"es"},{"@type":"Organization","@id":"https:\/\/manurefetish.com\/#organization","name":"ManureFetish.com","url":"https:\/\/manurefetish.com\/","logo":{"@type":"ImageObject","inLanguage":"es","@id":"https:\/\/manurefetish.com\/#\/schema\/logo\/image\/","url":"https:\/\/manurefetish.com\/wp-content\/uploads\/2019\/06\/1000xmanurefetishcom-michaela-logo-website-shop.png","contentUrl":"https:\/\/manurefetish.com\/wp-content\/uploads\/2019\/06\/1000xmanurefetishcom-michaela-logo-website-shop.png","width":1000,"height":632,"caption":"ManureFetish.com"},"image":{"@id":"https:\/\/manurefetish.com\/#\/schema\/logo\/image\/"},"sameAs":["https:\/\/www.facebook.com\/manurefetish\/","https:\/\/x.com\/Manurefetisch","https:\/\/www.youtube.com\/c\/ManureFetish"],"description":"Estamos creando diversos contenidos fetichistas con modelos femeninos y masculinos por igual.","foundingDate":"2019-07-04","vatID":"DE366928521","numberOfEmployees":{"@type":"QuantitativeValue","minValue":"1","maxValue":"10"}}]},"og_availability":"instock","product_availability":"instock","product_retailer_item_id":"MFW-RBSITP","product_condition":"new"},"_links":{"self":[{"href":"https:\/\/manurefetish.com\/es\/wp-json\/wp\/v2\/product\/109490","targetHints":{"allow":["GET"]}}],"collection":[{"href":"https:\/\/manurefetish.com\/es\/wp-json\/wp\/v2\/product"}],"about":[{"href":"https:\/\/manurefetish.com\/es\/wp-json\/wp\/v2\/types\/product"}],"replies":[{"embeddable":true,"href":"https:\/\/manurefetish.com\/es\/wp-json\/wp\/v2\/comments?post=109490"}],"version-history":[{"count":0,"href":"https:\/\/manurefetish.com\/es\/wp-json\/wp\/v2\/product\/109490\/revisions"}],"wp:featuredmedia":[{"embeddable":true,"href":"https:\/\/manurefetish.com\/es\/wp-json\/wp\/v2\/media\/199174"}],"wp:attachment":[{"href":"https:\/\/manurefetish.com\/es\/wp-json\/wp\/v2\/media?parent=109490"}],"wp:term":[{"taxonomy":"product_brand","embeddable":true,"href":"https:\/\/manurefetish.com\/es\/wp-json\/wp\/v2\/product_brand?post=109490"},{"taxonomy":"product_cat","embeddable":true,"href":"https:\/\/manurefetish.com\/es\/wp-json\/wp\/v2\/product_cat?post=109490"},{"taxonomy":"product_tag","embeddable":true,"href":"https:\/\/manurefetish.com\/es\/wp-json\/wp\/v2\/product_tag?post=109490"}],"curies":[{"name":"wp","href":"https:\/\/api.w.org\/{rel}","templated":true}]}}