{"id":108543,"date":"2024-02-19T18:18:32","date_gmt":"2024-02-19T17:18:32","guid":{"rendered":"https:\/\/manurefetish.com\/?post_type=product&#038;p=108543"},"modified":"2026-03-24T15:26:50","modified_gmt":"2026-03-24T14:26:50","slug":"diving-in-the-manure-pit","status":"publish","type":"product","link":"https:\/\/manurefetish.com\/es\/shop\/videos\/diving-in-the-manure-pit\/","title":{"rendered":"Bucear en la fosa de esti\u00e9rcol"},"content":{"rendered":"<p><span style=\"font-weight: 400;\">Lyndra Lynn is back at her favorite pool, the large manure pit right next to the cowshed. Today she\u2019s wearing her swimsuit because she wants to swim a few laps and dive a little bit.<br \/>\nShe climbs down the ladder and as Lyndra reaches the bottom where the creamy cow dung is, she starts to smear a bit on herself. Then she climbs completely down, Lyndra is now to her hips in the creamy cow dung.<br \/>\nShe takes a small leap forwards and begins to swim, after a few meters she stops, because she got already horny, so she begins to rub her pussy through the swimsuit. Then she continues to swim her lap. After another few meters she begins to masturbate again, then she sees the floating mattress on the other side, where she swims over to it. She climbs on the mattress and begins to finger her pussy in different positions. Then she hears a sound from the pipe connecting the cowshed and the manure pit, she quickly goes over there, just in the right moment as the fresh cow dung from the cowshed comes out of the pipe. She\u2019s sitting under the pipe as the massive amount of manure gives her a nice shower. Now she begins to swim again and jumps from the mattress and in between Lyndra is also diving through the thicc manure while she always stops to masturbate in between.<\/span><\/p>","protected":false},"excerpt":{"rendered":"<p>Lyndra Lynn is back at her favorite pool, the large manure pit right next to the cowshed. Today she\u2019s wearing her swimsuit because she wants to swim a few laps and dive a little bit. She climbs down the ladder and as Lyndra reaches the bottom where the creamy cow dung is, she starts to [&hellip;]<\/p>\n","protected":false},"featured_media":199181,"comment_status":"open","ping_status":"closed","template":"","meta":{"_acf_changed":false,"site-sidebar-layout":"default","site-content-layout":"","ast-site-content-layout":"default","site-content-style":"default","site-sidebar-style":"default","ast-global-header-display":"","ast-banner-title-visibility":"","ast-main-header-display":"","ast-hfb-above-header-display":"","ast-hfb-below-header-display":"","ast-hfb-mobile-header-display":"","site-post-title":"","ast-breadcrumbs-content":"","ast-featured-img":"","footer-sml-layout":"","ast-disable-related-posts":"","theme-transparent-header-meta":"default","adv-header-id-meta":"","stick-header-meta":"","header-above-stick-meta":"","header-main-stick-meta":"","header-below-stick-meta":"","astra-migrate-meta-layouts":"set","ast-page-background-enabled":"default","ast-page-background-meta":{"desktop":{"background-color":"var(--ast-global-color-4)","background-image":"","background-repeat":"repeat","background-position":"center center","background-size":"auto","background-attachment":"scroll","background-type":"","background-media":"","overlay-type":"","overlay-color":"","overlay-opacity":"","overlay-gradient":""},"tablet":{"background-color":"","background-image":"","background-repeat":"repeat","background-position":"center center","background-size":"auto","background-attachment":"scroll","background-type":"","background-media":"","overlay-type":"","overlay-color":"","overlay-opacity":"","overlay-gradient":""},"mobile":{"background-color":"","background-image":"","background-repeat":"repeat","background-position":"center center","background-size":"auto","background-attachment":"scroll","background-type":"","background-media":"","overlay-type":"","overlay-color":"","overlay-opacity":"","overlay-gradient":""}},"ast-content-background-meta":{"desktop":{"background-color":"var(--ast-global-color-5)","background-image":"","background-repeat":"repeat","background-position":"center center","background-size":"auto","background-attachment":"scroll","background-type":"","background-media":"","overlay-type":"","overlay-color":"","overlay-opacity":"","overlay-gradient":""},"tablet":{"background-color":"var(--ast-global-color-5)","background-image":"","background-repeat":"repeat","background-position":"center center","background-size":"auto","background-attachment":"scroll","background-type":"","background-media":"","overlay-type":"","overlay-color":"","overlay-opacity":"","overlay-gradient":""},"mobile":{"background-color":"var(--ast-global-color-5)","background-image":"","background-repeat":"repeat","background-position":"center center","background-size":"auto","background-attachment":"scroll","background-type":"","background-media":"","overlay-type":"","overlay-color":"","overlay-opacity":"","overlay-gradient":""}}},"product_brand":[],"product_cat":[4470],"product_tag":[17,317,318,2621,316,64,4035,3933,3030,20,2624,3523,2419,2841,18,51,2285,2206,2629,3174,65,35,32,3881,2650,4482,24,3566,2832,29,2363,3623,2368,3233],"class_list":{"0":"post-108543","1":"product","2":"type-product","3":"status-publish","4":"has-post-thumbnail","6":"product_cat-videos","7":"product_tag-anal","8":"product_tag-asshole","9":"product_tag-boobs","10":"product_tag-cow-dung","11":"product_tag-cunt","12":"product_tag-dildo","13":"product_tag-diving","14":"product_tag-doggystyle","15":"product_tag-download","16":"product_tag-dung","17":"product_tag-farm","18":"product_tag-fingering","19":"product_tag-full-hd","20":"product_tag-lyndra-lynn","21":"product_tag-manure","22":"product_tag-manure-pit","23":"product_tag-masturbate","24":"product_tag-masturbation","25":"product_tag-messy","26":"product_tag-missionary","27":"product_tag-naked","28":"product_tag-orgasm","29":"product_tag-pussy","30":"product_tag-season-4","31":"product_tag-sensual","32":"product_tag-sex-in-cowshit","33":"product_tag-slurry","34":"product_tag-slurry-pit","35":"product_tag-smearing","36":"product_tag-submerging","37":"product_tag-swimming","38":"product_tag-swimsuit","39":"product_tag-ultra-hd","40":"product_tag-waifu","41":"pa_audio-info-stereo","42":"pa_format-mp4","43":"pa_length-45-minutes","44":"pa_product-type-digital-download-full-hd-video","45":"pa_product-type-digital-download-ultra-hd-video","46":"pa_product-type-usb-stick","47":"pa_size-fhd-8-37-gb","48":"pa_size-uhd-15-1-gb","49":"pa_video-info-full-hd-1920x1080p","50":"pa_video-info-ultra-hd-4k","51":"desktop-align-center","52":"tablet-align-left","53":"mobile-align-left","55":"first","56":"instock","57":"shipping-taxable","58":"purchasable","59":"product-type-variable"},"exclude_global_add_ons":[],"addons":[],"acf":[],"yoast_head":"<!-- This site is optimized with the Yoast SEO Premium plugin v27.1 (Yoast SEO v27.1.1) - https:\/\/yoast.com\/product\/yoast-seo-premium-wordpress\/ -->\n<title>Diving in the Manure Pit - ManureFetish - Hot girl swims in cowshit<\/title>\n<meta name=\"description\" content=\"Diving in the Manure Pit, Lyndra Lynn swims and submerges in the large slurry pit full of creamy cowshit she also masturbates to an nice orgasm.\" \/>\n<meta name=\"robots\" content=\"index, follow, max-snippet:-1, max-image-preview:large, max-video-preview:-1\" \/>\n<link rel=\"canonical\" href=\"https:\/\/manurefetish.com\/es\/shop\/videos\/diving-in-the-manure-pit\/\" \/>\n<meta property=\"og:locale\" content=\"es_ES\" \/>\n<meta property=\"og:type\" content=\"article\" \/>\n<meta property=\"og:title\" content=\"Diving in the Manure Pit\" \/>\n<meta property=\"og:description\" content=\"Diving in the Manure Pit, Lyndra Lynn swims and submerges in the large slurry pit full of creamy cowshit she also masturbates to an nice orgasm.\" \/>\n<meta property=\"og:url\" content=\"https:\/\/manurefetish.com\/es\/shop\/videos\/diving-in-the-manure-pit\/\" \/>\n<meta property=\"og:site_name\" content=\"ManureFetish\" \/>\n<meta property=\"article:publisher\" content=\"https:\/\/www.facebook.com\/manurefetish\/\" \/>\n<meta property=\"article:modified_time\" content=\"2026-03-24T14:26:50+00:00\" \/>\n<meta property=\"og:image\" content=\"https:\/\/manurefetish.com\/wp-content\/uploads\/2024\/02\/Lyndra-Lynn-Swimming-in-the-Manure-Pit.jpg\" \/>\n\t<meta property=\"og:image:width\" content=\"1728\" \/>\n\t<meta property=\"og:image:height\" content=\"576\" \/>\n\t<meta property=\"og:image:type\" content=\"image\/jpeg\" \/>\n<meta name=\"twitter:card\" content=\"summary_large_image\" \/>\n<meta name=\"twitter:site\" content=\"@Manurefetisch\" \/>\n<script type=\"application\/ld+json\" class=\"yoast-schema-graph\">{\"@context\":\"https:\/\/schema.org\",\"@graph\":[{\"@type\":\"WebPage\",\"@id\":\"https:\/\/manurefetish.com\/shop\/videos\/diving-in-the-manure-pit\/\",\"url\":\"https:\/\/manurefetish.com\/shop\/videos\/diving-in-the-manure-pit\/\",\"name\":\"Diving in the Manure Pit - ManureFetish - Hot girl swims in cowshit\",\"isPartOf\":{\"@id\":\"https:\/\/manurefetish.com\/#website\"},\"primaryImageOfPage\":{\"@id\":\"https:\/\/manurefetish.com\/shop\/videos\/diving-in-the-manure-pit\/#primaryimage\"},\"image\":{\"@id\":\"https:\/\/manurefetish.com\/shop\/videos\/diving-in-the-manure-pit\/#primaryimage\"},\"thumbnailUrl\":\"https:\/\/manurefetish.b-cdn.net\/wp-content\/uploads\/2024\/02\/Lyndra-Lynn-Swimming-in-the-Manure-Pit.jpg\",\"datePublished\":\"2024-02-19T17:18:32+00:00\",\"dateModified\":\"2026-03-24T14:26:50+00:00\",\"description\":\"Diving in the Manure Pit, Lyndra Lynn swims and submerges in the large slurry pit full of creamy cowshit she also masturbates to an nice orgasm.\",\"breadcrumb\":{\"@id\":\"https:\/\/manurefetish.com\/shop\/videos\/diving-in-the-manure-pit\/#breadcrumb\"},\"inLanguage\":\"es\",\"potentialAction\":[{\"@type\":\"ReadAction\",\"target\":[\"https:\/\/manurefetish.com\/shop\/videos\/diving-in-the-manure-pit\/\"]}]},{\"@type\":\"ImageObject\",\"inLanguage\":\"es\",\"@id\":\"https:\/\/manurefetish.com\/shop\/videos\/diving-in-the-manure-pit\/#primaryimage\",\"url\":\"https:\/\/manurefetish.b-cdn.net\/wp-content\/uploads\/2024\/02\/Lyndra-Lynn-Swimming-in-the-Manure-Pit.jpg\",\"contentUrl\":\"https:\/\/manurefetish.b-cdn.net\/wp-content\/uploads\/2024\/02\/Lyndra-Lynn-Swimming-in-the-Manure-Pit.jpg\",\"width\":1728,\"height\":576},{\"@type\":\"BreadcrumbList\",\"@id\":\"https:\/\/manurefetish.com\/shop\/videos\/diving-in-the-manure-pit\/#breadcrumb\",\"itemListElement\":[{\"@type\":\"ListItem\",\"position\":1,\"name\":\"Home\",\"item\":\"https:\/\/manurefetish.com\/\"},{\"@type\":\"ListItem\",\"position\":2,\"name\":\"Shop\",\"item\":\"https:\/\/manurefetish.com\/shop\/\"},{\"@type\":\"ListItem\",\"position\":3,\"name\":\"Videos\",\"item\":\"https:\/\/manurefetish.com\/product-category\/videos\/\"},{\"@type\":\"ListItem\",\"position\":4,\"name\":\"Diving in the Manure Pit\"}]},{\"@type\":\"WebSite\",\"@id\":\"https:\/\/manurefetish.com\/#website\",\"url\":\"https:\/\/manurefetish.com\/\",\"name\":\"ManureFetish\",\"description\":\"ManureFetish Shop\",\"publisher\":{\"@id\":\"https:\/\/manurefetish.com\/#organization\"},\"potentialAction\":[{\"@type\":\"SearchAction\",\"target\":{\"@type\":\"EntryPoint\",\"urlTemplate\":\"https:\/\/manurefetish.com\/?s={search_term_string}\"},\"query-input\":{\"@type\":\"PropertyValueSpecification\",\"valueRequired\":true,\"valueName\":\"search_term_string\"}}],\"inLanguage\":\"es\"},{\"@type\":\"Organization\",\"@id\":\"https:\/\/manurefetish.com\/#organization\",\"name\":\"ManureFetish.com\",\"url\":\"https:\/\/manurefetish.com\/\",\"logo\":{\"@type\":\"ImageObject\",\"inLanguage\":\"es\",\"@id\":\"https:\/\/manurefetish.com\/#\/schema\/logo\/image\/\",\"url\":\"https:\/\/manurefetish.com\/wp-content\/uploads\/2019\/06\/1000xmanurefetishcom-michaela-logo-website-shop.png\",\"contentUrl\":\"https:\/\/manurefetish.com\/wp-content\/uploads\/2019\/06\/1000xmanurefetishcom-michaela-logo-website-shop.png\",\"width\":1000,\"height\":632,\"caption\":\"ManureFetish.com\"},\"image\":{\"@id\":\"https:\/\/manurefetish.com\/#\/schema\/logo\/image\/\"},\"sameAs\":[\"https:\/\/www.facebook.com\/manurefetish\/\",\"https:\/\/x.com\/Manurefetisch\",\"https:\/\/www.youtube.com\/c\/ManureFetish\"],\"description\":\"We're creating various fetish content with female and male models alike.\",\"foundingDate\":\"2019-07-04\",\"vatID\":\"DE366928521\",\"numberOfEmployees\":{\"@type\":\"QuantitativeValue\",\"minValue\":\"1\",\"maxValue\":\"10\"}}]}<\/script>\n<meta property=\"og:availability\" content=\"instock\" \/>\n<meta property=\"product:availability\" content=\"instock\" \/>\n<meta property=\"product:retailer_item_id\" content=\"MFW-DITMP\" \/>\n<meta property=\"product:condition\" content=\"new\" \/>\n<!-- \/ Yoast SEO Premium plugin. -->","yoast_head_json":{"title":"Buceando en la fosa de esti\u00e9rcol - ManureFetish - Chica caliente nada en mierda de vaca","description":"Buceando en la Fosa de Esti\u00e9rcol, Lyndra Lynn nada y se sumerge en la gran fosa de esti\u00e9rcol llena de cremosa mierda de vaca con la que tambi\u00e9n se masturba hasta alcanzar un agradable orgasmo.","robots":{"index":"index","follow":"follow","max-snippet":"max-snippet:-1","max-image-preview":"max-image-preview:large","max-video-preview":"max-video-preview:-1"},"canonical":"https:\/\/manurefetish.com\/es\/shop\/videos\/diving-in-the-manure-pit\/","og_locale":"es_ES","og_type":"article","og_title":"Diving in the Manure Pit","og_description":"Diving in the Manure Pit, Lyndra Lynn swims and submerges in the large slurry pit full of creamy cowshit she also masturbates to an nice orgasm.","og_url":"https:\/\/manurefetish.com\/es\/shop\/videos\/diving-in-the-manure-pit\/","og_site_name":"ManureFetish","article_publisher":"https:\/\/www.facebook.com\/manurefetish\/","article_modified_time":"2026-03-24T14:26:50+00:00","og_image":[{"width":1728,"height":576,"url":"https:\/\/manurefetish.com\/wp-content\/uploads\/2024\/02\/Lyndra-Lynn-Swimming-in-the-Manure-Pit.jpg","type":"image\/jpeg"}],"twitter_card":"summary_large_image","twitter_site":"@Manurefetisch","schema":{"@context":"https:\/\/schema.org","@graph":[{"@type":"WebPage","@id":"https:\/\/manurefetish.com\/shop\/videos\/diving-in-the-manure-pit\/","url":"https:\/\/manurefetish.com\/shop\/videos\/diving-in-the-manure-pit\/","name":"Buceando en la fosa de esti\u00e9rcol - ManureFetish - Chica caliente nada en mierda de vaca","isPartOf":{"@id":"https:\/\/manurefetish.com\/#website"},"primaryImageOfPage":{"@id":"https:\/\/manurefetish.com\/shop\/videos\/diving-in-the-manure-pit\/#primaryimage"},"image":{"@id":"https:\/\/manurefetish.com\/shop\/videos\/diving-in-the-manure-pit\/#primaryimage"},"thumbnailUrl":"https:\/\/manurefetish.b-cdn.net\/wp-content\/uploads\/2024\/02\/Lyndra-Lynn-Swimming-in-the-Manure-Pit.jpg","datePublished":"2024-02-19T17:18:32+00:00","dateModified":"2026-03-24T14:26:50+00:00","description":"Buceando en la Fosa de Esti\u00e9rcol, Lyndra Lynn nada y se sumerge en la gran fosa de esti\u00e9rcol llena de cremosa mierda de vaca con la que tambi\u00e9n se masturba hasta alcanzar un agradable orgasmo.","breadcrumb":{"@id":"https:\/\/manurefetish.com\/shop\/videos\/diving-in-the-manure-pit\/#breadcrumb"},"inLanguage":"es","potentialAction":[{"@type":"ReadAction","target":["https:\/\/manurefetish.com\/shop\/videos\/diving-in-the-manure-pit\/"]}]},{"@type":"ImageObject","inLanguage":"es","@id":"https:\/\/manurefetish.com\/shop\/videos\/diving-in-the-manure-pit\/#primaryimage","url":"https:\/\/manurefetish.b-cdn.net\/wp-content\/uploads\/2024\/02\/Lyndra-Lynn-Swimming-in-the-Manure-Pit.jpg","contentUrl":"https:\/\/manurefetish.b-cdn.net\/wp-content\/uploads\/2024\/02\/Lyndra-Lynn-Swimming-in-the-Manure-Pit.jpg","width":1728,"height":576},{"@type":"BreadcrumbList","@id":"https:\/\/manurefetish.com\/shop\/videos\/diving-in-the-manure-pit\/#breadcrumb","itemListElement":[{"@type":"ListItem","position":1,"name":"Home","item":"https:\/\/manurefetish.com\/"},{"@type":"ListItem","position":2,"name":"Shop","item":"https:\/\/manurefetish.com\/shop\/"},{"@type":"ListItem","position":3,"name":"Videos","item":"https:\/\/manurefetish.com\/product-category\/videos\/"},{"@type":"ListItem","position":4,"name":"Diving in the Manure Pit"}]},{"@type":"WebSite","@id":"https:\/\/manurefetish.com\/#website","url":"https:\/\/manurefetish.com\/","name":"ManureFetish","description":"ManureFetish","publisher":{"@id":"https:\/\/manurefetish.com\/#organization"},"potentialAction":[{"@type":"SearchAction","target":{"@type":"EntryPoint","urlTemplate":"https:\/\/manurefetish.com\/?s={search_term_string}"},"query-input":{"@type":"PropertyValueSpecification","valueRequired":true,"valueName":"search_term_string"}}],"inLanguage":"es"},{"@type":"Organization","@id":"https:\/\/manurefetish.com\/#organization","name":"ManureFetish.com","url":"https:\/\/manurefetish.com\/","logo":{"@type":"ImageObject","inLanguage":"es","@id":"https:\/\/manurefetish.com\/#\/schema\/logo\/image\/","url":"https:\/\/manurefetish.com\/wp-content\/uploads\/2019\/06\/1000xmanurefetishcom-michaela-logo-website-shop.png","contentUrl":"https:\/\/manurefetish.com\/wp-content\/uploads\/2019\/06\/1000xmanurefetishcom-michaela-logo-website-shop.png","width":1000,"height":632,"caption":"ManureFetish.com"},"image":{"@id":"https:\/\/manurefetish.com\/#\/schema\/logo\/image\/"},"sameAs":["https:\/\/www.facebook.com\/manurefetish\/","https:\/\/x.com\/Manurefetisch","https:\/\/www.youtube.com\/c\/ManureFetish"],"description":"Estamos creando diversos contenidos fetichistas con modelos femeninos y masculinos por igual.","foundingDate":"2019-07-04","vatID":"DE366928521","numberOfEmployees":{"@type":"QuantitativeValue","minValue":"1","maxValue":"10"}}]},"og_availability":"instock","product_availability":"instock","product_retailer_item_id":"MFW-DITMP","product_condition":"new"},"_links":{"self":[{"href":"https:\/\/manurefetish.com\/es\/wp-json\/wp\/v2\/product\/108543","targetHints":{"allow":["GET"]}}],"collection":[{"href":"https:\/\/manurefetish.com\/es\/wp-json\/wp\/v2\/product"}],"about":[{"href":"https:\/\/manurefetish.com\/es\/wp-json\/wp\/v2\/types\/product"}],"replies":[{"embeddable":true,"href":"https:\/\/manurefetish.com\/es\/wp-json\/wp\/v2\/comments?post=108543"}],"version-history":[{"count":0,"href":"https:\/\/manurefetish.com\/es\/wp-json\/wp\/v2\/product\/108543\/revisions"}],"wp:featuredmedia":[{"embeddable":true,"href":"https:\/\/manurefetish.com\/es\/wp-json\/wp\/v2\/media\/199181"}],"wp:attachment":[{"href":"https:\/\/manurefetish.com\/es\/wp-json\/wp\/v2\/media?parent=108543"}],"wp:term":[{"taxonomy":"product_brand","embeddable":true,"href":"https:\/\/manurefetish.com\/es\/wp-json\/wp\/v2\/product_brand?post=108543"},{"taxonomy":"product_cat","embeddable":true,"href":"https:\/\/manurefetish.com\/es\/wp-json\/wp\/v2\/product_cat?post=108543"},{"taxonomy":"product_tag","embeddable":true,"href":"https:\/\/manurefetish.com\/es\/wp-json\/wp\/v2\/product_tag?post=108543"}],"curies":[{"name":"wp","href":"https:\/\/api.w.org\/{rel}","templated":true}]}}