{"id":108012,"date":"2024-02-01T16:17:51","date_gmt":"2024-02-01T15:17:51","guid":{"rendered":"https:\/\/manurefetish.com\/?post_type=product&#038;p=108012"},"modified":"2026-03-29T21:42:16","modified_gmt":"2026-03-29T19:42:16","slug":"arielle-the-little-dungmaid","status":"publish","type":"product","link":"https:\/\/manurefetish.com\/es\/shop\/videos\/arielle-the-little-dungmaid\/","title":{"rendered":"Arielle La Sirenita"},"content":{"rendered":"<p><span style=\"font-weight: 400;\">Arielle se despierta en el pozo de esti\u00e9rcol, no sabe d\u00f3nde est\u00e1 ni c\u00f3mo ha llegado a las piernas. Vadea entre el esti\u00e9rcol espeso y descuidado hasta que oye que alguien le grita. Hay unos hombres fuera de la fosa. Le preguntan qu\u00e9 hace ah\u00ed abajo y el primer hombre se acerca a ella. \u00c9l, como los dem\u00e1s hombres, se queda at\u00f3nito ante su belleza sin igual y empiezan a besarse. Todos los hombres se sacan la polla y Arielle empieza a chup\u00e1rsela. Luego empiezan a desnudarla y a cubrirla de esti\u00e9rcol de vaca. El primer hombre no puede esperar y empieza a follarse su hermoso y apretado co\u00f1o mientras ella sigue chup\u00e1ndosela a los otros hombres. Se suben al colch\u00f3n flotante donde todos los hombres se turnan para foll\u00e1rsela en distintas posturas. Casi al final, los hombres no pueden aguantar m\u00e1s y se la follan a lo perrito, llenando su dulce co\u00f1o con su semen.<\/span><\/p>","protected":false},"excerpt":{"rendered":"<p>Arielle wakes up in the manure pit, she doesn\u2019t know where she is and how she got legs. She wades through the thick sloppy cow dung till she hears someone shout at her. There are a few men outside of the pit. They ask her what she\u2019s doing down there and the first man approaches [&hellip;]<\/p>\n","protected":false},"featured_media":199182,"comment_status":"open","ping_status":"closed","template":"","meta":{"_acf_changed":false,"site-sidebar-layout":"default","site-content-layout":"","ast-site-content-layout":"default","site-content-style":"default","site-sidebar-style":"default","ast-global-header-display":"","ast-banner-title-visibility":"","ast-main-header-display":"","ast-hfb-above-header-display":"","ast-hfb-below-header-display":"","ast-hfb-mobile-header-display":"","site-post-title":"","ast-breadcrumbs-content":"","ast-featured-img":"","footer-sml-layout":"","ast-disable-related-posts":"","theme-transparent-header-meta":"default","adv-header-id-meta":"","stick-header-meta":"","header-above-stick-meta":"","header-main-stick-meta":"","header-below-stick-meta":"","astra-migrate-meta-layouts":"set","ast-page-background-enabled":"default","ast-page-background-meta":{"desktop":{"background-color":"var(--ast-global-color-4)","background-image":"","background-repeat":"repeat","background-position":"center center","background-size":"auto","background-attachment":"scroll","background-type":"","background-media":"","overlay-type":"","overlay-color":"","overlay-opacity":"","overlay-gradient":""},"tablet":{"background-color":"","background-image":"","background-repeat":"repeat","background-position":"center center","background-size":"auto","background-attachment":"scroll","background-type":"","background-media":"","overlay-type":"","overlay-color":"","overlay-opacity":"","overlay-gradient":""},"mobile":{"background-color":"","background-image":"","background-repeat":"repeat","background-position":"center center","background-size":"auto","background-attachment":"scroll","background-type":"","background-media":"","overlay-type":"","overlay-color":"","overlay-opacity":"","overlay-gradient":""}},"ast-content-background-meta":{"desktop":{"background-color":"var(--ast-global-color-5)","background-image":"","background-repeat":"repeat","background-position":"center center","background-size":"auto","background-attachment":"scroll","background-type":"","background-media":"","overlay-type":"","overlay-color":"","overlay-opacity":"","overlay-gradient":""},"tablet":{"background-color":"var(--ast-global-color-5)","background-image":"","background-repeat":"repeat","background-position":"center center","background-size":"auto","background-attachment":"scroll","background-type":"","background-media":"","overlay-type":"","overlay-color":"","overlay-opacity":"","overlay-gradient":""},"mobile":{"background-color":"var(--ast-global-color-5)","background-image":"","background-repeat":"repeat","background-position":"center center","background-size":"auto","background-attachment":"scroll","background-type":"","background-media":"","overlay-type":"","overlay-color":"","overlay-opacity":"","overlay-gradient":""}}},"product_brand":[],"product_cat":[4470],"product_tag":[17,3980,317,318,2675,2632,66,2508,2631,2281,2842,2621,316,64,3981,3030,2513,2603,3937,56,3982,2624,320,54,2419,2966,18,51,65,35,360,2637,2971,2482,32,3879,3881,4482,3778,3562,3566,2832,2477,2478,319,2368,2676],"class_list":{"0":"post-108012","1":"product","2":"type-product","3":"status-publish","4":"has-post-thumbnail","6":"product_cat-videos","7":"product_tag-anal","8":"product_tag-arielle","9":"product_tag-asshole","10":"product_tag-boobs","11":"product_tag-boots","12":"product_tag-bra","13":"product_tag-clothed","14":"product_tag-clothes","15":"product_tag-completely-covered","16":"product_tag-completely-submerged","17":"product_tag-cosplay","18":"product_tag-cow-dung","19":"product_tag-cunt","20":"product_tag-dildo","21":"product_tag-disney","22":"product_tag-download","23":"product_tag-dress","24":"product_tag-dunghill","25":"product_tag-early-access","26":"product_tag-erotic","27":"product_tag-fantasy","28":"product_tag-farm","29":"product_tag-feet","30":"product_tag-full-covered","31":"product_tag-full-hd","32":"product_tag-gangbang","33":"product_tag-manure","34":"product_tag-manure-pit","35":"product_tag-naked","36":"product_tag-orgasm","37":"product_tag-outdoor","38":"product_tag-panty","39":"product_tag-pee","40":"product_tag-peeing","41":"product_tag-pussy","42":"product_tag-rada-brewer","43":"product_tag-season-4","44":"product_tag-sex-in-cowshit","45":"product_tag-sextoys-2","46":"product_tag-sexy","47":"product_tag-slurry-pit","48":"product_tag-smearing","49":"product_tag-squirt","50":"product_tag-squirting","51":"product_tag-tits","52":"product_tag-ultra-hd","53":"product_tag-underwear","54":"pa_audio-info-stereo","55":"pa_format-mp4","56":"pa_length-64-minutes","57":"pa_product-type-digital-download-full-hd-video","58":"pa_product-type-digital-download-ultra-hd-video","59":"pa_product-type-usb-stick","60":"pa_size-fhd-11-9-gb","61":"pa_size-uhd-21-5-gb","62":"pa_video-info-full-hd-1920x1080p","63":"pa_video-info-ultra-hd-4k","64":"desktop-align-center","65":"tablet-align-left","66":"mobile-align-left","68":"first","69":"instock","70":"shipping-taxable","71":"purchasable","72":"product-type-variable","73":"has-default-attributes"},"exclude_global_add_ons":[],"addons":[],"acf":[],"yoast_head":"<!-- This site is optimized with the Yoast SEO Premium plugin v27.1 (Yoast SEO v27.1.1) - https:\/\/yoast.com\/product\/yoast-seo-premium-wordpress\/ -->\n<title>Arielle The Little Dungmaid - ManureFetish - Disney Scat Princess Porn<\/title>\n<meta name=\"description\" content=\"Arielle The Little Dungmaid, she awakens in the large manure pit and has legs, she is lost in there untill some kind men find and help her.\" \/>\n<meta name=\"robots\" content=\"index, follow, max-snippet:-1, max-image-preview:large, max-video-preview:-1\" \/>\n<link rel=\"canonical\" href=\"https:\/\/manurefetish.com\/es\/shop\/videos\/arielle-the-little-dungmaid\/\" \/>\n<meta property=\"og:locale\" content=\"es_ES\" \/>\n<meta property=\"og:type\" content=\"article\" \/>\n<meta property=\"og:title\" content=\"Arielle The Little Dungmaid\" \/>\n<meta property=\"og:description\" content=\"Arielle The Little Dungmaid, she awakens in the large manure pit and has legs, she is lost in there untill some kind men find and help her.\" \/>\n<meta property=\"og:url\" content=\"https:\/\/manurefetish.com\/es\/shop\/videos\/arielle-the-little-dungmaid\/\" \/>\n<meta property=\"og:site_name\" content=\"ManureFetish\" \/>\n<meta property=\"article:publisher\" content=\"https:\/\/www.facebook.com\/manurefetish\/\" \/>\n<meta property=\"article:modified_time\" content=\"2026-03-29T19:42:16+00:00\" \/>\n<meta property=\"og:image\" content=\"https:\/\/manurefetish.com\/wp-content\/uploads\/2024\/02\/Rada-Brewer-Arielle-The-Little-Dungmaid.jpg\" \/>\n\t<meta property=\"og:image:width\" content=\"1728\" \/>\n\t<meta property=\"og:image:height\" content=\"576\" \/>\n\t<meta property=\"og:image:type\" content=\"image\/jpeg\" \/>\n<meta name=\"twitter:card\" content=\"summary_large_image\" \/>\n<meta name=\"twitter:site\" content=\"@Manurefetisch\" \/>\n<script type=\"application\/ld+json\" class=\"yoast-schema-graph\">{\"@context\":\"https:\/\/schema.org\",\"@graph\":[{\"@type\":\"WebPage\",\"@id\":\"https:\/\/manurefetish.com\/shop\/videos\/arielle-the-little-dungmaid\/\",\"url\":\"https:\/\/manurefetish.com\/shop\/videos\/arielle-the-little-dungmaid\/\",\"name\":\"Arielle The Little Dungmaid - ManureFetish - Disney Scat Princess Porn\",\"isPartOf\":{\"@id\":\"https:\/\/manurefetish.com\/#website\"},\"primaryImageOfPage\":{\"@id\":\"https:\/\/manurefetish.com\/shop\/videos\/arielle-the-little-dungmaid\/#primaryimage\"},\"image\":{\"@id\":\"https:\/\/manurefetish.com\/shop\/videos\/arielle-the-little-dungmaid\/#primaryimage\"},\"thumbnailUrl\":\"https:\/\/manurefetish.b-cdn.net\/wp-content\/uploads\/2024\/02\/Rada-Brewer-Arielle-The-Little-Dungmaid.jpg\",\"datePublished\":\"2024-02-01T15:17:51+00:00\",\"dateModified\":\"2026-03-29T19:42:16+00:00\",\"description\":\"Arielle The Little Dungmaid, she awakens in the large manure pit and has legs, she is lost in there untill some kind men find and help her.\",\"breadcrumb\":{\"@id\":\"https:\/\/manurefetish.com\/shop\/videos\/arielle-the-little-dungmaid\/#breadcrumb\"},\"inLanguage\":\"es\",\"potentialAction\":[{\"@type\":\"ReadAction\",\"target\":[\"https:\/\/manurefetish.com\/shop\/videos\/arielle-the-little-dungmaid\/\"]}]},{\"@type\":\"ImageObject\",\"inLanguage\":\"es\",\"@id\":\"https:\/\/manurefetish.com\/shop\/videos\/arielle-the-little-dungmaid\/#primaryimage\",\"url\":\"https:\/\/manurefetish.b-cdn.net\/wp-content\/uploads\/2024\/02\/Rada-Brewer-Arielle-The-Little-Dungmaid.jpg\",\"contentUrl\":\"https:\/\/manurefetish.b-cdn.net\/wp-content\/uploads\/2024\/02\/Rada-Brewer-Arielle-The-Little-Dungmaid.jpg\",\"width\":1728,\"height\":576},{\"@type\":\"BreadcrumbList\",\"@id\":\"https:\/\/manurefetish.com\/shop\/videos\/arielle-the-little-dungmaid\/#breadcrumb\",\"itemListElement\":[{\"@type\":\"ListItem\",\"position\":1,\"name\":\"Home\",\"item\":\"https:\/\/manurefetish.com\/\"},{\"@type\":\"ListItem\",\"position\":2,\"name\":\"Shop\",\"item\":\"https:\/\/manurefetish.com\/shop\/\"},{\"@type\":\"ListItem\",\"position\":3,\"name\":\"Videos\",\"item\":\"https:\/\/manurefetish.com\/product-category\/videos\/\"},{\"@type\":\"ListItem\",\"position\":4,\"name\":\"Arielle The Little Dungmaid\"}]},{\"@type\":\"WebSite\",\"@id\":\"https:\/\/manurefetish.com\/#website\",\"url\":\"https:\/\/manurefetish.com\/\",\"name\":\"ManureFetish\",\"description\":\"ManureFetish Shop\",\"publisher\":{\"@id\":\"https:\/\/manurefetish.com\/#organization\"},\"potentialAction\":[{\"@type\":\"SearchAction\",\"target\":{\"@type\":\"EntryPoint\",\"urlTemplate\":\"https:\/\/manurefetish.com\/?s={search_term_string}\"},\"query-input\":{\"@type\":\"PropertyValueSpecification\",\"valueRequired\":true,\"valueName\":\"search_term_string\"}}],\"inLanguage\":\"es\"},{\"@type\":\"Organization\",\"@id\":\"https:\/\/manurefetish.com\/#organization\",\"name\":\"ManureFetish.com\",\"url\":\"https:\/\/manurefetish.com\/\",\"logo\":{\"@type\":\"ImageObject\",\"inLanguage\":\"es\",\"@id\":\"https:\/\/manurefetish.com\/#\/schema\/logo\/image\/\",\"url\":\"https:\/\/manurefetish.com\/wp-content\/uploads\/2019\/06\/1000xmanurefetishcom-michaela-logo-website-shop.png\",\"contentUrl\":\"https:\/\/manurefetish.com\/wp-content\/uploads\/2019\/06\/1000xmanurefetishcom-michaela-logo-website-shop.png\",\"width\":1000,\"height\":632,\"caption\":\"ManureFetish.com\"},\"image\":{\"@id\":\"https:\/\/manurefetish.com\/#\/schema\/logo\/image\/\"},\"sameAs\":[\"https:\/\/www.facebook.com\/manurefetish\/\",\"https:\/\/x.com\/Manurefetisch\",\"https:\/\/www.youtube.com\/c\/ManureFetish\"],\"description\":\"We're creating various fetish content with female and male models alike.\",\"foundingDate\":\"2019-07-04\",\"vatID\":\"DE366928521\",\"numberOfEmployees\":{\"@type\":\"QuantitativeValue\",\"minValue\":\"1\",\"maxValue\":\"10\"}}]}<\/script>\n<meta property=\"og:availability\" content=\"instock\" \/>\n<meta property=\"product:availability\" content=\"instock\" \/>\n<meta property=\"product:retailer_item_id\" content=\"MFW-ATLDM\" \/>\n<meta property=\"product:condition\" content=\"new\" \/>\n<!-- \/ Yoast SEO Premium plugin. -->","yoast_head_json":{"title":"Arielle La Sirenita - ManureFetish - Porno de Princesas Disney Scat","description":"Arielle La Sirenita Esti\u00e9rcol, se despierta en el gran pozo de esti\u00e9rcol y tiene piernas, se pierde all\u00ed dentro hasta que unos bondadosos hombres la encuentran y la ayudan.","robots":{"index":"index","follow":"follow","max-snippet":"max-snippet:-1","max-image-preview":"max-image-preview:large","max-video-preview":"max-video-preview:-1"},"canonical":"https:\/\/manurefetish.com\/es\/shop\/videos\/arielle-the-little-dungmaid\/","og_locale":"es_ES","og_type":"article","og_title":"Arielle The Little Dungmaid","og_description":"Arielle The Little Dungmaid, she awakens in the large manure pit and has legs, she is lost in there untill some kind men find and help her.","og_url":"https:\/\/manurefetish.com\/es\/shop\/videos\/arielle-the-little-dungmaid\/","og_site_name":"ManureFetish","article_publisher":"https:\/\/www.facebook.com\/manurefetish\/","article_modified_time":"2026-03-29T19:42:16+00:00","og_image":[{"width":1728,"height":576,"url":"https:\/\/manurefetish.com\/wp-content\/uploads\/2024\/02\/Rada-Brewer-Arielle-The-Little-Dungmaid.jpg","type":"image\/jpeg"}],"twitter_card":"summary_large_image","twitter_site":"@Manurefetisch","schema":{"@context":"https:\/\/schema.org","@graph":[{"@type":"WebPage","@id":"https:\/\/manurefetish.com\/shop\/videos\/arielle-the-little-dungmaid\/","url":"https:\/\/manurefetish.com\/shop\/videos\/arielle-the-little-dungmaid\/","name":"Arielle La Sirenita - ManureFetish - Porno de Princesas Disney Scat","isPartOf":{"@id":"https:\/\/manurefetish.com\/#website"},"primaryImageOfPage":{"@id":"https:\/\/manurefetish.com\/shop\/videos\/arielle-the-little-dungmaid\/#primaryimage"},"image":{"@id":"https:\/\/manurefetish.com\/shop\/videos\/arielle-the-little-dungmaid\/#primaryimage"},"thumbnailUrl":"https:\/\/manurefetish.b-cdn.net\/wp-content\/uploads\/2024\/02\/Rada-Brewer-Arielle-The-Little-Dungmaid.jpg","datePublished":"2024-02-01T15:17:51+00:00","dateModified":"2026-03-29T19:42:16+00:00","description":"Arielle La Sirenita Esti\u00e9rcol, se despierta en el gran pozo de esti\u00e9rcol y tiene piernas, se pierde all\u00ed dentro hasta que unos bondadosos hombres la encuentran y la ayudan.","breadcrumb":{"@id":"https:\/\/manurefetish.com\/shop\/videos\/arielle-the-little-dungmaid\/#breadcrumb"},"inLanguage":"es","potentialAction":[{"@type":"ReadAction","target":["https:\/\/manurefetish.com\/shop\/videos\/arielle-the-little-dungmaid\/"]}]},{"@type":"ImageObject","inLanguage":"es","@id":"https:\/\/manurefetish.com\/shop\/videos\/arielle-the-little-dungmaid\/#primaryimage","url":"https:\/\/manurefetish.b-cdn.net\/wp-content\/uploads\/2024\/02\/Rada-Brewer-Arielle-The-Little-Dungmaid.jpg","contentUrl":"https:\/\/manurefetish.b-cdn.net\/wp-content\/uploads\/2024\/02\/Rada-Brewer-Arielle-The-Little-Dungmaid.jpg","width":1728,"height":576},{"@type":"BreadcrumbList","@id":"https:\/\/manurefetish.com\/shop\/videos\/arielle-the-little-dungmaid\/#breadcrumb","itemListElement":[{"@type":"ListItem","position":1,"name":"Home","item":"https:\/\/manurefetish.com\/"},{"@type":"ListItem","position":2,"name":"Shop","item":"https:\/\/manurefetish.com\/shop\/"},{"@type":"ListItem","position":3,"name":"Videos","item":"https:\/\/manurefetish.com\/product-category\/videos\/"},{"@type":"ListItem","position":4,"name":"Arielle The Little Dungmaid"}]},{"@type":"WebSite","@id":"https:\/\/manurefetish.com\/#website","url":"https:\/\/manurefetish.com\/","name":"ManureFetish","description":"ManureFetish","publisher":{"@id":"https:\/\/manurefetish.com\/#organization"},"potentialAction":[{"@type":"SearchAction","target":{"@type":"EntryPoint","urlTemplate":"https:\/\/manurefetish.com\/?s={search_term_string}"},"query-input":{"@type":"PropertyValueSpecification","valueRequired":true,"valueName":"search_term_string"}}],"inLanguage":"es"},{"@type":"Organization","@id":"https:\/\/manurefetish.com\/#organization","name":"ManureFetish.com","url":"https:\/\/manurefetish.com\/","logo":{"@type":"ImageObject","inLanguage":"es","@id":"https:\/\/manurefetish.com\/#\/schema\/logo\/image\/","url":"https:\/\/manurefetish.com\/wp-content\/uploads\/2019\/06\/1000xmanurefetishcom-michaela-logo-website-shop.png","contentUrl":"https:\/\/manurefetish.com\/wp-content\/uploads\/2019\/06\/1000xmanurefetishcom-michaela-logo-website-shop.png","width":1000,"height":632,"caption":"ManureFetish.com"},"image":{"@id":"https:\/\/manurefetish.com\/#\/schema\/logo\/image\/"},"sameAs":["https:\/\/www.facebook.com\/manurefetish\/","https:\/\/x.com\/Manurefetisch","https:\/\/www.youtube.com\/c\/ManureFetish"],"description":"Estamos creando diversos contenidos fetichistas con modelos femeninos y masculinos por igual.","foundingDate":"2019-07-04","vatID":"DE366928521","numberOfEmployees":{"@type":"QuantitativeValue","minValue":"1","maxValue":"10"}}]},"og_availability":"instock","product_availability":"instock","product_retailer_item_id":"MFW-ATLDM","product_condition":"new"},"_links":{"self":[{"href":"https:\/\/manurefetish.com\/es\/wp-json\/wp\/v2\/product\/108012","targetHints":{"allow":["GET"]}}],"collection":[{"href":"https:\/\/manurefetish.com\/es\/wp-json\/wp\/v2\/product"}],"about":[{"href":"https:\/\/manurefetish.com\/es\/wp-json\/wp\/v2\/types\/product"}],"replies":[{"embeddable":true,"href":"https:\/\/manurefetish.com\/es\/wp-json\/wp\/v2\/comments?post=108012"}],"version-history":[{"count":0,"href":"https:\/\/manurefetish.com\/es\/wp-json\/wp\/v2\/product\/108012\/revisions"}],"wp:featuredmedia":[{"embeddable":true,"href":"https:\/\/manurefetish.com\/es\/wp-json\/wp\/v2\/media\/199182"}],"wp:attachment":[{"href":"https:\/\/manurefetish.com\/es\/wp-json\/wp\/v2\/media?parent=108012"}],"wp:term":[{"taxonomy":"product_brand","embeddable":true,"href":"https:\/\/manurefetish.com\/es\/wp-json\/wp\/v2\/product_brand?post=108012"},{"taxonomy":"product_cat","embeddable":true,"href":"https:\/\/manurefetish.com\/es\/wp-json\/wp\/v2\/product_cat?post=108012"},{"taxonomy":"product_tag","embeddable":true,"href":"https:\/\/manurefetish.com\/es\/wp-json\/wp\/v2\/product_tag?post=108012"}],"curies":[{"name":"wp","href":"https:\/\/api.w.org\/{rel}","templated":true}]}}