{"id":107686,"date":"2023-09-17T16:50:01","date_gmt":"2023-09-17T14:50:01","guid":{"rendered":"https:\/\/manurefetish.com\/?post_type=product&#038;p=107686"},"modified":"2026-03-24T15:32:57","modified_gmt":"2026-03-24T14:32:57","slug":"brooke-maddison-dung-erotica","status":"publish","type":"product","link":"https:\/\/manurefetish.com\/es\/shop\/videos\/brooke-maddison-dung-erotica\/","title":{"rendered":"Brooke Maddison Esti\u00e9rcol Er\u00f3tica"},"content":{"rendered":"<p><span style=\"font-weight: 400;\">Es la primera vez que Brooke Madison entra en el establo. Siempre so\u00f1\u00f3 con ensuciarse en \u00e9l. Lleva puesto su cors\u00e9 de cuero favorito y tacones por encima de la rodilla. Est\u00e1 muy emocionada cuando se acerca al canal del esti\u00e9rcol. Brooke moja la mano en el esti\u00e9rcol de vaca y coge un poco para unt\u00e1rselo primero en las botas. Luego mete los pies con sus bonitas botas en el canal de esti\u00e9rcol. Coge m\u00e1s esti\u00e9rcol y se lo unta en el cors\u00e9 y luego en la cara. Brooke se pone m\u00e1s cachonda cuanto m\u00e1s se cubre con \u00e9l. Coge un poco de esti\u00e9rcol de vaca, se lo pone en las bragas y empieza a masturbarse con \u00e9l. Brooke se da la vuelta para mostrar su incre\u00edble culo y lo cubre con m\u00e1s esti\u00e9rcol. Se desliza lentamente en el canal de esti\u00e9rcol por primera vez y se desata el cors\u00e9 para mostrar sus hermosas tetas. Empieza a cubrirse las tetas con esti\u00e9rcol y a masturbarse en el canal de esti\u00e9rcol. Se tumba boca arriba en el canal de esti\u00e9rcol mientras se masturba y sumerge la cabeza por primera vez mientras tiene su primer orgasmo. Brooke sale del canal de esti\u00e9rcol, ahora completamente cubierta de bosta de vaca, y se quita los pantalones y las botas. Ahora se masturba en varias posturas mientras vuelve a cubrirse con m\u00e1s esti\u00e9rcol. Tiene m\u00faltiples orgasmos mientras disfruta de estar completamente cubierta de todo ese cremoso esti\u00e9rcol, esto es lo que siempre quiso hacer.<\/span><\/p>","protected":false},"excerpt":{"rendered":"<p>It\u2019s Brooke Maddisons first time ever in the cowshed. It was always her dream to get really messy in it. She\u2019s wearing her favorite leather corset and overknee high heels. She is really excited as she approaches the manure channel. Brooke dips her hand in the cow dung and takes a bit to smear it [&hellip;]<\/p>\n","protected":false},"featured_media":199153,"comment_status":"open","ping_status":"closed","template":"","meta":{"_acf_changed":false,"site-sidebar-layout":"default","site-content-layout":"","ast-site-content-layout":"default","site-content-style":"default","site-sidebar-style":"default","ast-global-header-display":"","ast-banner-title-visibility":"","ast-main-header-display":"","ast-hfb-above-header-display":"","ast-hfb-below-header-display":"","ast-hfb-mobile-header-display":"","site-post-title":"","ast-breadcrumbs-content":"","ast-featured-img":"","footer-sml-layout":"","ast-disable-related-posts":"","theme-transparent-header-meta":"default","adv-header-id-meta":"","stick-header-meta":"","header-above-stick-meta":"","header-main-stick-meta":"","header-below-stick-meta":"","astra-migrate-meta-layouts":"set","ast-page-background-enabled":"default","ast-page-background-meta":{"desktop":{"background-color":"var(--ast-global-color-4)","background-image":"","background-repeat":"repeat","background-position":"center center","background-size":"auto","background-attachment":"scroll","background-type":"","background-media":"","overlay-type":"","overlay-color":"","overlay-opacity":"","overlay-gradient":""},"tablet":{"background-color":"","background-image":"","background-repeat":"repeat","background-position":"center center","background-size":"auto","background-attachment":"scroll","background-type":"","background-media":"","overlay-type":"","overlay-color":"","overlay-opacity":"","overlay-gradient":""},"mobile":{"background-color":"","background-image":"","background-repeat":"repeat","background-position":"center center","background-size":"auto","background-attachment":"scroll","background-type":"","background-media":"","overlay-type":"","overlay-color":"","overlay-opacity":"","overlay-gradient":""}},"ast-content-background-meta":{"desktop":{"background-color":"var(--ast-global-color-5)","background-image":"","background-repeat":"repeat","background-position":"center center","background-size":"auto","background-attachment":"scroll","background-type":"","background-media":"","overlay-type":"","overlay-color":"","overlay-opacity":"","overlay-gradient":""},"tablet":{"background-color":"var(--ast-global-color-5)","background-image":"","background-repeat":"repeat","background-position":"center center","background-size":"auto","background-attachment":"scroll","background-type":"","background-media":"","overlay-type":"","overlay-color":"","overlay-opacity":"","overlay-gradient":""},"mobile":{"background-color":"var(--ast-global-color-5)","background-image":"","background-repeat":"repeat","background-position":"center center","background-size":"auto","background-attachment":"scroll","background-type":"","background-media":"","overlay-type":"","overlay-color":"","overlay-opacity":"","overlay-gradient":""}}},"product_brand":[],"product_cat":[4470],"product_tag":[317,3295,318,2675,2632,3952,66,2508,2631,2281,2621,118,316,64,3030,2513,56,320,54,2419,3914,18,52,65,35,3955,3954,2637,32,3881,4482,3778,3562,2832,29,319,2368,2676],"class_list":{"0":"post-107686","1":"product","2":"type-product","3":"status-publish","4":"has-post-thumbnail","6":"product_cat-videos","7":"product_tag-asshole","8":"product_tag-basin","9":"product_tag-boobs","10":"product_tag-boots","11":"product_tag-bra","12":"product_tag-brooke-maddison","13":"product_tag-clothed","14":"product_tag-clothes","15":"product_tag-completely-covered","16":"product_tag-completely-submerged","17":"product_tag-cow-dung","18":"product_tag-cowshed","19":"product_tag-cunt","20":"product_tag-dildo","21":"product_tag-download","22":"product_tag-dress","23":"product_tag-erotic","24":"product_tag-feet","25":"product_tag-full-covered","26":"product_tag-full-hd","27":"product_tag-leather","28":"product_tag-manure","29":"product_tag-manure-channel","30":"product_tag-naked","31":"product_tag-orgasm","32":"product_tag-overknee-2","33":"product_tag-overknee-boots","34":"product_tag-panty","35":"product_tag-pussy","36":"product_tag-season-4","37":"product_tag-sex-in-cowshit","38":"product_tag-sextoys-2","39":"product_tag-sexy","40":"product_tag-smearing","41":"product_tag-submerging","42":"product_tag-tits","43":"product_tag-ultra-hd","44":"product_tag-underwear","45":"pa_audio-info-stereo","46":"pa_format-mp4","47":"pa_length-41-minutes","48":"pa_product-type-digital-download-full-hd-video","49":"pa_product-type-digital-download-ultra-hd-video","50":"pa_product-type-usb-stick","51":"pa_size-fhd-7-65-gb","52":"pa_size-uhd-13-8-gb","53":"pa_video-info-full-hd-1920x1080p","54":"pa_video-info-ultra-hd-4k","55":"desktop-align-center","56":"tablet-align-left","57":"mobile-align-left","59":"first","60":"instock","61":"shipping-taxable","62":"purchasable","63":"product-type-variable","64":"has-default-attributes"},"exclude_global_add_ons":[],"addons":[],"acf":[],"yoast_head":"<!-- This site is optimized with the Yoast SEO Premium plugin v27.1 (Yoast SEO v27.1.1) - https:\/\/yoast.com\/product\/yoast-seo-premium-wordpress\/ -->\n<title>Brooke Maddison Dung Erotica - ManureFetish -<\/title>\n<meta name=\"description\" content=\"Brooke Maddison Dung Erotica, our new British girl who discovers her love for cowshit in the cowshed she delivers an amazing show with her body\" \/>\n<meta name=\"robots\" content=\"index, follow, max-snippet:-1, max-image-preview:large, max-video-preview:-1\" \/>\n<link rel=\"canonical\" href=\"https:\/\/manurefetish.com\/es\/shop\/videos\/brooke-maddison-dung-erotica\/\" \/>\n<meta property=\"og:locale\" content=\"es_ES\" \/>\n<meta property=\"og:type\" content=\"article\" \/>\n<meta property=\"og:title\" content=\"Brooke Maddison Dung Erotica\" \/>\n<meta property=\"og:description\" content=\"Brooke Maddison Dung Erotica, our new British girl who discovers her love for cowshit in the cowshed she delivers an amazing show with her body\" \/>\n<meta property=\"og:url\" content=\"https:\/\/manurefetish.com\/es\/shop\/videos\/brooke-maddison-dung-erotica\/\" \/>\n<meta property=\"og:site_name\" content=\"ManureFetish\" \/>\n<meta property=\"article:publisher\" content=\"https:\/\/www.facebook.com\/manurefetish\/\" \/>\n<meta property=\"article:modified_time\" content=\"2026-03-24T14:32:57+00:00\" \/>\n<meta property=\"og:image\" content=\"https:\/\/manurefetish.com\/wp-content\/uploads\/2023\/09\/Brooke-Maddison-Dung-Erotica-1.jpg\" \/>\n\t<meta property=\"og:image:width\" content=\"1728\" \/>\n\t<meta property=\"og:image:height\" content=\"576\" \/>\n\t<meta property=\"og:image:type\" content=\"image\/jpeg\" \/>\n<meta name=\"twitter:card\" content=\"summary_large_image\" \/>\n<meta name=\"twitter:site\" content=\"@Manurefetisch\" \/>\n<script type=\"application\/ld+json\" class=\"yoast-schema-graph\">{\"@context\":\"https:\/\/schema.org\",\"@graph\":[{\"@type\":\"WebPage\",\"@id\":\"https:\/\/manurefetish.com\/shop\/videos\/brooke-maddison-dung-erotica\/\",\"url\":\"https:\/\/manurefetish.com\/shop\/videos\/brooke-maddison-dung-erotica\/\",\"name\":\"Brooke Maddison Dung Erotica - ManureFetish -\",\"isPartOf\":{\"@id\":\"https:\/\/manurefetish.com\/#website\"},\"primaryImageOfPage\":{\"@id\":\"https:\/\/manurefetish.com\/shop\/videos\/brooke-maddison-dung-erotica\/#primaryimage\"},\"image\":{\"@id\":\"https:\/\/manurefetish.com\/shop\/videos\/brooke-maddison-dung-erotica\/#primaryimage\"},\"thumbnailUrl\":\"https:\/\/manurefetish.b-cdn.net\/wp-content\/uploads\/2023\/09\/Brooke-Maddison-Dung-Erotica-1.jpg\",\"datePublished\":\"2023-09-17T14:50:01+00:00\",\"dateModified\":\"2026-03-24T14:32:57+00:00\",\"description\":\"Brooke Maddison Dung Erotica, our new British girl who discovers her love for cowshit in the cowshed she delivers an amazing show with her body\",\"breadcrumb\":{\"@id\":\"https:\/\/manurefetish.com\/shop\/videos\/brooke-maddison-dung-erotica\/#breadcrumb\"},\"inLanguage\":\"es\",\"potentialAction\":[{\"@type\":\"ReadAction\",\"target\":[\"https:\/\/manurefetish.com\/shop\/videos\/brooke-maddison-dung-erotica\/\"]}]},{\"@type\":\"ImageObject\",\"inLanguage\":\"es\",\"@id\":\"https:\/\/manurefetish.com\/shop\/videos\/brooke-maddison-dung-erotica\/#primaryimage\",\"url\":\"https:\/\/manurefetish.b-cdn.net\/wp-content\/uploads\/2023\/09\/Brooke-Maddison-Dung-Erotica-1.jpg\",\"contentUrl\":\"https:\/\/manurefetish.b-cdn.net\/wp-content\/uploads\/2023\/09\/Brooke-Maddison-Dung-Erotica-1.jpg\",\"width\":1728,\"height\":576},{\"@type\":\"BreadcrumbList\",\"@id\":\"https:\/\/manurefetish.com\/shop\/videos\/brooke-maddison-dung-erotica\/#breadcrumb\",\"itemListElement\":[{\"@type\":\"ListItem\",\"position\":1,\"name\":\"Home\",\"item\":\"https:\/\/manurefetish.com\/\"},{\"@type\":\"ListItem\",\"position\":2,\"name\":\"Shop\",\"item\":\"https:\/\/manurefetish.com\/shop\/\"},{\"@type\":\"ListItem\",\"position\":3,\"name\":\"Videos\",\"item\":\"https:\/\/manurefetish.com\/product-category\/videos\/\"},{\"@type\":\"ListItem\",\"position\":4,\"name\":\"Brooke Maddison Dung Erotica\"}]},{\"@type\":\"WebSite\",\"@id\":\"https:\/\/manurefetish.com\/#website\",\"url\":\"https:\/\/manurefetish.com\/\",\"name\":\"ManureFetish\",\"description\":\"ManureFetish Shop\",\"publisher\":{\"@id\":\"https:\/\/manurefetish.com\/#organization\"},\"potentialAction\":[{\"@type\":\"SearchAction\",\"target\":{\"@type\":\"EntryPoint\",\"urlTemplate\":\"https:\/\/manurefetish.com\/?s={search_term_string}\"},\"query-input\":{\"@type\":\"PropertyValueSpecification\",\"valueRequired\":true,\"valueName\":\"search_term_string\"}}],\"inLanguage\":\"es\"},{\"@type\":\"Organization\",\"@id\":\"https:\/\/manurefetish.com\/#organization\",\"name\":\"ManureFetish.com\",\"url\":\"https:\/\/manurefetish.com\/\",\"logo\":{\"@type\":\"ImageObject\",\"inLanguage\":\"es\",\"@id\":\"https:\/\/manurefetish.com\/#\/schema\/logo\/image\/\",\"url\":\"https:\/\/manurefetish.com\/wp-content\/uploads\/2019\/06\/1000xmanurefetishcom-michaela-logo-website-shop.png\",\"contentUrl\":\"https:\/\/manurefetish.com\/wp-content\/uploads\/2019\/06\/1000xmanurefetishcom-michaela-logo-website-shop.png\",\"width\":1000,\"height\":632,\"caption\":\"ManureFetish.com\"},\"image\":{\"@id\":\"https:\/\/manurefetish.com\/#\/schema\/logo\/image\/\"},\"sameAs\":[\"https:\/\/www.facebook.com\/manurefetish\/\",\"https:\/\/x.com\/Manurefetisch\",\"https:\/\/www.youtube.com\/c\/ManureFetish\"],\"description\":\"We're creating various fetish content with female and male models alike.\",\"foundingDate\":\"2019-07-04\",\"vatID\":\"DE366928521\",\"numberOfEmployees\":{\"@type\":\"QuantitativeValue\",\"minValue\":\"1\",\"maxValue\":\"10\"}}]}<\/script>\n<meta property=\"og:availability\" content=\"instock\" \/>\n<meta property=\"product:availability\" content=\"instock\" \/>\n<meta property=\"product:retailer_item_id\" content=\"MFW-BMDE\" \/>\n<meta property=\"product:condition\" content=\"new\" \/>\n<!-- \/ Yoast SEO Premium plugin. -->","yoast_head_json":{"title":"Brooke Maddison Esti\u00e9rcol Er\u00f3tica - ManureFetish -","description":"Brooke Maddison Esti\u00e9rcol Er\u00f3tico, nuestra nueva chica brit\u00e1nica que descubre su amor por la mierda de vaca en el establo ofrece un espect\u00e1culo incre\u00edble con su cuerpo","robots":{"index":"index","follow":"follow","max-snippet":"max-snippet:-1","max-image-preview":"max-image-preview:large","max-video-preview":"max-video-preview:-1"},"canonical":"https:\/\/manurefetish.com\/es\/shop\/videos\/brooke-maddison-dung-erotica\/","og_locale":"es_ES","og_type":"article","og_title":"Brooke Maddison Dung Erotica","og_description":"Brooke Maddison Dung Erotica, our new British girl who discovers her love for cowshit in the cowshed she delivers an amazing show with her body","og_url":"https:\/\/manurefetish.com\/es\/shop\/videos\/brooke-maddison-dung-erotica\/","og_site_name":"ManureFetish","article_publisher":"https:\/\/www.facebook.com\/manurefetish\/","article_modified_time":"2026-03-24T14:32:57+00:00","og_image":[{"width":1728,"height":576,"url":"https:\/\/manurefetish.com\/wp-content\/uploads\/2023\/09\/Brooke-Maddison-Dung-Erotica-1.jpg","type":"image\/jpeg"}],"twitter_card":"summary_large_image","twitter_site":"@Manurefetisch","schema":{"@context":"https:\/\/schema.org","@graph":[{"@type":"WebPage","@id":"https:\/\/manurefetish.com\/shop\/videos\/brooke-maddison-dung-erotica\/","url":"https:\/\/manurefetish.com\/shop\/videos\/brooke-maddison-dung-erotica\/","name":"Brooke Maddison Esti\u00e9rcol Er\u00f3tica - ManureFetish -","isPartOf":{"@id":"https:\/\/manurefetish.com\/#website"},"primaryImageOfPage":{"@id":"https:\/\/manurefetish.com\/shop\/videos\/brooke-maddison-dung-erotica\/#primaryimage"},"image":{"@id":"https:\/\/manurefetish.com\/shop\/videos\/brooke-maddison-dung-erotica\/#primaryimage"},"thumbnailUrl":"https:\/\/manurefetish.b-cdn.net\/wp-content\/uploads\/2023\/09\/Brooke-Maddison-Dung-Erotica-1.jpg","datePublished":"2023-09-17T14:50:01+00:00","dateModified":"2026-03-24T14:32:57+00:00","description":"Brooke Maddison Esti\u00e9rcol Er\u00f3tico, nuestra nueva chica brit\u00e1nica que descubre su amor por la mierda de vaca en el establo ofrece un espect\u00e1culo incre\u00edble con su cuerpo","breadcrumb":{"@id":"https:\/\/manurefetish.com\/shop\/videos\/brooke-maddison-dung-erotica\/#breadcrumb"},"inLanguage":"es","potentialAction":[{"@type":"ReadAction","target":["https:\/\/manurefetish.com\/shop\/videos\/brooke-maddison-dung-erotica\/"]}]},{"@type":"ImageObject","inLanguage":"es","@id":"https:\/\/manurefetish.com\/shop\/videos\/brooke-maddison-dung-erotica\/#primaryimage","url":"https:\/\/manurefetish.b-cdn.net\/wp-content\/uploads\/2023\/09\/Brooke-Maddison-Dung-Erotica-1.jpg","contentUrl":"https:\/\/manurefetish.b-cdn.net\/wp-content\/uploads\/2023\/09\/Brooke-Maddison-Dung-Erotica-1.jpg","width":1728,"height":576},{"@type":"BreadcrumbList","@id":"https:\/\/manurefetish.com\/shop\/videos\/brooke-maddison-dung-erotica\/#breadcrumb","itemListElement":[{"@type":"ListItem","position":1,"name":"Home","item":"https:\/\/manurefetish.com\/"},{"@type":"ListItem","position":2,"name":"Shop","item":"https:\/\/manurefetish.com\/shop\/"},{"@type":"ListItem","position":3,"name":"Videos","item":"https:\/\/manurefetish.com\/product-category\/videos\/"},{"@type":"ListItem","position":4,"name":"Brooke Maddison Dung Erotica"}]},{"@type":"WebSite","@id":"https:\/\/manurefetish.com\/#website","url":"https:\/\/manurefetish.com\/","name":"ManureFetish","description":"ManureFetish","publisher":{"@id":"https:\/\/manurefetish.com\/#organization"},"potentialAction":[{"@type":"SearchAction","target":{"@type":"EntryPoint","urlTemplate":"https:\/\/manurefetish.com\/?s={search_term_string}"},"query-input":{"@type":"PropertyValueSpecification","valueRequired":true,"valueName":"search_term_string"}}],"inLanguage":"es"},{"@type":"Organization","@id":"https:\/\/manurefetish.com\/#organization","name":"ManureFetish.com","url":"https:\/\/manurefetish.com\/","logo":{"@type":"ImageObject","inLanguage":"es","@id":"https:\/\/manurefetish.com\/#\/schema\/logo\/image\/","url":"https:\/\/manurefetish.com\/wp-content\/uploads\/2019\/06\/1000xmanurefetishcom-michaela-logo-website-shop.png","contentUrl":"https:\/\/manurefetish.com\/wp-content\/uploads\/2019\/06\/1000xmanurefetishcom-michaela-logo-website-shop.png","width":1000,"height":632,"caption":"ManureFetish.com"},"image":{"@id":"https:\/\/manurefetish.com\/#\/schema\/logo\/image\/"},"sameAs":["https:\/\/www.facebook.com\/manurefetish\/","https:\/\/x.com\/Manurefetisch","https:\/\/www.youtube.com\/c\/ManureFetish"],"description":"Estamos creando diversos contenidos fetichistas con modelos femeninos y masculinos por igual.","foundingDate":"2019-07-04","vatID":"DE366928521","numberOfEmployees":{"@type":"QuantitativeValue","minValue":"1","maxValue":"10"}}]},"og_availability":"instock","product_availability":"instock","product_retailer_item_id":"MFW-BMDE","product_condition":"new"},"_links":{"self":[{"href":"https:\/\/manurefetish.com\/es\/wp-json\/wp\/v2\/product\/107686","targetHints":{"allow":["GET"]}}],"collection":[{"href":"https:\/\/manurefetish.com\/es\/wp-json\/wp\/v2\/product"}],"about":[{"href":"https:\/\/manurefetish.com\/es\/wp-json\/wp\/v2\/types\/product"}],"replies":[{"embeddable":true,"href":"https:\/\/manurefetish.com\/es\/wp-json\/wp\/v2\/comments?post=107686"}],"version-history":[{"count":0,"href":"https:\/\/manurefetish.com\/es\/wp-json\/wp\/v2\/product\/107686\/revisions"}],"wp:featuredmedia":[{"embeddable":true,"href":"https:\/\/manurefetish.com\/es\/wp-json\/wp\/v2\/media\/199153"}],"wp:attachment":[{"href":"https:\/\/manurefetish.com\/es\/wp-json\/wp\/v2\/media?parent=107686"}],"wp:term":[{"taxonomy":"product_brand","embeddable":true,"href":"https:\/\/manurefetish.com\/es\/wp-json\/wp\/v2\/product_brand?post=107686"},{"taxonomy":"product_cat","embeddable":true,"href":"https:\/\/manurefetish.com\/es\/wp-json\/wp\/v2\/product_cat?post=107686"},{"taxonomy":"product_tag","embeddable":true,"href":"https:\/\/manurefetish.com\/es\/wp-json\/wp\/v2\/product_tag?post=107686"}],"curies":[{"name":"wp","href":"https:\/\/api.w.org\/{rel}","templated":true}]}}