{"id":47912,"date":"2022-03-30T00:28:48","date_gmt":"2022-03-29T22:28:48","guid":{"rendered":"https:\/\/manurefetish.com\/?post_type=product&#038;p=47912"},"modified":"2026-03-24T17:10:45","modified_gmt":"2026-03-24T16:10:45","slug":"lyndra-lynn-cleaning-ends-in-a-mess","status":"publish","type":"product","link":"https:\/\/manurefetish.com\/de\/shop\/videos\/lyndra-lynn-cleaning-ends-in-a-mess\/","title":{"rendered":"Lyndra Lynn &#8211; Cleaning ends in a mess"},"content":{"rendered":"<p><span style=\"font-weight: 400;\">Ich hatte nach dem Dreh eine solche Sauerei hinterlassen, dass ich beschloss, sie aufzur\u00e4umen. Also ging ich frisch geduscht mit meiner Schaufel zum Waschbecken, um die G\u00fclle in das Fass zu schaufeln. Es war zwar etwas glitschig, aber ich dachte mir nichts dabei. Also schaufelte ich flei\u00dfig weiter und dann passierte es, ich rutschte aus und fiel in das Becken. Was f\u00fcr eine Sauerei, ich hatte gerade geduscht und musste die Sauerei aufr\u00e4umen. Aber ich dachte mir, wenn ich schon drin bin, dann werde ich es auch genie\u00dfen. Also legte ich mich auf den R\u00fccken und begann, mich mit dem Schlamm zu bedecken. Es war so sch\u00f6n und entspannend. Ich schmierte mich von Kopf bis Fu\u00df ein. Aber das reichte mir noch nicht, da fiel mir ein, dass ich noch einen Dildo liegen hatte, also schnappte ich ihn mir und stie\u00df ihn gen\u00fcsslich in mich hinein. Ich stie\u00df mich sehr gut und kam auch mehrere Male. Ich wollte mich ein bisschen im Pool entspannen, also legte ich mich wieder hin und nahm wieder eine gro\u00dfe Menge Kuhdung , um mich komplett zu bedecken.<\/span><\/p>","protected":false},"excerpt":{"rendered":"<p>I had left such a mess after the shoot, I decided to clean it up. So I went freshly showered with my shovel to the basin to shovel the slurry into the barrel. But it was a bit slippery, but I thought nothing of it. So I shoveled diligently on and then it happened, I [&hellip;]<\/p>\n","protected":false},"featured_media":199011,"comment_status":"open","ping_status":"closed","template":"","meta":{"_acf_changed":false,"site-sidebar-layout":"default","site-content-layout":"","ast-site-content-layout":"default","site-content-style":"default","site-sidebar-style":"default","ast-global-header-display":"","ast-banner-title-visibility":"","ast-main-header-display":"","ast-hfb-above-header-display":"","ast-hfb-below-header-display":"","ast-hfb-mobile-header-display":"","site-post-title":"","ast-breadcrumbs-content":"","ast-featured-img":"","footer-sml-layout":"","ast-disable-related-posts":"","theme-transparent-header-meta":"default","adv-header-id-meta":"","stick-header-meta":"","header-above-stick-meta":"","header-main-stick-meta":"","header-below-stick-meta":"","astra-migrate-meta-layouts":"set","ast-page-background-enabled":"default","ast-page-background-meta":{"desktop":{"background-color":"var(--ast-global-color-4)","background-image":"","background-repeat":"repeat","background-position":"center center","background-size":"auto","background-attachment":"scroll","background-type":"","background-media":"","overlay-type":"","overlay-color":"","overlay-opacity":"","overlay-gradient":""},"tablet":{"background-color":"","background-image":"","background-repeat":"repeat","background-position":"center center","background-size":"auto","background-attachment":"scroll","background-type":"","background-media":"","overlay-type":"","overlay-color":"","overlay-opacity":"","overlay-gradient":""},"mobile":{"background-color":"","background-image":"","background-repeat":"repeat","background-position":"center center","background-size":"auto","background-attachment":"scroll","background-type":"","background-media":"","overlay-type":"","overlay-color":"","overlay-opacity":"","overlay-gradient":""}},"ast-content-background-meta":{"desktop":{"background-color":"var(--ast-global-color-5)","background-image":"","background-repeat":"repeat","background-position":"center center","background-size":"auto","background-attachment":"scroll","background-type":"","background-media":"","overlay-type":"","overlay-color":"","overlay-opacity":"","overlay-gradient":""},"tablet":{"background-color":"var(--ast-global-color-5)","background-image":"","background-repeat":"repeat","background-position":"center center","background-size":"auto","background-attachment":"scroll","background-type":"","background-media":"","overlay-type":"","overlay-color":"","overlay-opacity":"","overlay-gradient":""},"mobile":{"background-color":"var(--ast-global-color-5)","background-image":"","background-repeat":"repeat","background-position":"center center","background-size":"auto","background-attachment":"scroll","background-type":"","background-media":"","overlay-type":"","overlay-color":"","overlay-opacity":"","overlay-gradient":""}}},"product_brand":[],"product_cat":[4470],"product_tag":[3318,317,3295,318,3296,66,2508,2631,2621,2558,316,64,2557,3030,56,320,321,54,2419,2841,18,3174,65,35,32,3408,4482,2832,3298,319,2368,3233],"class_list":{"0":"post-47912","1":"product","2":"type-product","3":"status-publish","4":"has-post-thumbnail","6":"product_cat-videos","7":"product_tag-accident","8":"product_tag-asshole","9":"product_tag-basin","10":"product_tag-boobs","11":"product_tag-cleaning","12":"product_tag-clothed","13":"product_tag-clothes","14":"product_tag-completely-covered","15":"product_tag-cow-dung","16":"product_tag-cowgirl","17":"product_tag-cunt","18":"product_tag-dildo","19":"product_tag-doggy-style","20":"product_tag-download","21":"product_tag-erotic","22":"product_tag-feet","23":"product_tag-foot","24":"product_tag-full-covered","25":"product_tag-full-hd","26":"product_tag-lyndra-lynn","27":"product_tag-manure","28":"product_tag-missionary","29":"product_tag-naked","30":"product_tag-orgasm","31":"product_tag-pussy","32":"product_tag-season-3","33":"product_tag-sex-in-cowshit","34":"product_tag-smearing","35":"product_tag-solo","36":"product_tag-tits","37":"product_tag-ultra-hd","38":"product_tag-waifu","39":"pa_audio-info-stereo","40":"pa_format-mp4","41":"pa_length-20-minutes","42":"pa_product-type-digital-download-full-hd-video","43":"pa_product-type-digital-download-ultra-hd-video","44":"pa_product-type-usb-stick","45":"pa_size-4-63-gb","46":"pa_size-8-47-gb","47":"pa_video-info-full-hd-1920x1080p","48":"pa_video-info-ultra-hd-4k","49":"desktop-align-center","50":"tablet-align-left","51":"mobile-align-left","53":"first","54":"instock","55":"shipping-taxable","56":"purchasable","57":"product-type-variable","58":"has-default-attributes"},"exclude_global_add_ons":[],"addons":[],"acf":[],"yoast_head":"<!-- This site is optimized with the Yoast SEO Premium plugin v27.1 (Yoast SEO v27.1.1) - https:\/\/yoast.com\/product\/yoast-seo-premium-wordpress\/ -->\n<title>Lyndra Lynn - Cleaning ends in a mess - ManureFetish - scat orgasm<\/title>\n<meta name=\"description\" content=\"Lyndra Lynn - Cleaning ends in a mess, Lyndra just wanted to clean everything up, but she had an accident which made her very aroused.\" \/>\n<meta name=\"robots\" content=\"index, follow, max-snippet:-1, max-image-preview:large, max-video-preview:-1\" \/>\n<link rel=\"canonical\" href=\"https:\/\/manurefetish.com\/de\/shop\/videos\/lyndra-lynn-cleaning-ends-in-a-mess\/\" \/>\n<meta property=\"og:locale\" content=\"de_DE\" \/>\n<meta property=\"og:type\" content=\"article\" \/>\n<meta property=\"og:title\" content=\"Lyndra Lynn - Cleaning ends in a mess\" \/>\n<meta property=\"og:description\" content=\"Lyndra Lynn - Cleaning ends in a mess, Lyndra just wanted to clean everything up, but she had an accident which made her very aroused.\" \/>\n<meta property=\"og:url\" content=\"https:\/\/manurefetish.com\/de\/shop\/videos\/lyndra-lynn-cleaning-ends-in-a-mess\/\" \/>\n<meta property=\"og:site_name\" content=\"ManureFetish\" \/>\n<meta property=\"article:publisher\" content=\"https:\/\/www.facebook.com\/manurefetish\/\" \/>\n<meta property=\"article:modified_time\" content=\"2026-03-24T16:10:45+00:00\" \/>\n<meta property=\"og:image\" content=\"https:\/\/manurefetish.com\/wp-content\/uploads\/2022\/03\/lyndra-lynn-cleaning-ends-in-a-mess.jpg\" \/>\n\t<meta property=\"og:image:width\" content=\"1728\" \/>\n\t<meta property=\"og:image:height\" content=\"576\" \/>\n\t<meta property=\"og:image:type\" content=\"image\/jpeg\" \/>\n<meta name=\"twitter:card\" content=\"summary_large_image\" \/>\n<meta name=\"twitter:site\" content=\"@Manurefetisch\" \/>\n<script type=\"application\/ld+json\" class=\"yoast-schema-graph\">{\"@context\":\"https:\/\/schema.org\",\"@graph\":[{\"@type\":\"WebPage\",\"@id\":\"https:\/\/manurefetish.com\/shop\/videos\/lyndra-lynn-cleaning-ends-in-a-mess\/\",\"url\":\"https:\/\/manurefetish.com\/shop\/videos\/lyndra-lynn-cleaning-ends-in-a-mess\/\",\"name\":\"Lyndra Lynn - Cleaning ends in a mess - ManureFetish - scat orgasm\",\"isPartOf\":{\"@id\":\"https:\/\/manurefetish.com\/#website\"},\"primaryImageOfPage\":{\"@id\":\"https:\/\/manurefetish.com\/shop\/videos\/lyndra-lynn-cleaning-ends-in-a-mess\/#primaryimage\"},\"image\":{\"@id\":\"https:\/\/manurefetish.com\/shop\/videos\/lyndra-lynn-cleaning-ends-in-a-mess\/#primaryimage\"},\"thumbnailUrl\":\"https:\/\/manurefetish.b-cdn.net\/wp-content\/uploads\/2022\/03\/lyndra-lynn-cleaning-ends-in-a-mess.jpg\",\"datePublished\":\"2022-03-29T22:28:48+00:00\",\"dateModified\":\"2026-03-24T16:10:45+00:00\",\"description\":\"Lyndra Lynn - Cleaning ends in a mess, Lyndra just wanted to clean everything up, but she had an accident which made her very aroused.\",\"breadcrumb\":{\"@id\":\"https:\/\/manurefetish.com\/shop\/videos\/lyndra-lynn-cleaning-ends-in-a-mess\/#breadcrumb\"},\"inLanguage\":\"de\",\"potentialAction\":[{\"@type\":\"ReadAction\",\"target\":[\"https:\/\/manurefetish.com\/shop\/videos\/lyndra-lynn-cleaning-ends-in-a-mess\/\"]}]},{\"@type\":\"ImageObject\",\"inLanguage\":\"de\",\"@id\":\"https:\/\/manurefetish.com\/shop\/videos\/lyndra-lynn-cleaning-ends-in-a-mess\/#primaryimage\",\"url\":\"https:\/\/manurefetish.b-cdn.net\/wp-content\/uploads\/2022\/03\/lyndra-lynn-cleaning-ends-in-a-mess.jpg\",\"contentUrl\":\"https:\/\/manurefetish.b-cdn.net\/wp-content\/uploads\/2022\/03\/lyndra-lynn-cleaning-ends-in-a-mess.jpg\",\"width\":1728,\"height\":576},{\"@type\":\"BreadcrumbList\",\"@id\":\"https:\/\/manurefetish.com\/shop\/videos\/lyndra-lynn-cleaning-ends-in-a-mess\/#breadcrumb\",\"itemListElement\":[{\"@type\":\"ListItem\",\"position\":1,\"name\":\"Home\",\"item\":\"https:\/\/manurefetish.com\/\"},{\"@type\":\"ListItem\",\"position\":2,\"name\":\"Shop\",\"item\":\"https:\/\/manurefetish.com\/shop\/\"},{\"@type\":\"ListItem\",\"position\":3,\"name\":\"Videos\",\"item\":\"https:\/\/manurefetish.com\/product-category\/videos\/\"},{\"@type\":\"ListItem\",\"position\":4,\"name\":\"Lyndra Lynn &#8211; Cleaning ends in a mess\"}]},{\"@type\":\"WebSite\",\"@id\":\"https:\/\/manurefetish.com\/#website\",\"url\":\"https:\/\/manurefetish.com\/\",\"name\":\"ManureFetish\",\"description\":\"ManureFetish Shop\",\"publisher\":{\"@id\":\"https:\/\/manurefetish.com\/#organization\"},\"potentialAction\":[{\"@type\":\"SearchAction\",\"target\":{\"@type\":\"EntryPoint\",\"urlTemplate\":\"https:\/\/manurefetish.com\/?s={search_term_string}\"},\"query-input\":{\"@type\":\"PropertyValueSpecification\",\"valueRequired\":true,\"valueName\":\"search_term_string\"}}],\"inLanguage\":\"de\"},{\"@type\":\"Organization\",\"@id\":\"https:\/\/manurefetish.com\/#organization\",\"name\":\"ManureFetish.com\",\"url\":\"https:\/\/manurefetish.com\/\",\"logo\":{\"@type\":\"ImageObject\",\"inLanguage\":\"de\",\"@id\":\"https:\/\/manurefetish.com\/#\/schema\/logo\/image\/\",\"url\":\"https:\/\/manurefetish.com\/wp-content\/uploads\/2019\/06\/1000xmanurefetishcom-michaela-logo-website-shop.png\",\"contentUrl\":\"https:\/\/manurefetish.com\/wp-content\/uploads\/2019\/06\/1000xmanurefetishcom-michaela-logo-website-shop.png\",\"width\":1000,\"height\":632,\"caption\":\"ManureFetish.com\"},\"image\":{\"@id\":\"https:\/\/manurefetish.com\/#\/schema\/logo\/image\/\"},\"sameAs\":[\"https:\/\/www.facebook.com\/manurefetish\/\",\"https:\/\/x.com\/Manurefetisch\",\"https:\/\/www.youtube.com\/c\/ManureFetish\"],\"description\":\"We're creating various fetish content with female and male models alike.\",\"foundingDate\":\"2019-07-04\",\"vatID\":\"DE366928521\",\"numberOfEmployees\":{\"@type\":\"QuantitativeValue\",\"minValue\":\"1\",\"maxValue\":\"10\"}}]}<\/script>\n<meta property=\"og:availability\" content=\"instock\" \/>\n<meta property=\"product:availability\" content=\"instock\" \/>\n<meta property=\"product:retailer_item_id\" content=\"MFW-LYCEINAM\" \/>\n<meta property=\"product:condition\" content=\"new\" \/>\n<!-- \/ Yoast SEO Premium plugin. -->","yoast_head_json":{"title":"Lyndra Lynn - Putzen endet in einer Sauerei - ManureFetish - Scat Orgasmus","description":"Lyndra Lynn - Putzen endet im Chaos, Lyndra wollte eigentlich nur alles aufr\u00e4umen, aber sie hatte einen Unfall, der sie sehr erregt hat.","robots":{"index":"index","follow":"follow","max-snippet":"max-snippet:-1","max-image-preview":"max-image-preview:large","max-video-preview":"max-video-preview:-1"},"canonical":"https:\/\/manurefetish.com\/de\/shop\/videos\/lyndra-lynn-cleaning-ends-in-a-mess\/","og_locale":"de_DE","og_type":"article","og_title":"Lyndra Lynn - Cleaning ends in a mess","og_description":"Lyndra Lynn - Cleaning ends in a mess, Lyndra just wanted to clean everything up, but she had an accident which made her very aroused.","og_url":"https:\/\/manurefetish.com\/de\/shop\/videos\/lyndra-lynn-cleaning-ends-in-a-mess\/","og_site_name":"ManureFetish","article_publisher":"https:\/\/www.facebook.com\/manurefetish\/","article_modified_time":"2026-03-24T16:10:45+00:00","og_image":[{"width":1728,"height":576,"url":"https:\/\/manurefetish.com\/wp-content\/uploads\/2022\/03\/lyndra-lynn-cleaning-ends-in-a-mess.jpg","type":"image\/jpeg"}],"twitter_card":"summary_large_image","twitter_site":"@Manurefetisch","schema":{"@context":"https:\/\/schema.org","@graph":[{"@type":"WebPage","@id":"https:\/\/manurefetish.com\/shop\/videos\/lyndra-lynn-cleaning-ends-in-a-mess\/","url":"https:\/\/manurefetish.com\/shop\/videos\/lyndra-lynn-cleaning-ends-in-a-mess\/","name":"Lyndra Lynn - Putzen endet in einer Sauerei - ManureFetish - Scat Orgasmus","isPartOf":{"@id":"https:\/\/manurefetish.com\/#website"},"primaryImageOfPage":{"@id":"https:\/\/manurefetish.com\/shop\/videos\/lyndra-lynn-cleaning-ends-in-a-mess\/#primaryimage"},"image":{"@id":"https:\/\/manurefetish.com\/shop\/videos\/lyndra-lynn-cleaning-ends-in-a-mess\/#primaryimage"},"thumbnailUrl":"https:\/\/manurefetish.b-cdn.net\/wp-content\/uploads\/2022\/03\/lyndra-lynn-cleaning-ends-in-a-mess.jpg","datePublished":"2022-03-29T22:28:48+00:00","dateModified":"2026-03-24T16:10:45+00:00","description":"Lyndra Lynn - Putzen endet im Chaos, Lyndra wollte eigentlich nur alles aufr\u00e4umen, aber sie hatte einen Unfall, der sie sehr erregt hat.","breadcrumb":{"@id":"https:\/\/manurefetish.com\/shop\/videos\/lyndra-lynn-cleaning-ends-in-a-mess\/#breadcrumb"},"inLanguage":"de","potentialAction":[{"@type":"ReadAction","target":["https:\/\/manurefetish.com\/shop\/videos\/lyndra-lynn-cleaning-ends-in-a-mess\/"]}]},{"@type":"ImageObject","inLanguage":"de","@id":"https:\/\/manurefetish.com\/shop\/videos\/lyndra-lynn-cleaning-ends-in-a-mess\/#primaryimage","url":"https:\/\/manurefetish.b-cdn.net\/wp-content\/uploads\/2022\/03\/lyndra-lynn-cleaning-ends-in-a-mess.jpg","contentUrl":"https:\/\/manurefetish.b-cdn.net\/wp-content\/uploads\/2022\/03\/lyndra-lynn-cleaning-ends-in-a-mess.jpg","width":1728,"height":576},{"@type":"BreadcrumbList","@id":"https:\/\/manurefetish.com\/shop\/videos\/lyndra-lynn-cleaning-ends-in-a-mess\/#breadcrumb","itemListElement":[{"@type":"ListItem","position":1,"name":"Home","item":"https:\/\/manurefetish.com\/"},{"@type":"ListItem","position":2,"name":"Shop","item":"https:\/\/manurefetish.com\/shop\/"},{"@type":"ListItem","position":3,"name":"Videos","item":"https:\/\/manurefetish.com\/product-category\/videos\/"},{"@type":"ListItem","position":4,"name":"Lyndra Lynn &#8211; Cleaning ends in a mess"}]},{"@type":"WebSite","@id":"https:\/\/manurefetish.com\/#website","url":"https:\/\/manurefetish.com\/","name":"ManureFetish","description":"ManureFetish Shop","publisher":{"@id":"https:\/\/manurefetish.com\/#organization"},"potentialAction":[{"@type":"SearchAction","target":{"@type":"EntryPoint","urlTemplate":"https:\/\/manurefetish.com\/?s={search_term_string}"},"query-input":{"@type":"PropertyValueSpecification","valueRequired":true,"valueName":"search_term_string"}}],"inLanguage":"de"},{"@type":"Organization","@id":"https:\/\/manurefetish.com\/#organization","name":"ManureFetish.com","url":"https:\/\/manurefetish.com\/","logo":{"@type":"ImageObject","inLanguage":"de","@id":"https:\/\/manurefetish.com\/#\/schema\/logo\/image\/","url":"https:\/\/manurefetish.com\/wp-content\/uploads\/2019\/06\/1000xmanurefetishcom-michaela-logo-website-shop.png","contentUrl":"https:\/\/manurefetish.com\/wp-content\/uploads\/2019\/06\/1000xmanurefetishcom-michaela-logo-website-shop.png","width":1000,"height":632,"caption":"ManureFetish.com"},"image":{"@id":"https:\/\/manurefetish.com\/#\/schema\/logo\/image\/"},"sameAs":["https:\/\/www.facebook.com\/manurefetish\/","https:\/\/x.com\/Manurefetisch","https:\/\/www.youtube.com\/c\/ManureFetish"],"description":"Wir erstellen verschiedene Fetisch-Inhalte mit weiblichen und m\u00e4nnlichen Models.","foundingDate":"2019-07-04","vatID":"DE366928521","numberOfEmployees":{"@type":"QuantitativeValue","minValue":"1","maxValue":"10"}}]},"og_availability":"instock","product_availability":"instock","product_retailer_item_id":"MFW-LYCEINAM","product_condition":"new"},"_links":{"self":[{"href":"https:\/\/manurefetish.com\/de\/wp-json\/wp\/v2\/product\/47912","targetHints":{"allow":["GET"]}}],"collection":[{"href":"https:\/\/manurefetish.com\/de\/wp-json\/wp\/v2\/product"}],"about":[{"href":"https:\/\/manurefetish.com\/de\/wp-json\/wp\/v2\/types\/product"}],"replies":[{"embeddable":true,"href":"https:\/\/manurefetish.com\/de\/wp-json\/wp\/v2\/comments?post=47912"}],"version-history":[{"count":0,"href":"https:\/\/manurefetish.com\/de\/wp-json\/wp\/v2\/product\/47912\/revisions"}],"wp:featuredmedia":[{"embeddable":true,"href":"https:\/\/manurefetish.com\/de\/wp-json\/wp\/v2\/media\/199011"}],"wp:attachment":[{"href":"https:\/\/manurefetish.com\/de\/wp-json\/wp\/v2\/media?parent=47912"}],"wp:term":[{"taxonomy":"product_brand","embeddable":true,"href":"https:\/\/manurefetish.com\/de\/wp-json\/wp\/v2\/product_brand?post=47912"},{"taxonomy":"product_cat","embeddable":true,"href":"https:\/\/manurefetish.com\/de\/wp-json\/wp\/v2\/product_cat?post=47912"},{"taxonomy":"product_tag","embeddable":true,"href":"https:\/\/manurefetish.com\/de\/wp-json\/wp\/v2\/product_tag?post=47912"}],"curies":[{"name":"wp","href":"https:\/\/api.w.org\/{rel}","templated":true}]}}