{"id":46403,"date":"2022-02-21T13:00:53","date_gmt":"2022-02-21T12:00:53","guid":{"rendered":"https:\/\/manurefetish.com\/?post_type=product&#038;p=46403"},"modified":"2026-03-24T17:11:28","modified_gmt":"2026-03-24T16:11:28","slug":"lyndra-lynn-playtime-with-dung-bags","status":"publish","type":"product","link":"https:\/\/manurefetish.com\/de\/shop\/videos\/lyndra-lynn-playtime-with-dung-bags\/","title":{"rendered":"Lyndra Lynn &#8211; Playtime with dung bags"},"content":{"rendered":"<p><span style=\"font-weight: 400;\">Es ist das erste Mal, dass ich meine neuen Windeln trage, und weil ich ein schmutziges M\u00e4dchen bin, h\u00e4lt mich das nicht davon ab, eine gro\u00dfe Sauerei zu machen. Ich habe einige T\u00fcten mit Kuh dung gef\u00fcllt, die ich benutzen will. Ich spiele ein bisschen mit ihnen herum, aber ich kann mich nicht zur\u00fcckhalten. Ich \u00f6ffne eine und lasse alles auf meine Windel fallen. Ich verschmiere alles und nehme einen weiteren Beutel, den ich in mein Dekollet\u00e9 leere. Nachdem ich meine Br\u00fcste massiert und alles verschmiert habe. Ich f\u00fclle auch meine Windel, ich verteile alles, indem ich in ihnen herumh\u00fcpfe. Ich greife auch in meine Windel, um meine warme und jetzt mit Kuh dung bedeckte Muschi zu reiben.<\/span><span style=\"font-weight: 400;\"><br \/>\n<\/span><span style=\"font-weight: 400;\">Ich nehme die Windel ab und beginne mich mit einem Dildo zu ficken und fingere gleichzeitig mein enges Arschloch, um es f\u00fcr den zweiten Dildo vorzubereiten. Ich ficke beide meiner s\u00fc\u00dfen L\u00f6cher zur gleichen Zeit. Ich fange an, mehr und mehr ein Durcheinander zu machen, w\u00e4hrend ich alles auf meinem K\u00f6rper, Gesicht, h\u00f6ren, w\u00e4hrend meine L\u00f6cher in verschiedenen Positionen ficken, bis ich einen sch\u00f6nen wilden und lauten Orgasmus am Ende haben.<\/span><\/p>\n<h2>Bei diesem Kauf sind die Full HD- und die Ultra HD-Version inbegriffen<\/h2>","protected":false},"excerpt":{"rendered":"<p>It\u2019s the first time for me to wear my new diapers and because I\u2019m a dirty girl this does not stop me from making a big mess. I have some bags filled with cow dung, which I intend to use. I play around with them a bit, but I can\u2019t hold back. I open one [&hellip;]<\/p>\n","protected":false},"featured_media":198969,"comment_status":"open","ping_status":"closed","template":"","meta":{"_acf_changed":false,"site-sidebar-layout":"default","site-content-layout":"","ast-site-content-layout":"default","site-content-style":"default","site-sidebar-style":"default","ast-global-header-display":"","ast-banner-title-visibility":"","ast-main-header-display":"","ast-hfb-above-header-display":"","ast-hfb-below-header-display":"","ast-hfb-mobile-header-display":"","site-post-title":"","ast-breadcrumbs-content":"","ast-featured-img":"","footer-sml-layout":"","ast-disable-related-posts":"","theme-transparent-header-meta":"default","adv-header-id-meta":"","stick-header-meta":"","header-above-stick-meta":"","header-main-stick-meta":"","header-below-stick-meta":"","astra-migrate-meta-layouts":"set","ast-page-background-enabled":"default","ast-page-background-meta":{"desktop":{"background-color":"var(--ast-global-color-4)","background-image":"","background-repeat":"repeat","background-position":"center center","background-size":"auto","background-attachment":"scroll","background-type":"","background-media":"","overlay-type":"","overlay-color":"","overlay-opacity":"","overlay-gradient":""},"tablet":{"background-color":"","background-image":"","background-repeat":"repeat","background-position":"center center","background-size":"auto","background-attachment":"scroll","background-type":"","background-media":"","overlay-type":"","overlay-color":"","overlay-opacity":"","overlay-gradient":""},"mobile":{"background-color":"","background-image":"","background-repeat":"repeat","background-position":"center center","background-size":"auto","background-attachment":"scroll","background-type":"","background-media":"","overlay-type":"","overlay-color":"","overlay-opacity":"","overlay-gradient":""}},"ast-content-background-meta":{"desktop":{"background-color":"var(--ast-global-color-5)","background-image":"","background-repeat":"repeat","background-position":"center center","background-size":"auto","background-attachment":"scroll","background-type":"","background-media":"","overlay-type":"","overlay-color":"","overlay-opacity":"","overlay-gradient":""},"tablet":{"background-color":"var(--ast-global-color-5)","background-image":"","background-repeat":"repeat","background-position":"center center","background-size":"auto","background-attachment":"scroll","background-type":"","background-media":"","overlay-type":"","overlay-color":"","overlay-opacity":"","overlay-gradient":""},"mobile":{"background-color":"var(--ast-global-color-5)","background-image":"","background-repeat":"repeat","background-position":"center center","background-size":"auto","background-attachment":"scroll","background-type":"","background-media":"","overlay-type":"","overlay-color":"","overlay-opacity":"","overlay-gradient":""}}},"product_brand":[],"product_cat":[4470],"product_tag":[17,317,318,2621,3242,2607,2558,316,3234,3776,64,3232,3030,54,2419,2841,18,2200,65,32,3408,4482,2832,358,319,3233],"class_list":{"0":"post-46403","1":"product","2":"type-product","3":"status-publish","4":"has-post-thumbnail","6":"product_cat-videos","7":"product_tag-anal","8":"product_tag-asshole","9":"product_tag-boobs","10":"product_tag-cow-dung","11":"product_tag-cow-dung-bag","12":"product_tag-cowdung","13":"product_tag-cowgirl","14":"product_tag-cunt","15":"product_tag-diaper","16":"product_tag-diapers","17":"product_tag-dildo","18":"product_tag-double-penetration","19":"product_tag-download","20":"product_tag-full-covered","21":"product_tag-full-hd","22":"product_tag-lyndra-lynn","23":"product_tag-manure","24":"product_tag-manure-porn","25":"product_tag-naked","26":"product_tag-pussy","27":"product_tag-season-3","28":"product_tag-sex-in-cowshit","29":"product_tag-smearing","30":"product_tag-stuffing","31":"product_tag-tits","32":"product_tag-waifu","33":"pa_audio-info-stereo","34":"pa_format-mp4","35":"pa_length-30-minutes","36":"pa_product-type-digital-download-video","37":"pa_product-type-usb-stick","38":"pa_size-11-gb","39":"pa_size-6-79-gb","40":"pa_video-info-1920x1080p-2","41":"pa_video-info-ultra-hd-4k","42":"desktop-align-center","43":"tablet-align-left","44":"mobile-align-left","46":"first","47":"instock","48":"shipping-taxable","49":"purchasable","50":"product-type-variable","51":"has-default-attributes"},"exclude_global_add_ons":[],"addons":[],"acf":[],"yoast_head":"<!-- This site is optimized with the Yoast SEO Premium plugin v27.1 (Yoast SEO v27.1.1) - https:\/\/yoast.com\/product\/yoast-seo-premium-wordpress\/ -->\n<title>Lyndra Lynn - Playtime with dung bags - ManureFetish<\/title>\n<meta name=\"description\" content=\"Lyndra Lynn - Playtime with dung bags, Lyndra Lynn made quite a mess in her Diaper with one of the cow dung bags.\" \/>\n<meta name=\"robots\" content=\"index, follow, max-snippet:-1, max-image-preview:large, max-video-preview:-1\" \/>\n<link rel=\"canonical\" href=\"https:\/\/manurefetish.com\/de\/shop\/videos\/lyndra-lynn-playtime-with-dung-bags\/\" \/>\n<meta property=\"og:locale\" content=\"de_DE\" \/>\n<meta property=\"og:type\" content=\"article\" \/>\n<meta property=\"og:title\" content=\"Lyndra Lynn - Playtime with dung bags\" \/>\n<meta property=\"og:description\" content=\"Lyndra Lynn - Playtime with dung bags, Lyndra Lynn made quite a mess in her Diaper with one of the cow dung bags.\" \/>\n<meta property=\"og:url\" content=\"https:\/\/manurefetish.com\/de\/shop\/videos\/lyndra-lynn-playtime-with-dung-bags\/\" \/>\n<meta property=\"og:site_name\" content=\"ManureFetish\" \/>\n<meta property=\"article:publisher\" content=\"https:\/\/www.facebook.com\/manurefetish\/\" \/>\n<meta property=\"article:modified_time\" content=\"2026-03-24T16:11:28+00:00\" \/>\n<meta property=\"og:image\" content=\"https:\/\/manurefetish.com\/wp-content\/uploads\/2022\/02\/lyndra-lynn-playtime-with-dung-bags-16.jpg\" \/>\n\t<meta property=\"og:image:width\" content=\"1728\" \/>\n\t<meta property=\"og:image:height\" content=\"576\" \/>\n\t<meta property=\"og:image:type\" content=\"image\/jpeg\" \/>\n<meta name=\"twitter:card\" content=\"summary_large_image\" \/>\n<meta name=\"twitter:site\" content=\"@Manurefetisch\" \/>\n<script type=\"application\/ld+json\" class=\"yoast-schema-graph\">{\"@context\":\"https:\/\/schema.org\",\"@graph\":[{\"@type\":\"WebPage\",\"@id\":\"https:\/\/manurefetish.com\/shop\/videos\/lyndra-lynn-playtime-with-dung-bags\/\",\"url\":\"https:\/\/manurefetish.com\/shop\/videos\/lyndra-lynn-playtime-with-dung-bags\/\",\"name\":\"Lyndra Lynn - Playtime with dung bags - ManureFetish\",\"isPartOf\":{\"@id\":\"https:\/\/manurefetish.com\/#website\"},\"primaryImageOfPage\":{\"@id\":\"https:\/\/manurefetish.com\/shop\/videos\/lyndra-lynn-playtime-with-dung-bags\/#primaryimage\"},\"image\":{\"@id\":\"https:\/\/manurefetish.com\/shop\/videos\/lyndra-lynn-playtime-with-dung-bags\/#primaryimage\"},\"thumbnailUrl\":\"https:\/\/manurefetish.b-cdn.net\/wp-content\/uploads\/2022\/02\/lyndra-lynn-playtime-with-dung-bags-16.jpg\",\"datePublished\":\"2022-02-21T12:00:53+00:00\",\"dateModified\":\"2026-03-24T16:11:28+00:00\",\"description\":\"Lyndra Lynn - Playtime with dung bags, Lyndra Lynn made quite a mess in her Diaper with one of the cow dung bags.\",\"breadcrumb\":{\"@id\":\"https:\/\/manurefetish.com\/shop\/videos\/lyndra-lynn-playtime-with-dung-bags\/#breadcrumb\"},\"inLanguage\":\"de\",\"potentialAction\":[{\"@type\":\"ReadAction\",\"target\":[\"https:\/\/manurefetish.com\/shop\/videos\/lyndra-lynn-playtime-with-dung-bags\/\"]}]},{\"@type\":\"ImageObject\",\"inLanguage\":\"de\",\"@id\":\"https:\/\/manurefetish.com\/shop\/videos\/lyndra-lynn-playtime-with-dung-bags\/#primaryimage\",\"url\":\"https:\/\/manurefetish.b-cdn.net\/wp-content\/uploads\/2022\/02\/lyndra-lynn-playtime-with-dung-bags-16.jpg\",\"contentUrl\":\"https:\/\/manurefetish.b-cdn.net\/wp-content\/uploads\/2022\/02\/lyndra-lynn-playtime-with-dung-bags-16.jpg\",\"width\":1728,\"height\":576},{\"@type\":\"BreadcrumbList\",\"@id\":\"https:\/\/manurefetish.com\/shop\/videos\/lyndra-lynn-playtime-with-dung-bags\/#breadcrumb\",\"itemListElement\":[{\"@type\":\"ListItem\",\"position\":1,\"name\":\"Home\",\"item\":\"https:\/\/manurefetish.com\/\"},{\"@type\":\"ListItem\",\"position\":2,\"name\":\"Shop\",\"item\":\"https:\/\/manurefetish.com\/shop\/\"},{\"@type\":\"ListItem\",\"position\":3,\"name\":\"Videos\",\"item\":\"https:\/\/manurefetish.com\/product-category\/videos\/\"},{\"@type\":\"ListItem\",\"position\":4,\"name\":\"Lyndra Lynn &#8211; Playtime with dung bags\"}]},{\"@type\":\"WebSite\",\"@id\":\"https:\/\/manurefetish.com\/#website\",\"url\":\"https:\/\/manurefetish.com\/\",\"name\":\"ManureFetish\",\"description\":\"ManureFetish Shop\",\"publisher\":{\"@id\":\"https:\/\/manurefetish.com\/#organization\"},\"potentialAction\":[{\"@type\":\"SearchAction\",\"target\":{\"@type\":\"EntryPoint\",\"urlTemplate\":\"https:\/\/manurefetish.com\/?s={search_term_string}\"},\"query-input\":{\"@type\":\"PropertyValueSpecification\",\"valueRequired\":true,\"valueName\":\"search_term_string\"}}],\"inLanguage\":\"de\"},{\"@type\":\"Organization\",\"@id\":\"https:\/\/manurefetish.com\/#organization\",\"name\":\"ManureFetish.com\",\"url\":\"https:\/\/manurefetish.com\/\",\"logo\":{\"@type\":\"ImageObject\",\"inLanguage\":\"de\",\"@id\":\"https:\/\/manurefetish.com\/#\/schema\/logo\/image\/\",\"url\":\"https:\/\/manurefetish.com\/wp-content\/uploads\/2019\/06\/1000xmanurefetishcom-michaela-logo-website-shop.png\",\"contentUrl\":\"https:\/\/manurefetish.com\/wp-content\/uploads\/2019\/06\/1000xmanurefetishcom-michaela-logo-website-shop.png\",\"width\":1000,\"height\":632,\"caption\":\"ManureFetish.com\"},\"image\":{\"@id\":\"https:\/\/manurefetish.com\/#\/schema\/logo\/image\/\"},\"sameAs\":[\"https:\/\/www.facebook.com\/manurefetish\/\",\"https:\/\/x.com\/Manurefetisch\",\"https:\/\/www.youtube.com\/c\/ManureFetish\"],\"description\":\"We're creating various fetish content with female and male models alike.\",\"foundingDate\":\"2019-07-04\",\"vatID\":\"DE366928521\",\"numberOfEmployees\":{\"@type\":\"QuantitativeValue\",\"minValue\":\"1\",\"maxValue\":\"10\"}}]}<\/script>\n<meta property=\"og:availability\" content=\"instock\" \/>\n<meta property=\"product:availability\" content=\"instock\" \/>\n<meta property=\"product:retailer_item_id\" content=\"MFW-LYNN-PWDB\" \/>\n<meta property=\"product:condition\" content=\"new\" \/>\n<!-- \/ Yoast SEO Premium plugin. -->","yoast_head_json":{"title":"Lyndra Lynn - Spielzeit mit Mistt\u00fcten - ManureFetish","description":"Lyndra Lynn - Playtime with dung bags, Lyndra Lynn made quite a mess in her Diaper with one of the cow dung bags.","robots":{"index":"index","follow":"follow","max-snippet":"max-snippet:-1","max-image-preview":"max-image-preview:large","max-video-preview":"max-video-preview:-1"},"canonical":"https:\/\/manurefetish.com\/de\/shop\/videos\/lyndra-lynn-playtime-with-dung-bags\/","og_locale":"de_DE","og_type":"article","og_title":"Lyndra Lynn - Playtime with dung bags","og_description":"Lyndra Lynn - Playtime with dung bags, Lyndra Lynn made quite a mess in her Diaper with one of the cow dung bags.","og_url":"https:\/\/manurefetish.com\/de\/shop\/videos\/lyndra-lynn-playtime-with-dung-bags\/","og_site_name":"ManureFetish","article_publisher":"https:\/\/www.facebook.com\/manurefetish\/","article_modified_time":"2026-03-24T16:11:28+00:00","og_image":[{"width":1728,"height":576,"url":"https:\/\/manurefetish.com\/wp-content\/uploads\/2022\/02\/lyndra-lynn-playtime-with-dung-bags-16.jpg","type":"image\/jpeg"}],"twitter_card":"summary_large_image","twitter_site":"@Manurefetisch","schema":{"@context":"https:\/\/schema.org","@graph":[{"@type":"WebPage","@id":"https:\/\/manurefetish.com\/shop\/videos\/lyndra-lynn-playtime-with-dung-bags\/","url":"https:\/\/manurefetish.com\/shop\/videos\/lyndra-lynn-playtime-with-dung-bags\/","name":"Lyndra Lynn - Spielzeit mit Mistt\u00fcten - ManureFetish","isPartOf":{"@id":"https:\/\/manurefetish.com\/#website"},"primaryImageOfPage":{"@id":"https:\/\/manurefetish.com\/shop\/videos\/lyndra-lynn-playtime-with-dung-bags\/#primaryimage"},"image":{"@id":"https:\/\/manurefetish.com\/shop\/videos\/lyndra-lynn-playtime-with-dung-bags\/#primaryimage"},"thumbnailUrl":"https:\/\/manurefetish.b-cdn.net\/wp-content\/uploads\/2022\/02\/lyndra-lynn-playtime-with-dung-bags-16.jpg","datePublished":"2022-02-21T12:00:53+00:00","dateModified":"2026-03-24T16:11:28+00:00","description":"Lyndra Lynn - Playtime with dung bags, Lyndra Lynn made quite a mess in her Diaper with one of the cow dung bags.","breadcrumb":{"@id":"https:\/\/manurefetish.com\/shop\/videos\/lyndra-lynn-playtime-with-dung-bags\/#breadcrumb"},"inLanguage":"de","potentialAction":[{"@type":"ReadAction","target":["https:\/\/manurefetish.com\/shop\/videos\/lyndra-lynn-playtime-with-dung-bags\/"]}]},{"@type":"ImageObject","inLanguage":"de","@id":"https:\/\/manurefetish.com\/shop\/videos\/lyndra-lynn-playtime-with-dung-bags\/#primaryimage","url":"https:\/\/manurefetish.b-cdn.net\/wp-content\/uploads\/2022\/02\/lyndra-lynn-playtime-with-dung-bags-16.jpg","contentUrl":"https:\/\/manurefetish.b-cdn.net\/wp-content\/uploads\/2022\/02\/lyndra-lynn-playtime-with-dung-bags-16.jpg","width":1728,"height":576},{"@type":"BreadcrumbList","@id":"https:\/\/manurefetish.com\/shop\/videos\/lyndra-lynn-playtime-with-dung-bags\/#breadcrumb","itemListElement":[{"@type":"ListItem","position":1,"name":"Home","item":"https:\/\/manurefetish.com\/"},{"@type":"ListItem","position":2,"name":"Shop","item":"https:\/\/manurefetish.com\/shop\/"},{"@type":"ListItem","position":3,"name":"Videos","item":"https:\/\/manurefetish.com\/product-category\/videos\/"},{"@type":"ListItem","position":4,"name":"Lyndra Lynn &#8211; Playtime with dung bags"}]},{"@type":"WebSite","@id":"https:\/\/manurefetish.com\/#website","url":"https:\/\/manurefetish.com\/","name":"ManureFetish","description":"ManureFetish Shop","publisher":{"@id":"https:\/\/manurefetish.com\/#organization"},"potentialAction":[{"@type":"SearchAction","target":{"@type":"EntryPoint","urlTemplate":"https:\/\/manurefetish.com\/?s={search_term_string}"},"query-input":{"@type":"PropertyValueSpecification","valueRequired":true,"valueName":"search_term_string"}}],"inLanguage":"de"},{"@type":"Organization","@id":"https:\/\/manurefetish.com\/#organization","name":"ManureFetish.com","url":"https:\/\/manurefetish.com\/","logo":{"@type":"ImageObject","inLanguage":"de","@id":"https:\/\/manurefetish.com\/#\/schema\/logo\/image\/","url":"https:\/\/manurefetish.com\/wp-content\/uploads\/2019\/06\/1000xmanurefetishcom-michaela-logo-website-shop.png","contentUrl":"https:\/\/manurefetish.com\/wp-content\/uploads\/2019\/06\/1000xmanurefetishcom-michaela-logo-website-shop.png","width":1000,"height":632,"caption":"ManureFetish.com"},"image":{"@id":"https:\/\/manurefetish.com\/#\/schema\/logo\/image\/"},"sameAs":["https:\/\/www.facebook.com\/manurefetish\/","https:\/\/x.com\/Manurefetisch","https:\/\/www.youtube.com\/c\/ManureFetish"],"description":"Wir erstellen verschiedene Fetisch-Inhalte mit weiblichen und m\u00e4nnlichen Models.","foundingDate":"2019-07-04","vatID":"DE366928521","numberOfEmployees":{"@type":"QuantitativeValue","minValue":"1","maxValue":"10"}}]},"og_availability":"instock","product_availability":"instock","product_retailer_item_id":"MFW-LYNN-PWDB","product_condition":"new"},"_links":{"self":[{"href":"https:\/\/manurefetish.com\/de\/wp-json\/wp\/v2\/product\/46403","targetHints":{"allow":["GET"]}}],"collection":[{"href":"https:\/\/manurefetish.com\/de\/wp-json\/wp\/v2\/product"}],"about":[{"href":"https:\/\/manurefetish.com\/de\/wp-json\/wp\/v2\/types\/product"}],"replies":[{"embeddable":true,"href":"https:\/\/manurefetish.com\/de\/wp-json\/wp\/v2\/comments?post=46403"}],"version-history":[{"count":0,"href":"https:\/\/manurefetish.com\/de\/wp-json\/wp\/v2\/product\/46403\/revisions"}],"wp:featuredmedia":[{"embeddable":true,"href":"https:\/\/manurefetish.com\/de\/wp-json\/wp\/v2\/media\/198969"}],"wp:attachment":[{"href":"https:\/\/manurefetish.com\/de\/wp-json\/wp\/v2\/media?parent=46403"}],"wp:term":[{"taxonomy":"product_brand","embeddable":true,"href":"https:\/\/manurefetish.com\/de\/wp-json\/wp\/v2\/product_brand?post=46403"},{"taxonomy":"product_cat","embeddable":true,"href":"https:\/\/manurefetish.com\/de\/wp-json\/wp\/v2\/product_cat?post=46403"},{"taxonomy":"product_tag","embeddable":true,"href":"https:\/\/manurefetish.com\/de\/wp-json\/wp\/v2\/product_tag?post=46403"}],"curies":[{"name":"wp","href":"https:\/\/api.w.org\/{rel}","templated":true}]}}