{"id":45769,"date":"2022-01-26T19:32:39","date_gmt":"2022-01-26T18:32:39","guid":{"rendered":"https:\/\/manurefetish.com\/?post_type=product&#038;p=45769"},"modified":"2026-03-24T17:12:01","modified_gmt":"2026-03-24T16:12:01","slug":"caught-and-fucked","status":"publish","type":"product","link":"https:\/\/manurefetish.com\/de\/shop\/videos\/caught-and-fucked\/","title":{"rendered":"Gefangen und gefickt"},"content":{"rendered":"<p>Hey Lyndra hier wieder \ud83d\ude42 Nachdem ich meine erste schmutzige Wichsanleitung beendet hatte. Ich wurde erwischt, w\u00e4hrend ich noch v\u00f6llig bedeckt und geil da sa\u00df. Ich habe versucht, ihm zu erkl\u00e4ren, dass es nicht so ist, wie er dachte, dass es ist. Es scheint ihn nicht zu st\u00f6ren, w\u00e4hrend er anfing, seinen Schwanz damit zu bedecken, wobei ich ihm gerne half. Ich wollte so sehr, dass er mich fickt, also ging ich in die H\u00fcndchenstellung, wo er anfing, meine Muschi zu fingern und darauf zu spucken. Er f\u00e4ngt an, mich in meine nasse und schmutzige Muschi zu ficken, wir wechseln auf die gr\u00f6\u00dfere Couch, wo er mich weiter fickt und auch in meiner Muschi kommt.<\/p>\n<p>&nbsp;<\/p>","protected":false},"excerpt":{"rendered":"<p>Hey Lyndra here again \ud83d\ude42 After I finished my first filthy Jerk off instruction. I got caught while I still was sitting there completely covered and horny. I\u2019ve tried to explain it to him that it\u2019s not he was thinking it is. He seems like he doesn\u2019t mind while he started to cover his cock [&hellip;]<\/p>\n","protected":false},"featured_media":198970,"comment_status":"open","ping_status":"closed","template":"","meta":{"_acf_changed":false,"site-sidebar-layout":"default","site-content-layout":"","ast-site-content-layout":"default","site-content-style":"default","site-sidebar-style":"default","ast-global-header-display":"","ast-banner-title-visibility":"","ast-main-header-display":"","ast-hfb-above-header-display":"","ast-hfb-below-header-display":"","ast-hfb-mobile-header-display":"","site-post-title":"","ast-breadcrumbs-content":"","ast-featured-img":"","footer-sml-layout":"","ast-disable-related-posts":"","theme-transparent-header-meta":"default","adv-header-id-meta":"","stick-header-meta":"","header-above-stick-meta":"","header-main-stick-meta":"","header-below-stick-meta":"","astra-migrate-meta-layouts":"set","ast-page-background-enabled":"default","ast-page-background-meta":{"desktop":{"background-color":"var(--ast-global-color-4)","background-image":"","background-repeat":"repeat","background-position":"center center","background-size":"auto","background-attachment":"scroll","background-type":"","background-media":"","overlay-type":"","overlay-color":"","overlay-opacity":"","overlay-gradient":""},"tablet":{"background-color":"","background-image":"","background-repeat":"repeat","background-position":"center center","background-size":"auto","background-attachment":"scroll","background-type":"","background-media":"","overlay-type":"","overlay-color":"","overlay-opacity":"","overlay-gradient":""},"mobile":{"background-color":"","background-image":"","background-repeat":"repeat","background-position":"center center","background-size":"auto","background-attachment":"scroll","background-type":"","background-media":"","overlay-type":"","overlay-color":"","overlay-opacity":"","overlay-gradient":""}},"ast-content-background-meta":{"desktop":{"background-color":"var(--ast-global-color-5)","background-image":"","background-repeat":"repeat","background-position":"center center","background-size":"auto","background-attachment":"scroll","background-type":"","background-media":"","overlay-type":"","overlay-color":"","overlay-opacity":"","overlay-gradient":""},"tablet":{"background-color":"var(--ast-global-color-5)","background-image":"","background-repeat":"repeat","background-position":"center center","background-size":"auto","background-attachment":"scroll","background-type":"","background-media":"","overlay-type":"","overlay-color":"","overlay-opacity":"","overlay-gradient":""},"mobile":{"background-color":"var(--ast-global-color-5)","background-image":"","background-repeat":"repeat","background-position":"center center","background-size":"auto","background-attachment":"scroll","background-type":"","background-media":"","overlay-type":"","overlay-color":"","overlay-opacity":"","overlay-gradient":""}}},"product_brand":[],"product_cat":[4470],"product_tag":[17,317,318,2551,2869,316,64,3030,2552,54,2419,4572,2841,65,35,32,4135,4646,34,2832,319],"class_list":{"0":"post-45769","1":"product","2":"type-product","3":"status-publish","4":"has-post-thumbnail","6":"product_cat-videos","7":"product_tag-anal","8":"product_tag-asshole","9":"product_tag-boobs","10":"product_tag-couple","11":"product_tag-cumshot","12":"product_tag-cunt","13":"product_tag-dildo","14":"product_tag-download","15":"product_tag-fucking","16":"product_tag-full-covered","17":"product_tag-full-hd","18":"product_tag-human-scat","19":"product_tag-lyndra-lynn","20":"product_tag-naked","21":"product_tag-orgasm","22":"product_tag-pussy","23":"product_tag-scat","24":"product_tag-season-2","25":"product_tag-sex","26":"product_tag-smearing","27":"product_tag-tits","28":"pa_audio-info-stereo","29":"pa_format-mp4","30":"pa_length-11-minutes","31":"pa_product-type-digital-download-video","32":"pa_product-type-usb-stick","33":"pa_size-1-98-gb","34":"pa_video-info-1920x1080p-2","35":"desktop-align-center","36":"tablet-align-left","37":"mobile-align-left","39":"first","40":"instock","41":"shipping-taxable","42":"purchasable","43":"product-type-variable","44":"has-default-attributes"},"exclude_global_add_ons":[],"addons":[],"acf":[],"yoast_head":"<!-- This site is optimized with the Yoast SEO Premium plugin v27.1 (Yoast SEO v27.1.1) - https:\/\/yoast.com\/product\/yoast-seo-premium-wordpress\/ -->\n<title>Caught and fucked - ManureFetish - covered and fucked in my shit<\/title>\n<meta name=\"description\" content=\"Caught and fucked. I get caught after my latest video. He thinks it&#039;s me shit I&#039;m covered in, but I deny it of course\" \/>\n<meta name=\"robots\" content=\"index, follow, max-snippet:-1, max-image-preview:large, max-video-preview:-1\" \/>\n<link rel=\"canonical\" href=\"https:\/\/manurefetish.com\/de\/shop\/videos\/caught-and-fucked\/\" \/>\n<meta property=\"og:locale\" content=\"de_DE\" \/>\n<meta property=\"og:type\" content=\"article\" \/>\n<meta property=\"og:title\" content=\"Caught and fucked\" \/>\n<meta property=\"og:description\" content=\"Caught and fucked. I get caught after my latest video. He thinks it&#039;s me shit I&#039;m covered in, but I deny it of course\" \/>\n<meta property=\"og:url\" content=\"https:\/\/manurefetish.com\/de\/shop\/videos\/caught-and-fucked\/\" \/>\n<meta property=\"og:site_name\" content=\"ManureFetish\" \/>\n<meta property=\"article:publisher\" content=\"https:\/\/www.facebook.com\/manurefetish\/\" \/>\n<meta property=\"article:modified_time\" content=\"2026-03-24T16:12:01+00:00\" \/>\n<meta property=\"og:image\" content=\"https:\/\/manurefetish.com\/wp-content\/uploads\/2022\/01\/Caught-and-Fucked.jpg\" \/>\n\t<meta property=\"og:image:width\" content=\"1728\" \/>\n\t<meta property=\"og:image:height\" content=\"576\" \/>\n\t<meta property=\"og:image:type\" content=\"image\/jpeg\" \/>\n<meta name=\"twitter:card\" content=\"summary_large_image\" \/>\n<meta name=\"twitter:site\" content=\"@Manurefetisch\" \/>\n<script type=\"application\/ld+json\" class=\"yoast-schema-graph\">{\"@context\":\"https:\/\/schema.org\",\"@graph\":[{\"@type\":\"WebPage\",\"@id\":\"https:\/\/manurefetish.com\/shop\/videos\/caught-and-fucked\/\",\"url\":\"https:\/\/manurefetish.com\/shop\/videos\/caught-and-fucked\/\",\"name\":\"Caught and fucked - ManureFetish - covered and fucked in my shit\",\"isPartOf\":{\"@id\":\"https:\/\/manurefetish.com\/#website\"},\"primaryImageOfPage\":{\"@id\":\"https:\/\/manurefetish.com\/shop\/videos\/caught-and-fucked\/#primaryimage\"},\"image\":{\"@id\":\"https:\/\/manurefetish.com\/shop\/videos\/caught-and-fucked\/#primaryimage\"},\"thumbnailUrl\":\"https:\/\/manurefetish.b-cdn.net\/wp-content\/uploads\/2022\/01\/Caught-and-Fucked.jpg\",\"datePublished\":\"2022-01-26T18:32:39+00:00\",\"dateModified\":\"2026-03-24T16:12:01+00:00\",\"description\":\"Caught and fucked. I get caught after my latest video. He thinks it's me shit I'm covered in, but I deny it of course\",\"breadcrumb\":{\"@id\":\"https:\/\/manurefetish.com\/shop\/videos\/caught-and-fucked\/#breadcrumb\"},\"inLanguage\":\"de\",\"potentialAction\":[{\"@type\":\"ReadAction\",\"target\":[\"https:\/\/manurefetish.com\/shop\/videos\/caught-and-fucked\/\"]}]},{\"@type\":\"ImageObject\",\"inLanguage\":\"de\",\"@id\":\"https:\/\/manurefetish.com\/shop\/videos\/caught-and-fucked\/#primaryimage\",\"url\":\"https:\/\/manurefetish.b-cdn.net\/wp-content\/uploads\/2022\/01\/Caught-and-Fucked.jpg\",\"contentUrl\":\"https:\/\/manurefetish.b-cdn.net\/wp-content\/uploads\/2022\/01\/Caught-and-Fucked.jpg\",\"width\":1728,\"height\":576},{\"@type\":\"BreadcrumbList\",\"@id\":\"https:\/\/manurefetish.com\/shop\/videos\/caught-and-fucked\/#breadcrumb\",\"itemListElement\":[{\"@type\":\"ListItem\",\"position\":1,\"name\":\"Home\",\"item\":\"https:\/\/manurefetish.com\/\"},{\"@type\":\"ListItem\",\"position\":2,\"name\":\"Shop\",\"item\":\"https:\/\/manurefetish.com\/shop\/\"},{\"@type\":\"ListItem\",\"position\":3,\"name\":\"Videos\",\"item\":\"https:\/\/manurefetish.com\/product-category\/videos\/\"},{\"@type\":\"ListItem\",\"position\":4,\"name\":\"Caught and fucked\"}]},{\"@type\":\"WebSite\",\"@id\":\"https:\/\/manurefetish.com\/#website\",\"url\":\"https:\/\/manurefetish.com\/\",\"name\":\"ManureFetish\",\"description\":\"ManureFetish Shop\",\"publisher\":{\"@id\":\"https:\/\/manurefetish.com\/#organization\"},\"potentialAction\":[{\"@type\":\"SearchAction\",\"target\":{\"@type\":\"EntryPoint\",\"urlTemplate\":\"https:\/\/manurefetish.com\/?s={search_term_string}\"},\"query-input\":{\"@type\":\"PropertyValueSpecification\",\"valueRequired\":true,\"valueName\":\"search_term_string\"}}],\"inLanguage\":\"de\"},{\"@type\":\"Organization\",\"@id\":\"https:\/\/manurefetish.com\/#organization\",\"name\":\"ManureFetish.com\",\"url\":\"https:\/\/manurefetish.com\/\",\"logo\":{\"@type\":\"ImageObject\",\"inLanguage\":\"de\",\"@id\":\"https:\/\/manurefetish.com\/#\/schema\/logo\/image\/\",\"url\":\"https:\/\/manurefetish.com\/wp-content\/uploads\/2019\/06\/1000xmanurefetishcom-michaela-logo-website-shop.png\",\"contentUrl\":\"https:\/\/manurefetish.com\/wp-content\/uploads\/2019\/06\/1000xmanurefetishcom-michaela-logo-website-shop.png\",\"width\":1000,\"height\":632,\"caption\":\"ManureFetish.com\"},\"image\":{\"@id\":\"https:\/\/manurefetish.com\/#\/schema\/logo\/image\/\"},\"sameAs\":[\"https:\/\/www.facebook.com\/manurefetish\/\",\"https:\/\/x.com\/Manurefetisch\",\"https:\/\/www.youtube.com\/c\/ManureFetish\"],\"description\":\"We're creating various fetish content with female and male models alike.\",\"foundingDate\":\"2019-07-04\",\"vatID\":\"DE366928521\",\"numberOfEmployees\":{\"@type\":\"QuantitativeValue\",\"minValue\":\"1\",\"maxValue\":\"10\"}}]}<\/script>\n<meta property=\"og:availability\" content=\"instock\" \/>\n<meta property=\"product:availability\" content=\"instock\" \/>\n<meta property=\"product:retailer_item_id\" content=\"MFW-LYNN-CAF\" \/>\n<meta property=\"product:condition\" content=\"new\" \/>\n<!-- \/ Yoast SEO Premium plugin. -->","yoast_head_json":{"title":"Gefangen und gefickt - ManureFetish - bedeckt und gefickt in meiner Schei\u00dfe","description":"Gefangen und gefickt. Ich werde nach meinem letzten Video erwischt. Er denkt, dass es meine Schei\u00dfe ist, mit der ich bedeckt bin, aber ich leugne es nat\u00fcrlich","robots":{"index":"index","follow":"follow","max-snippet":"max-snippet:-1","max-image-preview":"max-image-preview:large","max-video-preview":"max-video-preview:-1"},"canonical":"https:\/\/manurefetish.com\/de\/shop\/videos\/caught-and-fucked\/","og_locale":"de_DE","og_type":"article","og_title":"Caught and fucked","og_description":"Caught and fucked. I get caught after my latest video. He thinks it's me shit I'm covered in, but I deny it of course","og_url":"https:\/\/manurefetish.com\/de\/shop\/videos\/caught-and-fucked\/","og_site_name":"ManureFetish","article_publisher":"https:\/\/www.facebook.com\/manurefetish\/","article_modified_time":"2026-03-24T16:12:01+00:00","og_image":[{"width":1728,"height":576,"url":"https:\/\/manurefetish.com\/wp-content\/uploads\/2022\/01\/Caught-and-Fucked.jpg","type":"image\/jpeg"}],"twitter_card":"summary_large_image","twitter_site":"@Manurefetisch","schema":{"@context":"https:\/\/schema.org","@graph":[{"@type":"WebPage","@id":"https:\/\/manurefetish.com\/shop\/videos\/caught-and-fucked\/","url":"https:\/\/manurefetish.com\/shop\/videos\/caught-and-fucked\/","name":"Gefangen und gefickt - ManureFetish - bedeckt und gefickt in meiner Schei\u00dfe","isPartOf":{"@id":"https:\/\/manurefetish.com\/#website"},"primaryImageOfPage":{"@id":"https:\/\/manurefetish.com\/shop\/videos\/caught-and-fucked\/#primaryimage"},"image":{"@id":"https:\/\/manurefetish.com\/shop\/videos\/caught-and-fucked\/#primaryimage"},"thumbnailUrl":"https:\/\/manurefetish.b-cdn.net\/wp-content\/uploads\/2022\/01\/Caught-and-Fucked.jpg","datePublished":"2022-01-26T18:32:39+00:00","dateModified":"2026-03-24T16:12:01+00:00","description":"Gefangen und gefickt. Ich werde nach meinem letzten Video erwischt. Er denkt, dass es meine Schei\u00dfe ist, mit der ich bedeckt bin, aber ich leugne es nat\u00fcrlich","breadcrumb":{"@id":"https:\/\/manurefetish.com\/shop\/videos\/caught-and-fucked\/#breadcrumb"},"inLanguage":"de","potentialAction":[{"@type":"ReadAction","target":["https:\/\/manurefetish.com\/shop\/videos\/caught-and-fucked\/"]}]},{"@type":"ImageObject","inLanguage":"de","@id":"https:\/\/manurefetish.com\/shop\/videos\/caught-and-fucked\/#primaryimage","url":"https:\/\/manurefetish.b-cdn.net\/wp-content\/uploads\/2022\/01\/Caught-and-Fucked.jpg","contentUrl":"https:\/\/manurefetish.b-cdn.net\/wp-content\/uploads\/2022\/01\/Caught-and-Fucked.jpg","width":1728,"height":576},{"@type":"BreadcrumbList","@id":"https:\/\/manurefetish.com\/shop\/videos\/caught-and-fucked\/#breadcrumb","itemListElement":[{"@type":"ListItem","position":1,"name":"Home","item":"https:\/\/manurefetish.com\/"},{"@type":"ListItem","position":2,"name":"Shop","item":"https:\/\/manurefetish.com\/shop\/"},{"@type":"ListItem","position":3,"name":"Videos","item":"https:\/\/manurefetish.com\/product-category\/videos\/"},{"@type":"ListItem","position":4,"name":"Caught and fucked"}]},{"@type":"WebSite","@id":"https:\/\/manurefetish.com\/#website","url":"https:\/\/manurefetish.com\/","name":"ManureFetish","description":"ManureFetish Shop","publisher":{"@id":"https:\/\/manurefetish.com\/#organization"},"potentialAction":[{"@type":"SearchAction","target":{"@type":"EntryPoint","urlTemplate":"https:\/\/manurefetish.com\/?s={search_term_string}"},"query-input":{"@type":"PropertyValueSpecification","valueRequired":true,"valueName":"search_term_string"}}],"inLanguage":"de"},{"@type":"Organization","@id":"https:\/\/manurefetish.com\/#organization","name":"ManureFetish.com","url":"https:\/\/manurefetish.com\/","logo":{"@type":"ImageObject","inLanguage":"de","@id":"https:\/\/manurefetish.com\/#\/schema\/logo\/image\/","url":"https:\/\/manurefetish.com\/wp-content\/uploads\/2019\/06\/1000xmanurefetishcom-michaela-logo-website-shop.png","contentUrl":"https:\/\/manurefetish.com\/wp-content\/uploads\/2019\/06\/1000xmanurefetishcom-michaela-logo-website-shop.png","width":1000,"height":632,"caption":"ManureFetish.com"},"image":{"@id":"https:\/\/manurefetish.com\/#\/schema\/logo\/image\/"},"sameAs":["https:\/\/www.facebook.com\/manurefetish\/","https:\/\/x.com\/Manurefetisch","https:\/\/www.youtube.com\/c\/ManureFetish"],"description":"Wir erstellen verschiedene Fetisch-Inhalte mit weiblichen und m\u00e4nnlichen Models.","foundingDate":"2019-07-04","vatID":"DE366928521","numberOfEmployees":{"@type":"QuantitativeValue","minValue":"1","maxValue":"10"}}]},"og_availability":"instock","product_availability":"instock","product_retailer_item_id":"MFW-LYNN-CAF","product_condition":"new"},"_links":{"self":[{"href":"https:\/\/manurefetish.com\/de\/wp-json\/wp\/v2\/product\/45769","targetHints":{"allow":["GET"]}}],"collection":[{"href":"https:\/\/manurefetish.com\/de\/wp-json\/wp\/v2\/product"}],"about":[{"href":"https:\/\/manurefetish.com\/de\/wp-json\/wp\/v2\/types\/product"}],"replies":[{"embeddable":true,"href":"https:\/\/manurefetish.com\/de\/wp-json\/wp\/v2\/comments?post=45769"}],"version-history":[{"count":0,"href":"https:\/\/manurefetish.com\/de\/wp-json\/wp\/v2\/product\/45769\/revisions"}],"wp:featuredmedia":[{"embeddable":true,"href":"https:\/\/manurefetish.com\/de\/wp-json\/wp\/v2\/media\/198970"}],"wp:attachment":[{"href":"https:\/\/manurefetish.com\/de\/wp-json\/wp\/v2\/media?parent=45769"}],"wp:term":[{"taxonomy":"product_brand","embeddable":true,"href":"https:\/\/manurefetish.com\/de\/wp-json\/wp\/v2\/product_brand?post=45769"},{"taxonomy":"product_cat","embeddable":true,"href":"https:\/\/manurefetish.com\/de\/wp-json\/wp\/v2\/product_cat?post=45769"},{"taxonomy":"product_tag","embeddable":true,"href":"https:\/\/manurefetish.com\/de\/wp-json\/wp\/v2\/product_tag?post=45769"}],"curies":[{"name":"wp","href":"https:\/\/api.w.org\/{rel}","templated":true}]}}