{"id":2573,"date":"2019-08-27T19:42:33","date_gmt":"2019-08-27T19:42:33","guid":{"rendered":"https:\/\/manurefetish.com\/?post_type=product&#038;p=2573"},"modified":"2026-03-24T17:19:11","modified_gmt":"2026-03-24T16:19:11","slug":"mud-and-manure","status":"publish","type":"product","link":"https:\/\/manurefetish.com\/de\/shop\/videos\/mud-and-manure\/","title":{"rendered":"Schlamm &amp; Manure"},"content":{"rendered":"<h2>Drau\u00dfen in der N\u00e4he eines Flusses mit etwas G\u00fclle<\/h2>\n<p><span style=\"color: #000000;\">This location is almost sacred to me. I went there when I was in my teen years, since I didn&#8217;t hat many place where I could go back then. This is a watering place for the cows on the field. At this place there is mud and manure mixed together which makes it a nice place to have some fun. I had the idea to visit my old place, I wanted to see if it was still there and just like it used to be and it was. Before I went in I collected a bucket full of fresh warm cow dung. After that I was ready. This Video contains me jerking off, pushing my face in a fresh cow pat, fucking my ass with a dildo, stuffing my ass with fresh warm cow dung and an inflatable plug and pushing both out again.<\/span><\/p>","protected":false},"excerpt":{"rendered":"<p>Outdoors near a river with some slurry This location is almost sacred to me. I went there when I was in my teen years, since I didn&#8217;t hat many place where I could go back then. This is a watering place for the cows on the field. At this place there is mud and manure [&hellip;]<\/p>\n","protected":false},"featured_media":198916,"comment_status":"open","ping_status":"closed","template":"","meta":{"_acf_changed":false,"site-sidebar-layout":"default","site-content-layout":"","ast-site-content-layout":"default","site-content-style":"default","site-sidebar-style":"default","ast-global-header-display":"","ast-banner-title-visibility":"","ast-main-header-display":"","ast-hfb-above-header-display":"","ast-hfb-below-header-display":"","ast-hfb-mobile-header-display":"","site-post-title":"","ast-breadcrumbs-content":"","ast-featured-img":"","footer-sml-layout":"","ast-disable-related-posts":"","theme-transparent-header-meta":"default","adv-header-id-meta":"","stick-header-meta":"","header-above-stick-meta":"","header-main-stick-meta":"","header-below-stick-meta":"","astra-migrate-meta-layouts":"set","ast-page-background-enabled":"default","ast-page-background-meta":{"desktop":{"background-color":"var(--ast-global-color-4)","background-image":"","background-repeat":"repeat","background-position":"center center","background-size":"auto","background-attachment":"scroll","background-type":"","background-media":"","overlay-type":"","overlay-color":"","overlay-opacity":"","overlay-gradient":""},"tablet":{"background-color":"","background-image":"","background-repeat":"repeat","background-position":"center center","background-size":"auto","background-attachment":"scroll","background-type":"","background-media":"","overlay-type":"","overlay-color":"","overlay-opacity":"","overlay-gradient":""},"mobile":{"background-color":"","background-image":"","background-repeat":"repeat","background-position":"center center","background-size":"auto","background-attachment":"scroll","background-type":"","background-media":"","overlay-type":"","overlay-color":"","overlay-opacity":"","overlay-gradient":""}},"ast-content-background-meta":{"desktop":{"background-color":"var(--ast-global-color-5)","background-image":"","background-repeat":"repeat","background-position":"center center","background-size":"auto","background-attachment":"scroll","background-type":"","background-media":"","overlay-type":"","overlay-color":"","overlay-opacity":"","overlay-gradient":""},"tablet":{"background-color":"var(--ast-global-color-5)","background-image":"","background-repeat":"repeat","background-position":"center center","background-size":"auto","background-attachment":"scroll","background-type":"","background-media":"","overlay-type":"","overlay-color":"","overlay-opacity":"","overlay-gradient":""},"mobile":{"background-color":"var(--ast-global-color-5)","background-image":"","background-repeat":"repeat","background-position":"center center","background-size":"auto","background-attachment":"scroll","background-type":"","background-media":"","overlay-type":"","overlay-color":"","overlay-opacity":"","overlay-gradient":""}}},"product_brand":[],"product_cat":[4470],"product_tag":[17,317,22,2621,362,3030,20,56,21,361,2438,54,2419,30,37,67,18,278,360,359,3425,4482,277,2201,358],"class_list":{"0":"post-2573","1":"product","2":"type-product","3":"status-publish","4":"has-post-thumbnail","6":"product_cat-videos","7":"product_tag-anal","8":"product_tag-asshole","9":"product_tag-butt-plug","10":"product_tag-cow-dung","11":"product_tag-cow-pasture","12":"product_tag-download","13":"product_tag-dung","14":"product_tag-erotic","15":"product_tag-fetish","16":"product_tag-field","17":"product_tag-franky","18":"product_tag-full-covered","19":"product_tag-full-hd","20":"product_tag-inflatable","21":"product_tag-jerk-off","22":"product_tag-liquid","23":"product_tag-manure","24":"product_tag-manure-fetish","25":"product_tag-outdoor","26":"product_tag-pushing-out","27":"product_tag-season-1","28":"product_tag-sex-in-cowshit","29":"product_tag-slurry-bath","30":"product_tag-slurry-porn","31":"product_tag-stuffing","32":"pa_format-mp4","33":"pa_length-38-minutes","34":"pa_product-type-digital-download-video","35":"pa_product-type-usb-stick","36":"pa_productionyear-234","37":"pa_size-4-gb","38":"pa_video-info-1920x1080p-2","39":"desktop-align-center","40":"tablet-align-left","41":"mobile-align-left","43":"first","44":"instock","45":"featured","46":"shipping-taxable","47":"purchasable","48":"product-type-variable","49":"has-default-attributes"},"exclude_global_add_ons":[],"addons":[],"acf":[],"yoast_head":"<!-- This site is optimized with the Yoast SEO Premium plugin v27.1 (Yoast SEO v27.1.1) - https:\/\/yoast.com\/product\/yoast-seo-premium-wordpress\/ -->\n<title>Mud &amp; Manure - ManureFetish - stuffing my ass with cow shit<\/title>\n<meta name=\"description\" content=\"Mud and Manure is about my old place I used to visit when I was younger. At this place mud and cow shit is mixed together. Come check it out.\" \/>\n<meta name=\"robots\" content=\"index, follow, max-snippet:-1, max-image-preview:large, max-video-preview:-1\" \/>\n<link rel=\"canonical\" href=\"https:\/\/manurefetish.com\/de\/shop\/videos\/mud-and-manure\/\" \/>\n<meta property=\"og:locale\" content=\"de_DE\" \/>\n<meta property=\"og:type\" content=\"article\" \/>\n<meta property=\"og:title\" content=\"Mud &amp; Manure\" \/>\n<meta property=\"og:description\" content=\"Mud and Manure is about my old place I used to visit when I was younger. At this place mud and cow shit is mixed together. Come check it out.\" \/>\n<meta property=\"og:url\" content=\"https:\/\/manurefetish.com\/de\/shop\/videos\/mud-and-manure\/\" \/>\n<meta property=\"og:site_name\" content=\"ManureFetish\" \/>\n<meta property=\"article:publisher\" content=\"https:\/\/www.facebook.com\/manurefetish\/\" \/>\n<meta property=\"article:modified_time\" content=\"2026-03-24T16:19:11+00:00\" \/>\n<meta property=\"og:image\" content=\"https:\/\/manurefetish.com\/wp-content\/uploads\/2019\/08\/Franky-Mud-and-Manure-fun.jpg\" \/>\n\t<meta property=\"og:image:width\" content=\"1728\" \/>\n\t<meta property=\"og:image:height\" content=\"576\" \/>\n\t<meta property=\"og:image:type\" content=\"image\/jpeg\" \/>\n<meta name=\"twitter:card\" content=\"summary_large_image\" \/>\n<meta name=\"twitter:site\" content=\"@Manurefetisch\" \/>\n<script type=\"application\/ld+json\" class=\"yoast-schema-graph\">{\"@context\":\"https:\/\/schema.org\",\"@graph\":[{\"@type\":\"WebPage\",\"@id\":\"https:\/\/manurefetish.com\/shop\/videos\/mud-and-manure\/\",\"url\":\"https:\/\/manurefetish.com\/shop\/videos\/mud-and-manure\/\",\"name\":\"Mud & Manure - ManureFetish - stuffing my ass with cow shit\",\"isPartOf\":{\"@id\":\"https:\/\/manurefetish.com\/#website\"},\"primaryImageOfPage\":{\"@id\":\"https:\/\/manurefetish.com\/shop\/videos\/mud-and-manure\/#primaryimage\"},\"image\":{\"@id\":\"https:\/\/manurefetish.com\/shop\/videos\/mud-and-manure\/#primaryimage\"},\"thumbnailUrl\":\"https:\/\/manurefetish.b-cdn.net\/wp-content\/uploads\/2019\/08\/Franky-Mud-and-Manure-fun.jpg\",\"datePublished\":\"2019-08-27T19:42:33+00:00\",\"dateModified\":\"2026-03-24T16:19:11+00:00\",\"description\":\"Mud and Manure is about my old place I used to visit when I was younger. At this place mud and cow shit is mixed together. Come check it out.\",\"breadcrumb\":{\"@id\":\"https:\/\/manurefetish.com\/shop\/videos\/mud-and-manure\/#breadcrumb\"},\"inLanguage\":\"de\",\"potentialAction\":[{\"@type\":\"ReadAction\",\"target\":[\"https:\/\/manurefetish.com\/shop\/videos\/mud-and-manure\/\"]}]},{\"@type\":\"ImageObject\",\"inLanguage\":\"de\",\"@id\":\"https:\/\/manurefetish.com\/shop\/videos\/mud-and-manure\/#primaryimage\",\"url\":\"https:\/\/manurefetish.b-cdn.net\/wp-content\/uploads\/2019\/08\/Franky-Mud-and-Manure-fun.jpg\",\"contentUrl\":\"https:\/\/manurefetish.b-cdn.net\/wp-content\/uploads\/2019\/08\/Franky-Mud-and-Manure-fun.jpg\",\"width\":1728,\"height\":576},{\"@type\":\"BreadcrumbList\",\"@id\":\"https:\/\/manurefetish.com\/shop\/videos\/mud-and-manure\/#breadcrumb\",\"itemListElement\":[{\"@type\":\"ListItem\",\"position\":1,\"name\":\"Home\",\"item\":\"https:\/\/manurefetish.com\/\"},{\"@type\":\"ListItem\",\"position\":2,\"name\":\"Shop\",\"item\":\"https:\/\/manurefetish.com\/shop\/\"},{\"@type\":\"ListItem\",\"position\":3,\"name\":\"Videos\",\"item\":\"https:\/\/manurefetish.com\/product-category\/videos\/\"},{\"@type\":\"ListItem\",\"position\":4,\"name\":\"Mud &#038; Manure\"}]},{\"@type\":\"WebSite\",\"@id\":\"https:\/\/manurefetish.com\/#website\",\"url\":\"https:\/\/manurefetish.com\/\",\"name\":\"ManureFetish\",\"description\":\"ManureFetish Shop\",\"publisher\":{\"@id\":\"https:\/\/manurefetish.com\/#organization\"},\"potentialAction\":[{\"@type\":\"SearchAction\",\"target\":{\"@type\":\"EntryPoint\",\"urlTemplate\":\"https:\/\/manurefetish.com\/?s={search_term_string}\"},\"query-input\":{\"@type\":\"PropertyValueSpecification\",\"valueRequired\":true,\"valueName\":\"search_term_string\"}}],\"inLanguage\":\"de\"},{\"@type\":\"Organization\",\"@id\":\"https:\/\/manurefetish.com\/#organization\",\"name\":\"ManureFetish.com\",\"url\":\"https:\/\/manurefetish.com\/\",\"logo\":{\"@type\":\"ImageObject\",\"inLanguage\":\"de\",\"@id\":\"https:\/\/manurefetish.com\/#\/schema\/logo\/image\/\",\"url\":\"https:\/\/manurefetish.com\/wp-content\/uploads\/2019\/06\/1000xmanurefetishcom-michaela-logo-website-shop.png\",\"contentUrl\":\"https:\/\/manurefetish.com\/wp-content\/uploads\/2019\/06\/1000xmanurefetishcom-michaela-logo-website-shop.png\",\"width\":1000,\"height\":632,\"caption\":\"ManureFetish.com\"},\"image\":{\"@id\":\"https:\/\/manurefetish.com\/#\/schema\/logo\/image\/\"},\"sameAs\":[\"https:\/\/www.facebook.com\/manurefetish\/\",\"https:\/\/x.com\/Manurefetisch\",\"https:\/\/www.youtube.com\/c\/ManureFetish\"],\"description\":\"We're creating various fetish content with female and male models alike.\",\"foundingDate\":\"2019-07-04\",\"vatID\":\"DE366928521\",\"numberOfEmployees\":{\"@type\":\"QuantitativeValue\",\"minValue\":\"1\",\"maxValue\":\"10\"}}]}<\/script>\n<meta property=\"og:availability\" content=\"instock\" \/>\n<meta property=\"product:availability\" content=\"instock\" \/>\n<meta property=\"product:retailer_item_id\" content=\"MFM-MM\" \/>\n<meta property=\"product:condition\" content=\"new\" \/>\n<!-- \/ Yoast SEO Premium plugin. -->","yoast_head_json":{"title":"Mud &amp; Manure - ManureFetish - meinen Arsch mit Kuhschei\u00dfe vollstopfen","description":"In Schlamm und Mist geht es um meinen alten Ort, den ich besucht habe, als ich j\u00fcnger war. An diesem Ort werden Schlamm und Kuhschei\u00dfe zusammengemischt. Komm und schau es dir an.","robots":{"index":"index","follow":"follow","max-snippet":"max-snippet:-1","max-image-preview":"max-image-preview:large","max-video-preview":"max-video-preview:-1"},"canonical":"https:\/\/manurefetish.com\/de\/shop\/videos\/mud-and-manure\/","og_locale":"de_DE","og_type":"article","og_title":"Mud & Manure","og_description":"Mud and Manure is about my old place I used to visit when I was younger. At this place mud and cow shit is mixed together. Come check it out.","og_url":"https:\/\/manurefetish.com\/de\/shop\/videos\/mud-and-manure\/","og_site_name":"ManureFetish","article_publisher":"https:\/\/www.facebook.com\/manurefetish\/","article_modified_time":"2026-03-24T16:19:11+00:00","og_image":[{"width":1728,"height":576,"url":"https:\/\/manurefetish.com\/wp-content\/uploads\/2019\/08\/Franky-Mud-and-Manure-fun.jpg","type":"image\/jpeg"}],"twitter_card":"summary_large_image","twitter_site":"@Manurefetisch","schema":{"@context":"https:\/\/schema.org","@graph":[{"@type":"WebPage","@id":"https:\/\/manurefetish.com\/shop\/videos\/mud-and-manure\/","url":"https:\/\/manurefetish.com\/shop\/videos\/mud-and-manure\/","name":"Mud &amp; Manure - ManureFetish - meinen Arsch mit Kuhschei\u00dfe vollstopfen","isPartOf":{"@id":"https:\/\/manurefetish.com\/#website"},"primaryImageOfPage":{"@id":"https:\/\/manurefetish.com\/shop\/videos\/mud-and-manure\/#primaryimage"},"image":{"@id":"https:\/\/manurefetish.com\/shop\/videos\/mud-and-manure\/#primaryimage"},"thumbnailUrl":"https:\/\/manurefetish.b-cdn.net\/wp-content\/uploads\/2019\/08\/Franky-Mud-and-Manure-fun.jpg","datePublished":"2019-08-27T19:42:33+00:00","dateModified":"2026-03-24T16:19:11+00:00","description":"In Schlamm und Mist geht es um meinen alten Ort, den ich besucht habe, als ich j\u00fcnger war. An diesem Ort werden Schlamm und Kuhschei\u00dfe zusammengemischt. Komm und schau es dir an.","breadcrumb":{"@id":"https:\/\/manurefetish.com\/shop\/videos\/mud-and-manure\/#breadcrumb"},"inLanguage":"de","potentialAction":[{"@type":"ReadAction","target":["https:\/\/manurefetish.com\/shop\/videos\/mud-and-manure\/"]}]},{"@type":"ImageObject","inLanguage":"de","@id":"https:\/\/manurefetish.com\/shop\/videos\/mud-and-manure\/#primaryimage","url":"https:\/\/manurefetish.b-cdn.net\/wp-content\/uploads\/2019\/08\/Franky-Mud-and-Manure-fun.jpg","contentUrl":"https:\/\/manurefetish.b-cdn.net\/wp-content\/uploads\/2019\/08\/Franky-Mud-and-Manure-fun.jpg","width":1728,"height":576},{"@type":"BreadcrumbList","@id":"https:\/\/manurefetish.com\/shop\/videos\/mud-and-manure\/#breadcrumb","itemListElement":[{"@type":"ListItem","position":1,"name":"Home","item":"https:\/\/manurefetish.com\/"},{"@type":"ListItem","position":2,"name":"Shop","item":"https:\/\/manurefetish.com\/shop\/"},{"@type":"ListItem","position":3,"name":"Videos","item":"https:\/\/manurefetish.com\/product-category\/videos\/"},{"@type":"ListItem","position":4,"name":"Mud &#038; Manure"}]},{"@type":"WebSite","@id":"https:\/\/manurefetish.com\/#website","url":"https:\/\/manurefetish.com\/","name":"ManureFetish","description":"ManureFetish Shop","publisher":{"@id":"https:\/\/manurefetish.com\/#organization"},"potentialAction":[{"@type":"SearchAction","target":{"@type":"EntryPoint","urlTemplate":"https:\/\/manurefetish.com\/?s={search_term_string}"},"query-input":{"@type":"PropertyValueSpecification","valueRequired":true,"valueName":"search_term_string"}}],"inLanguage":"de"},{"@type":"Organization","@id":"https:\/\/manurefetish.com\/#organization","name":"ManureFetish.com","url":"https:\/\/manurefetish.com\/","logo":{"@type":"ImageObject","inLanguage":"de","@id":"https:\/\/manurefetish.com\/#\/schema\/logo\/image\/","url":"https:\/\/manurefetish.com\/wp-content\/uploads\/2019\/06\/1000xmanurefetishcom-michaela-logo-website-shop.png","contentUrl":"https:\/\/manurefetish.com\/wp-content\/uploads\/2019\/06\/1000xmanurefetishcom-michaela-logo-website-shop.png","width":1000,"height":632,"caption":"ManureFetish.com"},"image":{"@id":"https:\/\/manurefetish.com\/#\/schema\/logo\/image\/"},"sameAs":["https:\/\/www.facebook.com\/manurefetish\/","https:\/\/x.com\/Manurefetisch","https:\/\/www.youtube.com\/c\/ManureFetish"],"description":"Wir erstellen verschiedene Fetisch-Inhalte mit weiblichen und m\u00e4nnlichen Models.","foundingDate":"2019-07-04","vatID":"DE366928521","numberOfEmployees":{"@type":"QuantitativeValue","minValue":"1","maxValue":"10"}}]},"og_availability":"instock","product_availability":"instock","product_retailer_item_id":"MFM-MM","product_condition":"new"},"_links":{"self":[{"href":"https:\/\/manurefetish.com\/de\/wp-json\/wp\/v2\/product\/2573","targetHints":{"allow":["GET"]}}],"collection":[{"href":"https:\/\/manurefetish.com\/de\/wp-json\/wp\/v2\/product"}],"about":[{"href":"https:\/\/manurefetish.com\/de\/wp-json\/wp\/v2\/types\/product"}],"replies":[{"embeddable":true,"href":"https:\/\/manurefetish.com\/de\/wp-json\/wp\/v2\/comments?post=2573"}],"version-history":[{"count":0,"href":"https:\/\/manurefetish.com\/de\/wp-json\/wp\/v2\/product\/2573\/revisions"}],"wp:featuredmedia":[{"embeddable":true,"href":"https:\/\/manurefetish.com\/de\/wp-json\/wp\/v2\/media\/198916"}],"wp:attachment":[{"href":"https:\/\/manurefetish.com\/de\/wp-json\/wp\/v2\/media?parent=2573"}],"wp:term":[{"taxonomy":"product_brand","embeddable":true,"href":"https:\/\/manurefetish.com\/de\/wp-json\/wp\/v2\/product_brand?post=2573"},{"taxonomy":"product_cat","embeddable":true,"href":"https:\/\/manurefetish.com\/de\/wp-json\/wp\/v2\/product_cat?post=2573"},{"taxonomy":"product_tag","embeddable":true,"href":"https:\/\/manurefetish.com\/de\/wp-json\/wp\/v2\/product_tag?post=2573"}],"curies":[{"name":"wp","href":"https:\/\/api.w.org\/{rel}","templated":true}]}}