{"id":18819,"date":"2020-10-10T20:04:42","date_gmt":"2020-10-10T18:04:42","guid":{"rendered":"https:\/\/manurefetish.com\/?post_type=product&#038;p=18819"},"modified":"2026-03-24T17:18:10","modified_gmt":"2026-03-24T16:18:10","slug":"betty-and-frankys-cow-dung-adventure","status":"publish","type":"product","link":"https:\/\/manurefetish.com\/de\/shop\/videos\/betty-and-frankys-cow-dung-adventure\/","title":{"rendered":"Betty und Frankys Kuhdung Abenteuer"},"content":{"rendered":"<p><span style=\"font-weight: 400; color: #000000;\">Betty und Franky zusammen bei ihrem ersten Paar-Porno im Kuhstall. Sie lieben beide die Kuhdung bis ins Mark. 85 Minuten der verdorbensten und versautesten Sexszenen, die du je gesehen hast.<\/span><\/p>\n<p><span style=\"font-weight: 400; color: #000000;\">Betty und Franky beschlie\u00dfen, ihre Lieblingsfarm zu besuchen und schleichen sich in den Kuhstall. Beide stellen sich direkt vor den manure Kanal und fangen an sich zu k\u00fcssen, nachdem sie sich aufgew\u00e4rmt haben, fangen beide an, sich etwas Kuh dung aus dem Kanal zu schnappen und es auf die Kleidung des anderen zu schmieren. Nach einiger Zeit beschlie\u00dfen beide, gemeinsam ein kurzes Bad in dem cremigen dung zu nehmen, sie bedecken sich gegenseitig mehr und mehr. Nachdem sie herausgeklettert sind, beginnt Betty, Frankys Hose zu \u00f6ffnen, sie will endlich seinen Schwanz schmecken. Sie bedecken sich beide immer mehr, w\u00e4hrend Betty an Frankys Schwanz saugt und wichst. Sie sind beide komplett nackt und sie wollen ein weiteres Bad in der stinkenden, cremigen Kuh dung.\u00a0<\/span><\/p>\n<p><span style=\"font-weight: 400; color: #000000;\">Sie gehen beide hinein und tauchen langsam komplett ab. Danach beginnen sie in der 69er-Position und wechseln zum Cowgirl und dann zum Doggy Style. Beide lieben es, komplett mit G\u00fclle bedeckt zu sein, w\u00e4hrend sie sich gegenseitig ficken.\u00a0<\/span><\/p>\n<p><span style=\"font-weight: 400; color: #000000;\">Betty beginnt zu masturbieren und spritzt in Frankys Mund, den er gerne trinkt. Sie lieben es, von Kopf bis Fu\u00df bedeckt zu sein, also klettern sie wieder hinein und beschmieren sich gegenseitig mehr und mehr. Bettys klettert aus der Grube und setzt sich auf den Rand, so dass Franky ihre mit Kuhdung bedeckte Muschi lecken kann. Sie baden beide weiter in der mit Kuhdung gef\u00fcllten Grube, wechseln die Positionen, saugen und lecken sich gegenseitig und ficken ausgiebig in und au\u00dferhalb des G\u00fcllekanals. Am Ende lutscht Betty Frankys Schwanz so lange, bis er in ihrem Mund fertig ist. Sie k\u00fcssen sich ein letztes Mal und ziehen sich wieder an, damit sie sich aus dem Kuhstall schleichen k\u00f6nnen.<\/span><\/p>\n<p><strong><span style=\"color: #000000;\">Das Video enth\u00e4lt eine Menge Blowjob-, Sex-, Schmier-, 69er-, Spuck- und Badeszenen.<\/span><\/strong><\/p>","protected":false},"excerpt":{"rendered":"<p>Betty and Franky together on their first couple porn in a cowshed. They both love cow dung to the core. 85 minutes of most depraved and filthy sex you\u2019ve ever seen. Betty and Franky decide to visit their favorite farm and sneak into the cowshed. Both get right in front of the manure channel and [&hellip;]<\/p>\n","protected":false},"featured_media":198933,"comment_status":"open","ping_status":"closed","template":"","meta":{"_acf_changed":false,"site-sidebar-layout":"default","site-content-layout":"","ast-site-content-layout":"default","site-content-style":"default","site-sidebar-style":"default","ast-global-header-display":"","ast-banner-title-visibility":"","ast-main-header-display":"","ast-hfb-above-header-display":"","ast-hfb-below-header-display":"","ast-hfb-mobile-header-display":"","site-post-title":"","ast-breadcrumbs-content":"","ast-featured-img":"","footer-sml-layout":"","ast-disable-related-posts":"","theme-transparent-header-meta":"default","adv-header-id-meta":"","stick-header-meta":"","header-above-stick-meta":"","header-main-stick-meta":"","header-below-stick-meta":"","astra-migrate-meta-layouts":"set","ast-page-background-enabled":"default","ast-page-background-meta":{"desktop":{"background-color":"var(--ast-global-color-4)","background-image":"","background-repeat":"repeat","background-position":"center center","background-size":"auto","background-attachment":"scroll","background-type":"","background-media":"","overlay-type":"","overlay-color":"","overlay-opacity":"","overlay-gradient":""},"tablet":{"background-color":"","background-image":"","background-repeat":"repeat","background-position":"center center","background-size":"auto","background-attachment":"scroll","background-type":"","background-media":"","overlay-type":"","overlay-color":"","overlay-opacity":"","overlay-gradient":""},"mobile":{"background-color":"","background-image":"","background-repeat":"repeat","background-position":"center center","background-size":"auto","background-attachment":"scroll","background-type":"","background-media":"","overlay-type":"","overlay-color":"","overlay-opacity":"","overlay-gradient":""}},"ast-content-background-meta":{"desktop":{"background-color":"var(--ast-global-color-5)","background-image":"","background-repeat":"repeat","background-position":"center center","background-size":"auto","background-attachment":"scroll","background-type":"","background-media":"","overlay-type":"","overlay-color":"","overlay-opacity":"","overlay-gradient":""},"tablet":{"background-color":"var(--ast-global-color-5)","background-image":"","background-repeat":"repeat","background-position":"center center","background-size":"auto","background-attachment":"scroll","background-type":"","background-media":"","overlay-type":"","overlay-color":"","overlay-opacity":"","overlay-gradient":""},"mobile":{"background-color":"var(--ast-global-color-5)","background-image":"","background-repeat":"repeat","background-position":"center center","background-size":"auto","background-attachment":"scroll","background-type":"","background-media":"","overlay-type":"","overlay-color":"","overlay-opacity":"","overlay-gradient":""}}},"product_brand":[],"product_cat":[4470],"product_tag":[2577,2476,2555,318,433,47,66,2550,2554,2281,2551,19,2621,2558,118,316,2557,3030,20,56,2204,2304,320,21,321,2438,2552,54,2419,55,2582,37,2556,67,18,52,2206,65,35,2482,32,2553,3425,34,4482,2765,2574,277,2201,2575,2477,2478,29,2576],"class_list":{"0":"post-18819","1":"product","2":"type-product","3":"status-publish","4":"has-post-thumbnail","6":"product_cat-videos","7":"product_tag-2577","8":"product_tag-betty","9":"product_tag-blowjob","10":"product_tag-boobs","11":"product_tag-boy","12":"product_tag-channel","13":"product_tag-clothed","14":"product_tag-cock","15":"product_tag-cock-sucking","16":"product_tag-completely-submerged","17":"product_tag-couple","18":"product_tag-cow","19":"product_tag-cow-dung","20":"product_tag-cowgirl","21":"product_tag-cowshed","22":"product_tag-cunt","23":"product_tag-doggy-style","24":"product_tag-download","25":"product_tag-dung","26":"product_tag-erotic","27":"product_tag-farm-girl","28":"product_tag-farm-porn","29":"product_tag-feet","30":"product_tag-fetish","31":"product_tag-foot","32":"product_tag-franky","33":"product_tag-fucking","34":"product_tag-full-covered","35":"product_tag-full-hd","36":"product_tag-fun","37":"product_tag-jeans","38":"product_tag-jerk-off","39":"product_tag-kissing","40":"product_tag-liquid","41":"product_tag-manure","42":"product_tag-manure-channel","43":"product_tag-masturbation","44":"product_tag-naked","45":"product_tag-orgasm","46":"product_tag-peeing","47":"product_tag-pussy","48":"product_tag-pussy-licking","49":"product_tag-season-1","50":"product_tag-sex","51":"product_tag-sex-in-cowshit","52":"product_tag-sex-in-the-cowshed","53":"product_tag-shirt","54":"product_tag-slurry-bath","55":"product_tag-slurry-porn","56":"product_tag-socks","57":"product_tag-squirt","58":"product_tag-squirting","59":"product_tag-submerging","60":"product_tag-thong","61":"pa_audio-info-stereo","62":"pa_format-mp4","63":"pa_length-85-minutes","64":"pa_product-type-digital-download-full-hd-video","65":"pa_product-type-digital-download-ultra-hd-video","66":"pa_product-type-usb-stick","67":"pa_productionyear-2198","68":"pa_size-20-2-gb","69":"pa_video-info-full-hd-1920x1080p","70":"desktop-align-center","71":"tablet-align-left","72":"mobile-align-left","74":"first","75":"instock","76":"shipping-taxable","77":"purchasable","78":"product-type-variable"},"exclude_global_add_ons":[],"addons":[],"acf":[],"yoast_head":"<!-- This site is optimized with the Yoast SEO Premium plugin v27.1 (Yoast SEO v27.1.1) - https:\/\/yoast.com\/product\/yoast-seo-premium-wordpress\/ -->\n<title>Betty and Frankys Cow Dung Adventure - ManureFetish - Farm Porn<\/title>\n<meta name=\"description\" content=\"Cowshit Adventure Farm Porn, with Betty and Franky together in the manure channel. Both fuck in doggy, cowgirl and various other\" \/>\n<meta name=\"robots\" content=\"index, follow, max-snippet:-1, max-image-preview:large, max-video-preview:-1\" \/>\n<link rel=\"canonical\" href=\"https:\/\/manurefetish.com\/de\/shop\/videos\/betty-and-frankys-cow-dung-adventure\/\" \/>\n<meta property=\"og:locale\" content=\"de_DE\" \/>\n<meta property=\"og:type\" content=\"article\" \/>\n<meta property=\"og:title\" content=\"Betty and Frankys Cow Dung Adventure\" \/>\n<meta property=\"og:description\" content=\"Cowshit Adventure Farm Porn, with Betty and Franky together in the manure channel. Both fuck in doggy, cowgirl and various other\" \/>\n<meta property=\"og:url\" content=\"https:\/\/manurefetish.com\/de\/shop\/videos\/betty-and-frankys-cow-dung-adventure\/\" \/>\n<meta property=\"og:site_name\" content=\"ManureFetish\" \/>\n<meta property=\"article:publisher\" content=\"https:\/\/www.facebook.com\/manurefetish\/\" \/>\n<meta property=\"article:modified_time\" content=\"2026-03-24T16:18:10+00:00\" \/>\n<meta property=\"og:image\" content=\"https:\/\/manurefetish.com\/wp-content\/uploads\/2020\/10\/Betty-and-Frankys-Cowshit-Adventure.jpg\" \/>\n\t<meta property=\"og:image:width\" content=\"1728\" \/>\n\t<meta property=\"og:image:height\" content=\"576\" \/>\n\t<meta property=\"og:image:type\" content=\"image\/jpeg\" \/>\n<meta name=\"twitter:card\" content=\"summary_large_image\" \/>\n<meta name=\"twitter:site\" content=\"@Manurefetisch\" \/>\n<script type=\"application\/ld+json\" class=\"yoast-schema-graph\">{\"@context\":\"https:\/\/schema.org\",\"@graph\":[{\"@type\":\"WebPage\",\"@id\":\"https:\/\/manurefetish.com\/shop\/videos\/betty-and-frankys-cow-dung-adventure\/\",\"url\":\"https:\/\/manurefetish.com\/shop\/videos\/betty-and-frankys-cow-dung-adventure\/\",\"name\":\"Betty and Frankys Cow Dung Adventure - ManureFetish - Farm Porn\",\"isPartOf\":{\"@id\":\"https:\/\/manurefetish.com\/#website\"},\"primaryImageOfPage\":{\"@id\":\"https:\/\/manurefetish.com\/shop\/videos\/betty-and-frankys-cow-dung-adventure\/#primaryimage\"},\"image\":{\"@id\":\"https:\/\/manurefetish.com\/shop\/videos\/betty-and-frankys-cow-dung-adventure\/#primaryimage\"},\"thumbnailUrl\":\"https:\/\/manurefetish.b-cdn.net\/wp-content\/uploads\/2020\/10\/Betty-and-Frankys-Cowshit-Adventure.jpg\",\"datePublished\":\"2020-10-10T18:04:42+00:00\",\"dateModified\":\"2026-03-24T16:18:10+00:00\",\"description\":\"Cowshit Adventure Farm Porn, with Betty and Franky together in the manure channel. Both fuck in doggy, cowgirl and various other\",\"breadcrumb\":{\"@id\":\"https:\/\/manurefetish.com\/shop\/videos\/betty-and-frankys-cow-dung-adventure\/#breadcrumb\"},\"inLanguage\":\"de\",\"potentialAction\":[{\"@type\":\"ReadAction\",\"target\":[\"https:\/\/manurefetish.com\/shop\/videos\/betty-and-frankys-cow-dung-adventure\/\"]}]},{\"@type\":\"ImageObject\",\"inLanguage\":\"de\",\"@id\":\"https:\/\/manurefetish.com\/shop\/videos\/betty-and-frankys-cow-dung-adventure\/#primaryimage\",\"url\":\"https:\/\/manurefetish.b-cdn.net\/wp-content\/uploads\/2020\/10\/Betty-and-Frankys-Cowshit-Adventure.jpg\",\"contentUrl\":\"https:\/\/manurefetish.b-cdn.net\/wp-content\/uploads\/2020\/10\/Betty-and-Frankys-Cowshit-Adventure.jpg\",\"width\":1728,\"height\":576},{\"@type\":\"BreadcrumbList\",\"@id\":\"https:\/\/manurefetish.com\/shop\/videos\/betty-and-frankys-cow-dung-adventure\/#breadcrumb\",\"itemListElement\":[{\"@type\":\"ListItem\",\"position\":1,\"name\":\"Home\",\"item\":\"https:\/\/manurefetish.com\/\"},{\"@type\":\"ListItem\",\"position\":2,\"name\":\"Shop\",\"item\":\"https:\/\/manurefetish.com\/shop\/\"},{\"@type\":\"ListItem\",\"position\":3,\"name\":\"Videos\",\"item\":\"https:\/\/manurefetish.com\/product-category\/videos\/\"},{\"@type\":\"ListItem\",\"position\":4,\"name\":\"Betty and Frankys Cow Dung Adventure\"}]},{\"@type\":\"WebSite\",\"@id\":\"https:\/\/manurefetish.com\/#website\",\"url\":\"https:\/\/manurefetish.com\/\",\"name\":\"ManureFetish\",\"description\":\"ManureFetish Shop\",\"publisher\":{\"@id\":\"https:\/\/manurefetish.com\/#organization\"},\"potentialAction\":[{\"@type\":\"SearchAction\",\"target\":{\"@type\":\"EntryPoint\",\"urlTemplate\":\"https:\/\/manurefetish.com\/?s={search_term_string}\"},\"query-input\":{\"@type\":\"PropertyValueSpecification\",\"valueRequired\":true,\"valueName\":\"search_term_string\"}}],\"inLanguage\":\"de\"},{\"@type\":\"Organization\",\"@id\":\"https:\/\/manurefetish.com\/#organization\",\"name\":\"ManureFetish.com\",\"url\":\"https:\/\/manurefetish.com\/\",\"logo\":{\"@type\":\"ImageObject\",\"inLanguage\":\"de\",\"@id\":\"https:\/\/manurefetish.com\/#\/schema\/logo\/image\/\",\"url\":\"https:\/\/manurefetish.com\/wp-content\/uploads\/2019\/06\/1000xmanurefetishcom-michaela-logo-website-shop.png\",\"contentUrl\":\"https:\/\/manurefetish.com\/wp-content\/uploads\/2019\/06\/1000xmanurefetishcom-michaela-logo-website-shop.png\",\"width\":1000,\"height\":632,\"caption\":\"ManureFetish.com\"},\"image\":{\"@id\":\"https:\/\/manurefetish.com\/#\/schema\/logo\/image\/\"},\"sameAs\":[\"https:\/\/www.facebook.com\/manurefetish\/\",\"https:\/\/x.com\/Manurefetisch\",\"https:\/\/www.youtube.com\/c\/ManureFetish\"],\"description\":\"We're creating various fetish content with female and male models alike.\",\"foundingDate\":\"2019-07-04\",\"vatID\":\"DE366928521\",\"numberOfEmployees\":{\"@type\":\"QuantitativeValue\",\"minValue\":\"1\",\"maxValue\":\"10\"}}]}<\/script>\n<meta property=\"og:availability\" content=\"instock\" \/>\n<meta property=\"product:availability\" content=\"instock\" \/>\n<meta property=\"product:retailer_item_id\" content=\"MFBG-BAFCSA\" \/>\n<meta property=\"product:condition\" content=\"new\" \/>\n<!-- \/ Yoast SEO Premium plugin. -->","yoast_head_json":{"title":"Betty und Frankys Kuhdung Abenteuer - ManureFetish - Farm Porn","description":"Cowshit Adventure Farm Porn, mit Betty und Franky zusammen im G\u00fcllekanal. Beide ficken in Doggy, Cowgirl und verschiedenen anderen","robots":{"index":"index","follow":"follow","max-snippet":"max-snippet:-1","max-image-preview":"max-image-preview:large","max-video-preview":"max-video-preview:-1"},"canonical":"https:\/\/manurefetish.com\/de\/shop\/videos\/betty-and-frankys-cow-dung-adventure\/","og_locale":"de_DE","og_type":"article","og_title":"Betty and Frankys Cow Dung Adventure","og_description":"Cowshit Adventure Farm Porn, with Betty and Franky together in the manure channel. Both fuck in doggy, cowgirl and various other","og_url":"https:\/\/manurefetish.com\/de\/shop\/videos\/betty-and-frankys-cow-dung-adventure\/","og_site_name":"ManureFetish","article_publisher":"https:\/\/www.facebook.com\/manurefetish\/","article_modified_time":"2026-03-24T16:18:10+00:00","og_image":[{"width":1728,"height":576,"url":"https:\/\/manurefetish.com\/wp-content\/uploads\/2020\/10\/Betty-and-Frankys-Cowshit-Adventure.jpg","type":"image\/jpeg"}],"twitter_card":"summary_large_image","twitter_site":"@Manurefetisch","schema":{"@context":"https:\/\/schema.org","@graph":[{"@type":"WebPage","@id":"https:\/\/manurefetish.com\/shop\/videos\/betty-and-frankys-cow-dung-adventure\/","url":"https:\/\/manurefetish.com\/shop\/videos\/betty-and-frankys-cow-dung-adventure\/","name":"Betty und Frankys Kuhdung Abenteuer - ManureFetish - Farm Porn","isPartOf":{"@id":"https:\/\/manurefetish.com\/#website"},"primaryImageOfPage":{"@id":"https:\/\/manurefetish.com\/shop\/videos\/betty-and-frankys-cow-dung-adventure\/#primaryimage"},"image":{"@id":"https:\/\/manurefetish.com\/shop\/videos\/betty-and-frankys-cow-dung-adventure\/#primaryimage"},"thumbnailUrl":"https:\/\/manurefetish.b-cdn.net\/wp-content\/uploads\/2020\/10\/Betty-and-Frankys-Cowshit-Adventure.jpg","datePublished":"2020-10-10T18:04:42+00:00","dateModified":"2026-03-24T16:18:10+00:00","description":"Cowshit Adventure Farm Porn, mit Betty und Franky zusammen im G\u00fcllekanal. Beide ficken in Doggy, Cowgirl und verschiedenen anderen","breadcrumb":{"@id":"https:\/\/manurefetish.com\/shop\/videos\/betty-and-frankys-cow-dung-adventure\/#breadcrumb"},"inLanguage":"de","potentialAction":[{"@type":"ReadAction","target":["https:\/\/manurefetish.com\/shop\/videos\/betty-and-frankys-cow-dung-adventure\/"]}]},{"@type":"ImageObject","inLanguage":"de","@id":"https:\/\/manurefetish.com\/shop\/videos\/betty-and-frankys-cow-dung-adventure\/#primaryimage","url":"https:\/\/manurefetish.b-cdn.net\/wp-content\/uploads\/2020\/10\/Betty-and-Frankys-Cowshit-Adventure.jpg","contentUrl":"https:\/\/manurefetish.b-cdn.net\/wp-content\/uploads\/2020\/10\/Betty-and-Frankys-Cowshit-Adventure.jpg","width":1728,"height":576},{"@type":"BreadcrumbList","@id":"https:\/\/manurefetish.com\/shop\/videos\/betty-and-frankys-cow-dung-adventure\/#breadcrumb","itemListElement":[{"@type":"ListItem","position":1,"name":"Home","item":"https:\/\/manurefetish.com\/"},{"@type":"ListItem","position":2,"name":"Shop","item":"https:\/\/manurefetish.com\/shop\/"},{"@type":"ListItem","position":3,"name":"Videos","item":"https:\/\/manurefetish.com\/product-category\/videos\/"},{"@type":"ListItem","position":4,"name":"Betty and Frankys Cow Dung Adventure"}]},{"@type":"WebSite","@id":"https:\/\/manurefetish.com\/#website","url":"https:\/\/manurefetish.com\/","name":"ManureFetish","description":"ManureFetish Shop","publisher":{"@id":"https:\/\/manurefetish.com\/#organization"},"potentialAction":[{"@type":"SearchAction","target":{"@type":"EntryPoint","urlTemplate":"https:\/\/manurefetish.com\/?s={search_term_string}"},"query-input":{"@type":"PropertyValueSpecification","valueRequired":true,"valueName":"search_term_string"}}],"inLanguage":"de"},{"@type":"Organization","@id":"https:\/\/manurefetish.com\/#organization","name":"ManureFetish.com","url":"https:\/\/manurefetish.com\/","logo":{"@type":"ImageObject","inLanguage":"de","@id":"https:\/\/manurefetish.com\/#\/schema\/logo\/image\/","url":"https:\/\/manurefetish.com\/wp-content\/uploads\/2019\/06\/1000xmanurefetishcom-michaela-logo-website-shop.png","contentUrl":"https:\/\/manurefetish.com\/wp-content\/uploads\/2019\/06\/1000xmanurefetishcom-michaela-logo-website-shop.png","width":1000,"height":632,"caption":"ManureFetish.com"},"image":{"@id":"https:\/\/manurefetish.com\/#\/schema\/logo\/image\/"},"sameAs":["https:\/\/www.facebook.com\/manurefetish\/","https:\/\/x.com\/Manurefetisch","https:\/\/www.youtube.com\/c\/ManureFetish"],"description":"Wir erstellen verschiedene Fetisch-Inhalte mit weiblichen und m\u00e4nnlichen Models.","foundingDate":"2019-07-04","vatID":"DE366928521","numberOfEmployees":{"@type":"QuantitativeValue","minValue":"1","maxValue":"10"}}]},"og_availability":"instock","product_availability":"instock","product_retailer_item_id":"MFBG-BAFCSA","product_condition":"new"},"_links":{"self":[{"href":"https:\/\/manurefetish.com\/de\/wp-json\/wp\/v2\/product\/18819","targetHints":{"allow":["GET"]}}],"collection":[{"href":"https:\/\/manurefetish.com\/de\/wp-json\/wp\/v2\/product"}],"about":[{"href":"https:\/\/manurefetish.com\/de\/wp-json\/wp\/v2\/types\/product"}],"replies":[{"embeddable":true,"href":"https:\/\/manurefetish.com\/de\/wp-json\/wp\/v2\/comments?post=18819"}],"version-history":[{"count":0,"href":"https:\/\/manurefetish.com\/de\/wp-json\/wp\/v2\/product\/18819\/revisions"}],"wp:featuredmedia":[{"embeddable":true,"href":"https:\/\/manurefetish.com\/de\/wp-json\/wp\/v2\/media\/198933"}],"wp:attachment":[{"href":"https:\/\/manurefetish.com\/de\/wp-json\/wp\/v2\/media?parent=18819"}],"wp:term":[{"taxonomy":"product_brand","embeddable":true,"href":"https:\/\/manurefetish.com\/de\/wp-json\/wp\/v2\/product_brand?post=18819"},{"taxonomy":"product_cat","embeddable":true,"href":"https:\/\/manurefetish.com\/de\/wp-json\/wp\/v2\/product_cat?post=18819"},{"taxonomy":"product_tag","embeddable":true,"href":"https:\/\/manurefetish.com\/de\/wp-json\/wp\/v2\/product_tag?post=18819"}],"curies":[{"name":"wp","href":"https:\/\/api.w.org\/{rel}","templated":true}]}}