{"id":176429,"date":"2025-05-19T21:53:45","date_gmt":"2025-05-19T19:53:45","guid":{"rendered":"https:\/\/manurefetish.com\/?post_type=product&#038;p=176429"},"modified":"2026-03-24T15:15:02","modified_gmt":"2026-03-24T14:15:02","slug":"outside-the-cow-barn","status":"publish","type":"product","link":"https:\/\/manurefetish.com\/de\/shop\/videos\/outside-the-cow-barn\/","title":{"rendered":"Au\u00dferhalb des Kuhstalls"},"content":{"rendered":"<p><span style=\"font-weight: 400;\">Es ist ein sch\u00f6ner Abend und Lyndra Lynn und Franky wollen ihn gemeinsam auf der Farm genie\u00dfen. Nach einem stressigen Tag suchen sie etwas zum Entspannen, was sie auch sehr schnell finden. Als sie den Kuhstall verlassen, \u00f6ffnet sich der Au\u00dfenbereich des Stalls vor ihnen. Der ganze Raum ist mit Kuhschei\u00dfe bedeckt und hinter einer Wand befindet sich ein gro\u00dfer Misthaufen. Lyndra beginnt, Franky mit Kuhschei\u00dfe einzuschmieren, bevor er seine Hose herunterzieht und seinen harten Schwanz zum Vorschein bringt. Lyndra wichst ihn ein bisschen und bedeckt ihn mit noch mehr Schei\u00dfe, bevor sie ihm einen sch\u00f6nen Blowjob gibt. Als sie durch die Gegend laufen, finden sie eine sch\u00f6ne Stelle zum Ficken. Franky steht direkt hinter ihr und schiebt seinen Schwanz in Lyndras warme Muschi. Sie wechseln die Position an einer anderen Stelle und werden beide mehr und mehr mit Kuhschei\u00dfe bedeckt. Dann klettern sie \u00fcber die Mauer und sehen eine wirklich sch\u00f6ne Stelle im Misthaufen. Franky geht zuerst hinein und versinkt bis zu den Eiern darin. Lyndra folgt ihm und bringt sich in die richtige Position, um von hinten gefickt zu werden und dann, nachdem sie gewechselt haben, in der Missionarsstellung. Franky bedeckt ihre ganze Brust mit Kuhschei\u00dfe und auch ihr Gesicht, w\u00e4hrend er sie st\u00f6\u00dft. Beide haben eine tolle Zeit zusammen in all dem Dreck, was mit einem sch\u00f6nen Cumshot von Franky endet.<\/span><\/p>","protected":false},"excerpt":{"rendered":"<p>It\u2019s a beautiful evening and Lyndra Lynn and Franky want to enjoy it together on the farm. After a stressful day they seek something to relax, which they find very quickly. As they leave the cow barn the outside area of the barn opens up in front of them. The whole space is covered in [&hellip;]<\/p>\n","protected":false},"featured_media":199412,"comment_status":"open","ping_status":"closed","template":"","meta":{"_acf_changed":false,"site-sidebar-layout":"default","site-content-layout":"","ast-site-content-layout":"default","site-content-style":"default","site-sidebar-style":"default","ast-global-header-display":"","ast-banner-title-visibility":"","ast-main-header-display":"","ast-hfb-above-header-display":"","ast-hfb-below-header-display":"","ast-hfb-mobile-header-display":"","site-post-title":"","ast-breadcrumbs-content":"","ast-featured-img":"","footer-sml-layout":"","ast-disable-related-posts":"","theme-transparent-header-meta":"default","adv-header-id-meta":"","stick-header-meta":"","header-above-stick-meta":"","header-main-stick-meta":"","header-below-stick-meta":"","astra-migrate-meta-layouts":"set","ast-page-background-enabled":"default","ast-page-background-meta":{"desktop":{"background-color":"var(--ast-global-color-4)","background-image":"","background-repeat":"repeat","background-position":"center center","background-size":"auto","background-attachment":"scroll","background-type":"","background-media":"","overlay-type":"","overlay-color":"","overlay-opacity":"","overlay-gradient":""},"tablet":{"background-color":"","background-image":"","background-repeat":"repeat","background-position":"center center","background-size":"auto","background-attachment":"scroll","background-type":"","background-media":"","overlay-type":"","overlay-color":"","overlay-opacity":"","overlay-gradient":""},"mobile":{"background-color":"","background-image":"","background-repeat":"repeat","background-position":"center center","background-size":"auto","background-attachment":"scroll","background-type":"","background-media":"","overlay-type":"","overlay-color":"","overlay-opacity":"","overlay-gradient":""}},"ast-content-background-meta":{"desktop":{"background-color":"var(--ast-global-color-5)","background-image":"","background-repeat":"repeat","background-position":"center center","background-size":"auto","background-attachment":"scroll","background-type":"","background-media":"","overlay-type":"","overlay-color":"","overlay-opacity":"","overlay-gradient":""},"tablet":{"background-color":"var(--ast-global-color-5)","background-image":"","background-repeat":"repeat","background-position":"center center","background-size":"auto","background-attachment":"scroll","background-type":"","background-media":"","overlay-type":"","overlay-color":"","overlay-opacity":"","overlay-gradient":""},"mobile":{"background-color":"var(--ast-global-color-5)","background-image":"","background-repeat":"repeat","background-position":"center center","background-size":"auto","background-attachment":"scroll","background-type":"","background-media":"","overlay-type":"","overlay-color":"","overlay-opacity":"","overlay-gradient":""}}},"product_brand":[],"product_cat":[4470],"product_tag":[4196,317,2623,2555,66,4498,2621,118,3830,4481,3933,3030,2603,3523,2438,2419,4483,2332,2841,3424,18,2285,2206,4484,4485,3174,2602,35,4492,2872,2871,4588,2650,4482,24,2832,2368,3233],"class_list":{"0":"post-176429","1":"product","2":"type-product","3":"status-publish","4":"has-post-thumbnail","6":"product_cat-videos","7":"product_tag-animal-scat","8":"product_tag-asshole","9":"product_tag-barn","10":"product_tag-blowjob","11":"product_tag-clothed","12":"product_tag-couple-in-cow-shit","13":"product_tag-cow-dung","14":"product_tag-cowshed","15":"product_tag-cowshit","16":"product_tag-cowshit-bath","17":"product_tag-doggystyle","18":"product_tag-download","19":"product_tag-dunghill","20":"product_tag-fingering","21":"product_tag-franky","22":"product_tag-full-hd","23":"product_tag-girl-in-cowshit","24":"product_tag-jerking-off","25":"product_tag-lyndra-lynn","26":"product_tag-male","27":"product_tag-manure","28":"product_tag-masturbate","29":"product_tag-masturbation","30":"product_tag-masturbation-in-cowshit","31":"product_tag-milking-room","32":"product_tag-missionary","33":"product_tag-muck-heap","34":"product_tag-orgasm","35":"product_tag-outdoors","36":"product_tag-point-of-view","37":"product_tag-pov","38":"product_tag-season-6","39":"product_tag-sensual","40":"product_tag-sex-in-cowshit","41":"product_tag-slurry","42":"product_tag-smearing","43":"product_tag-ultra-hd","44":"product_tag-waifu","45":"pa_length-26-minutes","46":"pa_product-type-digital-download-full-hd-video","47":"pa_product-type-digital-download-ultra-hd-video","48":"pa_product-type-usb-stick","49":"pa_video-info-full-hd-1920x1080p","50":"pa_video-info-ultra-hd-4k","51":"desktop-align-center","52":"tablet-align-left","53":"mobile-align-left","55":"first","56":"instock","57":"shipping-taxable","58":"purchasable","59":"product-type-variable"},"exclude_global_add_ons":[],"addons":[],"acf":[],"yoast_head":"<!-- This site is optimized with the Yoast SEO Premium plugin v27.1 (Yoast SEO v27.1.1) - https:\/\/yoast.com\/product\/yoast-seo-premium-wordpress\/ -->\n<title>Outside The Cow Barn - ManureFetish<\/title>\n<meta name=\"description\" content=\"Lyndra Lynn Plugged up shit, so much shit in her ass ready to coming out with the buttplug, watch her new lovely scat smearing video.\" \/>\n<meta name=\"robots\" content=\"index, follow, max-snippet:-1, max-image-preview:large, max-video-preview:-1\" \/>\n<link rel=\"canonical\" href=\"https:\/\/manurefetish.com\/de\/shop\/videos\/outside-the-cow-barn\/\" \/>\n<meta property=\"og:locale\" content=\"de_DE\" \/>\n<meta property=\"og:type\" content=\"article\" \/>\n<meta property=\"og:title\" content=\"Outside The Cow Barn\" \/>\n<meta property=\"og:description\" content=\"Lyndra Lynn Plugged up shit, so much shit in her ass ready to coming out with the buttplug, watch her new lovely scat smearing video.\" \/>\n<meta property=\"og:url\" content=\"https:\/\/manurefetish.com\/de\/shop\/videos\/outside-the-cow-barn\/\" \/>\n<meta property=\"og:site_name\" content=\"ManureFetish\" \/>\n<meta property=\"article:publisher\" content=\"https:\/\/www.facebook.com\/manurefetish\/\" \/>\n<meta property=\"article:modified_time\" content=\"2026-03-24T14:15:02+00:00\" \/>\n<meta property=\"og:image\" content=\"https:\/\/manurefetish.com\/wp-content\/uploads\/2025\/05\/outside-the-cowbarn.jpg\" \/>\n\t<meta property=\"og:image:width\" content=\"1728\" \/>\n\t<meta property=\"og:image:height\" content=\"576\" \/>\n\t<meta property=\"og:image:type\" content=\"image\/jpeg\" \/>\n<meta name=\"twitter:card\" content=\"summary_large_image\" \/>\n<meta name=\"twitter:site\" content=\"@Manurefetisch\" \/>\n<script type=\"application\/ld+json\" class=\"yoast-schema-graph\">{\"@context\":\"https:\/\/schema.org\",\"@graph\":[{\"@type\":\"WebPage\",\"@id\":\"https:\/\/manurefetish.com\/shop\/videos\/outside-the-cow-barn\/\",\"url\":\"https:\/\/manurefetish.com\/shop\/videos\/outside-the-cow-barn\/\",\"name\":\"Outside The Cow Barn - ManureFetish\",\"isPartOf\":{\"@id\":\"https:\/\/manurefetish.com\/#website\"},\"primaryImageOfPage\":{\"@id\":\"https:\/\/manurefetish.com\/shop\/videos\/outside-the-cow-barn\/#primaryimage\"},\"image\":{\"@id\":\"https:\/\/manurefetish.com\/shop\/videos\/outside-the-cow-barn\/#primaryimage\"},\"thumbnailUrl\":\"https:\/\/manurefetish.b-cdn.net\/wp-content\/uploads\/2025\/05\/outside-the-cowbarn.jpg\",\"datePublished\":\"2025-05-19T19:53:45+00:00\",\"dateModified\":\"2026-03-24T14:15:02+00:00\",\"description\":\"Lyndra Lynn Plugged up shit, so much shit in her ass ready to coming out with the buttplug, watch her new lovely scat smearing video.\",\"breadcrumb\":{\"@id\":\"https:\/\/manurefetish.com\/shop\/videos\/outside-the-cow-barn\/#breadcrumb\"},\"inLanguage\":\"de\",\"potentialAction\":[{\"@type\":\"ReadAction\",\"target\":[\"https:\/\/manurefetish.com\/shop\/videos\/outside-the-cow-barn\/\"]}]},{\"@type\":\"ImageObject\",\"inLanguage\":\"de\",\"@id\":\"https:\/\/manurefetish.com\/shop\/videos\/outside-the-cow-barn\/#primaryimage\",\"url\":\"https:\/\/manurefetish.b-cdn.net\/wp-content\/uploads\/2025\/05\/outside-the-cowbarn.jpg\",\"contentUrl\":\"https:\/\/manurefetish.b-cdn.net\/wp-content\/uploads\/2025\/05\/outside-the-cowbarn.jpg\",\"width\":1728,\"height\":576},{\"@type\":\"BreadcrumbList\",\"@id\":\"https:\/\/manurefetish.com\/shop\/videos\/outside-the-cow-barn\/#breadcrumb\",\"itemListElement\":[{\"@type\":\"ListItem\",\"position\":1,\"name\":\"Home\",\"item\":\"https:\/\/manurefetish.com\/\"},{\"@type\":\"ListItem\",\"position\":2,\"name\":\"Shop\",\"item\":\"https:\/\/manurefetish.com\/shop\/\"},{\"@type\":\"ListItem\",\"position\":3,\"name\":\"Videos\",\"item\":\"https:\/\/manurefetish.com\/product-category\/videos\/\"},{\"@type\":\"ListItem\",\"position\":4,\"name\":\"Outside The Cow Barn\"}]},{\"@type\":\"WebSite\",\"@id\":\"https:\/\/manurefetish.com\/#website\",\"url\":\"https:\/\/manurefetish.com\/\",\"name\":\"ManureFetish\",\"description\":\"ManureFetish Shop\",\"publisher\":{\"@id\":\"https:\/\/manurefetish.com\/#organization\"},\"potentialAction\":[{\"@type\":\"SearchAction\",\"target\":{\"@type\":\"EntryPoint\",\"urlTemplate\":\"https:\/\/manurefetish.com\/?s={search_term_string}\"},\"query-input\":{\"@type\":\"PropertyValueSpecification\",\"valueRequired\":true,\"valueName\":\"search_term_string\"}}],\"inLanguage\":\"de\"},{\"@type\":\"Organization\",\"@id\":\"https:\/\/manurefetish.com\/#organization\",\"name\":\"ManureFetish.com\",\"url\":\"https:\/\/manurefetish.com\/\",\"logo\":{\"@type\":\"ImageObject\",\"inLanguage\":\"de\",\"@id\":\"https:\/\/manurefetish.com\/#\/schema\/logo\/image\/\",\"url\":\"https:\/\/manurefetish.com\/wp-content\/uploads\/2019\/06\/1000xmanurefetishcom-michaela-logo-website-shop.png\",\"contentUrl\":\"https:\/\/manurefetish.com\/wp-content\/uploads\/2019\/06\/1000xmanurefetishcom-michaela-logo-website-shop.png\",\"width\":1000,\"height\":632,\"caption\":\"ManureFetish.com\"},\"image\":{\"@id\":\"https:\/\/manurefetish.com\/#\/schema\/logo\/image\/\"},\"sameAs\":[\"https:\/\/www.facebook.com\/manurefetish\/\",\"https:\/\/x.com\/Manurefetisch\",\"https:\/\/www.youtube.com\/c\/ManureFetish\"],\"description\":\"We're creating various fetish content with female and male models alike.\",\"foundingDate\":\"2019-07-04\",\"vatID\":\"DE366928521\",\"numberOfEmployees\":{\"@type\":\"QuantitativeValue\",\"minValue\":\"1\",\"maxValue\":\"10\"}}]}<\/script>\n<meta property=\"og:availability\" content=\"instock\" \/>\n<meta property=\"product:availability\" content=\"instock\" \/>\n<meta property=\"product:retailer_item_id\" content=\"MFW-OTCB\" \/>\n<meta property=\"product:condition\" content=\"new\" \/>\n<!-- \/ Yoast SEO Premium plugin. -->","yoast_head_json":{"title":"Au\u00dferhalb des Kuhstalls - ManureFetish","description":"Lyndra Lynn Plugged up shit, so viel Schei\u00dfe in ihrem Arsch bereit, mit dem Buttplug herauszukommen, sieh dir ihr neues sch\u00f6nes Scat Smearing Video an.","robots":{"index":"index","follow":"follow","max-snippet":"max-snippet:-1","max-image-preview":"max-image-preview:large","max-video-preview":"max-video-preview:-1"},"canonical":"https:\/\/manurefetish.com\/de\/shop\/videos\/outside-the-cow-barn\/","og_locale":"de_DE","og_type":"article","og_title":"Outside The Cow Barn","og_description":"Lyndra Lynn Plugged up shit, so much shit in her ass ready to coming out with the buttplug, watch her new lovely scat smearing video.","og_url":"https:\/\/manurefetish.com\/de\/shop\/videos\/outside-the-cow-barn\/","og_site_name":"ManureFetish","article_publisher":"https:\/\/www.facebook.com\/manurefetish\/","article_modified_time":"2026-03-24T14:15:02+00:00","og_image":[{"width":1728,"height":576,"url":"https:\/\/manurefetish.com\/wp-content\/uploads\/2025\/05\/outside-the-cowbarn.jpg","type":"image\/jpeg"}],"twitter_card":"summary_large_image","twitter_site":"@Manurefetisch","schema":{"@context":"https:\/\/schema.org","@graph":[{"@type":"WebPage","@id":"https:\/\/manurefetish.com\/shop\/videos\/outside-the-cow-barn\/","url":"https:\/\/manurefetish.com\/shop\/videos\/outside-the-cow-barn\/","name":"Au\u00dferhalb des Kuhstalls - ManureFetish","isPartOf":{"@id":"https:\/\/manurefetish.com\/#website"},"primaryImageOfPage":{"@id":"https:\/\/manurefetish.com\/shop\/videos\/outside-the-cow-barn\/#primaryimage"},"image":{"@id":"https:\/\/manurefetish.com\/shop\/videos\/outside-the-cow-barn\/#primaryimage"},"thumbnailUrl":"https:\/\/manurefetish.b-cdn.net\/wp-content\/uploads\/2025\/05\/outside-the-cowbarn.jpg","datePublished":"2025-05-19T19:53:45+00:00","dateModified":"2026-03-24T14:15:02+00:00","description":"Lyndra Lynn Plugged up shit, so viel Schei\u00dfe in ihrem Arsch bereit, mit dem Buttplug herauszukommen, sieh dir ihr neues sch\u00f6nes Scat Smearing Video an.","breadcrumb":{"@id":"https:\/\/manurefetish.com\/shop\/videos\/outside-the-cow-barn\/#breadcrumb"},"inLanguage":"de","potentialAction":[{"@type":"ReadAction","target":["https:\/\/manurefetish.com\/shop\/videos\/outside-the-cow-barn\/"]}]},{"@type":"ImageObject","inLanguage":"de","@id":"https:\/\/manurefetish.com\/shop\/videos\/outside-the-cow-barn\/#primaryimage","url":"https:\/\/manurefetish.b-cdn.net\/wp-content\/uploads\/2025\/05\/outside-the-cowbarn.jpg","contentUrl":"https:\/\/manurefetish.b-cdn.net\/wp-content\/uploads\/2025\/05\/outside-the-cowbarn.jpg","width":1728,"height":576},{"@type":"BreadcrumbList","@id":"https:\/\/manurefetish.com\/shop\/videos\/outside-the-cow-barn\/#breadcrumb","itemListElement":[{"@type":"ListItem","position":1,"name":"Home","item":"https:\/\/manurefetish.com\/"},{"@type":"ListItem","position":2,"name":"Shop","item":"https:\/\/manurefetish.com\/shop\/"},{"@type":"ListItem","position":3,"name":"Videos","item":"https:\/\/manurefetish.com\/product-category\/videos\/"},{"@type":"ListItem","position":4,"name":"Outside The Cow Barn"}]},{"@type":"WebSite","@id":"https:\/\/manurefetish.com\/#website","url":"https:\/\/manurefetish.com\/","name":"ManureFetish","description":"ManureFetish Shop","publisher":{"@id":"https:\/\/manurefetish.com\/#organization"},"potentialAction":[{"@type":"SearchAction","target":{"@type":"EntryPoint","urlTemplate":"https:\/\/manurefetish.com\/?s={search_term_string}"},"query-input":{"@type":"PropertyValueSpecification","valueRequired":true,"valueName":"search_term_string"}}],"inLanguage":"de"},{"@type":"Organization","@id":"https:\/\/manurefetish.com\/#organization","name":"ManureFetish.com","url":"https:\/\/manurefetish.com\/","logo":{"@type":"ImageObject","inLanguage":"de","@id":"https:\/\/manurefetish.com\/#\/schema\/logo\/image\/","url":"https:\/\/manurefetish.com\/wp-content\/uploads\/2019\/06\/1000xmanurefetishcom-michaela-logo-website-shop.png","contentUrl":"https:\/\/manurefetish.com\/wp-content\/uploads\/2019\/06\/1000xmanurefetishcom-michaela-logo-website-shop.png","width":1000,"height":632,"caption":"ManureFetish.com"},"image":{"@id":"https:\/\/manurefetish.com\/#\/schema\/logo\/image\/"},"sameAs":["https:\/\/www.facebook.com\/manurefetish\/","https:\/\/x.com\/Manurefetisch","https:\/\/www.youtube.com\/c\/ManureFetish"],"description":"Wir erstellen verschiedene Fetisch-Inhalte mit weiblichen und m\u00e4nnlichen Models.","foundingDate":"2019-07-04","vatID":"DE366928521","numberOfEmployees":{"@type":"QuantitativeValue","minValue":"1","maxValue":"10"}}]},"og_availability":"instock","product_availability":"instock","product_retailer_item_id":"MFW-OTCB","product_condition":"new"},"_links":{"self":[{"href":"https:\/\/manurefetish.com\/de\/wp-json\/wp\/v2\/product\/176429","targetHints":{"allow":["GET"]}}],"collection":[{"href":"https:\/\/manurefetish.com\/de\/wp-json\/wp\/v2\/product"}],"about":[{"href":"https:\/\/manurefetish.com\/de\/wp-json\/wp\/v2\/types\/product"}],"replies":[{"embeddable":true,"href":"https:\/\/manurefetish.com\/de\/wp-json\/wp\/v2\/comments?post=176429"}],"version-history":[{"count":0,"href":"https:\/\/manurefetish.com\/de\/wp-json\/wp\/v2\/product\/176429\/revisions"}],"wp:featuredmedia":[{"embeddable":true,"href":"https:\/\/manurefetish.com\/de\/wp-json\/wp\/v2\/media\/199412"}],"wp:attachment":[{"href":"https:\/\/manurefetish.com\/de\/wp-json\/wp\/v2\/media?parent=176429"}],"wp:term":[{"taxonomy":"product_brand","embeddable":true,"href":"https:\/\/manurefetish.com\/de\/wp-json\/wp\/v2\/product_brand?post=176429"},{"taxonomy":"product_cat","embeddable":true,"href":"https:\/\/manurefetish.com\/de\/wp-json\/wp\/v2\/product_cat?post=176429"},{"taxonomy":"product_tag","embeddable":true,"href":"https:\/\/manurefetish.com\/de\/wp-json\/wp\/v2\/product_tag?post=176429"}],"curies":[{"name":"wp","href":"https:\/\/api.w.org\/{rel}","templated":true}]}}