{"id":147413,"date":"2024-11-07T16:00:28","date_gmt":"2024-11-07T15:00:28","guid":{"rendered":"https:\/\/manurefetish.com\/?post_type=product&#038;p=147413"},"modified":"2026-03-24T15:16:45","modified_gmt":"2026-03-24T14:16:45","slug":"romance-in-the-calf-box","status":"publish","type":"product","link":"https:\/\/manurefetish.com\/de\/shop\/videos\/romance-in-the-calf-box\/","title":{"rendered":"Romantik in der K\u00e4lberbox"},"content":{"rendered":"<p><span style=\"font-weight: 400;\">Franky trifft Lyndra im K\u00e4lberstall, sie sieht etwas verloren aus. Lyndra fragt Franky, was da hinten ist, denn es sieht sehr interessant aus. Sie gehen beide weiter nach hinten zu den K\u00e4lbern, wo sich eine Menge cremiger Kuhschei\u00dfe auf dem Boden befindet. Lyndra zieht ihre Schuhe aus, um sie direkt an ihren F\u00fc\u00dfen zu sp\u00fcren, es gef\u00e4llt ihr sehr und Franky nutzt seine Chance, sie zu mehr zu bewegen. Lyndra kniet auf dem Boden voller Kuhschei\u00dfe und beginnt Frankys Schwanz zu lutschen. Lyndra beschmiert sich selbst und seinen Schwanz mit Kuhschei\u00dfe, w\u00e4hrend sie ihn lutscht, dann l\u00e4sst sie Lyndra sich umdrehen, w\u00e4hrend Franky eine kleine Schaufel mit Kuhschei\u00dfe herauszieht. Er l\u00e4sst die Schei\u00dfe von der Schaufel auf Lyndras Arsch tropfen und verschmiert sie \u00fcberall, bevor er beginnt, sie in Doggy zu ficken.<br \/>\nNach einer Weile stehen sie beide auf und Lyndra will zum vorderen Teil der K\u00e4lberbox gehen, weil sie dort auch viel Kuhschei\u00dfe gesehen hat. Also gehen sie beide zusammen dorthin und machen dort weiter, wo sie aufgeh\u00f6rt haben. Lyndra f\u00e4ngt wieder an, Franky einen zu blasen, bevor er sie weiter in der Missionarsstellung fickt. Er und Lyndra nutzen nat\u00fcrlich jede Gelegenheit, um sich gegenseitig mit Kuhschei\u00dfe einzureiben. Die beiden haben eine tolle Zeit in der K\u00e4lberbox, wechseln mehrmals die Positionen und ficken so viel sie wollen. Schlie\u00dflich wichst Lyndra Frankys Schwanz, bis er es nicht mehr aush\u00e4lt und seine Ladung abschie\u00dft.<\/span><\/p>","protected":false},"excerpt":{"rendered":"<p>Franky meets Lyndra in the calf barn, she looks a bit lost. Lyndra asks Franky what&#8217;s back there, as it looks very interesting. They both go further behind to the calves, where there is a lot of creamy cow shit on the floor. Lyndra takes off her shoes to feel it directly on her feet, [&hellip;]<\/p>\n","protected":false},"featured_media":199252,"comment_status":"open","ping_status":"closed","template":"","meta":{"_acf_changed":false,"site-sidebar-layout":"default","site-content-layout":"","ast-site-content-layout":"default","site-content-style":"default","site-sidebar-style":"default","ast-global-header-display":"","ast-banner-title-visibility":"","ast-main-header-display":"","ast-hfb-above-header-display":"","ast-hfb-below-header-display":"","ast-hfb-mobile-header-display":"","site-post-title":"","ast-breadcrumbs-content":"","ast-featured-img":"","footer-sml-layout":"","ast-disable-related-posts":"","theme-transparent-header-meta":"default","adv-header-id-meta":"","stick-header-meta":"","header-above-stick-meta":"","header-main-stick-meta":"","header-below-stick-meta":"","astra-migrate-meta-layouts":"set","ast-page-background-enabled":"default","ast-page-background-meta":{"desktop":{"background-color":"var(--ast-global-color-4)","background-image":"","background-repeat":"repeat","background-position":"center center","background-size":"auto","background-attachment":"scroll","background-type":"","background-media":"","overlay-type":"","overlay-color":"","overlay-opacity":"","overlay-gradient":""},"tablet":{"background-color":"","background-image":"","background-repeat":"repeat","background-position":"center center","background-size":"auto","background-attachment":"scroll","background-type":"","background-media":"","overlay-type":"","overlay-color":"","overlay-opacity":"","overlay-gradient":""},"mobile":{"background-color":"","background-image":"","background-repeat":"repeat","background-position":"center center","background-size":"auto","background-attachment":"scroll","background-type":"","background-media":"","overlay-type":"","overlay-color":"","overlay-opacity":"","overlay-gradient":""}},"ast-content-background-meta":{"desktop":{"background-color":"var(--ast-global-color-5)","background-image":"","background-repeat":"repeat","background-position":"center center","background-size":"auto","background-attachment":"scroll","background-type":"","background-media":"","overlay-type":"","overlay-color":"","overlay-opacity":"","overlay-gradient":""},"tablet":{"background-color":"var(--ast-global-color-5)","background-image":"","background-repeat":"repeat","background-position":"center center","background-size":"auto","background-attachment":"scroll","background-type":"","background-media":"","overlay-type":"","overlay-color":"","overlay-opacity":"","overlay-gradient":""},"mobile":{"background-color":"var(--ast-global-color-5)","background-image":"","background-repeat":"repeat","background-position":"center center","background-size":"auto","background-attachment":"scroll","background-type":"","background-media":"","overlay-type":"","overlay-color":"","overlay-opacity":"","overlay-gradient":""}}},"product_brand":[],"product_cat":[4470],"product_tag":[4196,317,2555,318,4353,4354,4228,2631,2551,2621,2607,118,3830,2869,316,3933,3030,2624,3523,2438,2552,2419,2841,18,2285,2206,3174,65,2710,35,360,2482,3539,2872,2871,32,4352,4199,2650,4482,4233,24,2832,2368,3233],"class_list":{"0":"post-147413","1":"product","2":"type-product","3":"status-publish","4":"has-post-thumbnail","6":"product_cat-videos","7":"product_tag-animal-scat","8":"product_tag-asshole","9":"product_tag-blowjob","10":"product_tag-boobs","11":"product_tag-calf-box","12":"product_tag-calves","13":"product_tag-clit","14":"product_tag-completely-covered","15":"product_tag-couple","16":"product_tag-cow-dung","17":"product_tag-cowdung","18":"product_tag-cowshed","19":"product_tag-cowshit","20":"product_tag-cumshot","21":"product_tag-cunt","22":"product_tag-doggystyle","23":"product_tag-download","24":"product_tag-farm","25":"product_tag-fingering","26":"product_tag-franky","27":"product_tag-fucking","28":"product_tag-full-hd","29":"product_tag-lyndra-lynn","30":"product_tag-manure","31":"product_tag-masturbate","32":"product_tag-masturbation","33":"product_tag-missionary","34":"product_tag-naked","35":"product_tag-oral","36":"product_tag-orgasm","37":"product_tag-outdoor","38":"product_tag-peeing","39":"product_tag-piss","40":"product_tag-point-of-view","41":"product_tag-pov","42":"product_tag-pussy","43":"product_tag-romance","44":"product_tag-season-5","45":"product_tag-sensual","46":"product_tag-sex-in-cowshit","47":"product_tag-shit","48":"product_tag-slurry","49":"product_tag-smearing","50":"product_tag-ultra-hd","51":"product_tag-waifu","52":"pa_length-28-minutes","53":"pa_product-type-digital-download-full-hd-video","54":"pa_product-type-digital-download-ultra-hd-video","55":"pa_product-type-usb-stick","56":"pa_video-info-full-hd-1920x1080p","57":"pa_video-info-ultra-hd-4k","58":"desktop-align-center","59":"tablet-align-left","60":"mobile-align-left","62":"first","63":"instock","64":"shipping-taxable","65":"purchasable","66":"product-type-variable"},"exclude_global_add_ons":[],"addons":[],"acf":[],"yoast_head":"<!-- This site is optimized with the Yoast SEO Premium plugin v27.1 (Yoast SEO v27.1.1) - https:\/\/yoast.com\/product\/yoast-seo-premium-wordpress\/ -->\n<title>Romance In The Calf Box - ManureFetish<\/title>\n<meta name=\"description\" content=\"Romance In The Calf Box, Lyndra is waiting for Franky in the cowshed where the calves are because they want to have fun in a new location.\" \/>\n<meta name=\"robots\" content=\"index, follow, max-snippet:-1, max-image-preview:large, max-video-preview:-1\" \/>\n<link rel=\"canonical\" href=\"https:\/\/manurefetish.com\/de\/shop\/videos\/romance-in-the-calf-box\/\" \/>\n<meta property=\"og:locale\" content=\"de_DE\" \/>\n<meta property=\"og:type\" content=\"article\" \/>\n<meta property=\"og:title\" content=\"Romance In The Calf Box\" \/>\n<meta property=\"og:description\" content=\"Romance In The Calf Box, Lyndra is waiting for Franky in the cowshed where the calves are because they want to have fun in a new location.\" \/>\n<meta property=\"og:url\" content=\"https:\/\/manurefetish.com\/de\/shop\/videos\/romance-in-the-calf-box\/\" \/>\n<meta property=\"og:site_name\" content=\"ManureFetish\" \/>\n<meta property=\"article:publisher\" content=\"https:\/\/www.facebook.com\/manurefetish\/\" \/>\n<meta property=\"article:modified_time\" content=\"2026-03-24T14:16:45+00:00\" \/>\n<meta property=\"og:image\" content=\"https:\/\/manurefetish.com\/wp-content\/uploads\/2024\/11\/Romance-in-the-Calf-Box-1.jpg\" \/>\n\t<meta property=\"og:image:width\" content=\"1728\" \/>\n\t<meta property=\"og:image:height\" content=\"576\" \/>\n\t<meta property=\"og:image:type\" content=\"image\/jpeg\" \/>\n<meta name=\"twitter:card\" content=\"summary_large_image\" \/>\n<meta name=\"twitter:site\" content=\"@Manurefetisch\" \/>\n<script type=\"application\/ld+json\" class=\"yoast-schema-graph\">{\"@context\":\"https:\/\/schema.org\",\"@graph\":[{\"@type\":\"WebPage\",\"@id\":\"https:\/\/manurefetish.com\/shop\/videos\/romance-in-the-calf-box\/\",\"url\":\"https:\/\/manurefetish.com\/shop\/videos\/romance-in-the-calf-box\/\",\"name\":\"Romance In The Calf Box - ManureFetish\",\"isPartOf\":{\"@id\":\"https:\/\/manurefetish.com\/#website\"},\"primaryImageOfPage\":{\"@id\":\"https:\/\/manurefetish.com\/shop\/videos\/romance-in-the-calf-box\/#primaryimage\"},\"image\":{\"@id\":\"https:\/\/manurefetish.com\/shop\/videos\/romance-in-the-calf-box\/#primaryimage\"},\"thumbnailUrl\":\"https:\/\/manurefetish.b-cdn.net\/wp-content\/uploads\/2024\/11\/Romance-in-the-Calf-Box-1.jpg\",\"datePublished\":\"2024-11-07T15:00:28+00:00\",\"dateModified\":\"2026-03-24T14:16:45+00:00\",\"description\":\"Romance In The Calf Box, Lyndra is waiting for Franky in the cowshed where the calves are because they want to have fun in a new location.\",\"breadcrumb\":{\"@id\":\"https:\/\/manurefetish.com\/shop\/videos\/romance-in-the-calf-box\/#breadcrumb\"},\"inLanguage\":\"de\",\"potentialAction\":[{\"@type\":\"ReadAction\",\"target\":[\"https:\/\/manurefetish.com\/shop\/videos\/romance-in-the-calf-box\/\"]}]},{\"@type\":\"ImageObject\",\"inLanguage\":\"de\",\"@id\":\"https:\/\/manurefetish.com\/shop\/videos\/romance-in-the-calf-box\/#primaryimage\",\"url\":\"https:\/\/manurefetish.b-cdn.net\/wp-content\/uploads\/2024\/11\/Romance-in-the-Calf-Box-1.jpg\",\"contentUrl\":\"https:\/\/manurefetish.b-cdn.net\/wp-content\/uploads\/2024\/11\/Romance-in-the-Calf-Box-1.jpg\",\"width\":1728,\"height\":576},{\"@type\":\"BreadcrumbList\",\"@id\":\"https:\/\/manurefetish.com\/shop\/videos\/romance-in-the-calf-box\/#breadcrumb\",\"itemListElement\":[{\"@type\":\"ListItem\",\"position\":1,\"name\":\"Home\",\"item\":\"https:\/\/manurefetish.com\/\"},{\"@type\":\"ListItem\",\"position\":2,\"name\":\"Shop\",\"item\":\"https:\/\/manurefetish.com\/shop\/\"},{\"@type\":\"ListItem\",\"position\":3,\"name\":\"Videos\",\"item\":\"https:\/\/manurefetish.com\/product-category\/videos\/\"},{\"@type\":\"ListItem\",\"position\":4,\"name\":\"Romance In The Calf Box\"}]},{\"@type\":\"WebSite\",\"@id\":\"https:\/\/manurefetish.com\/#website\",\"url\":\"https:\/\/manurefetish.com\/\",\"name\":\"ManureFetish\",\"description\":\"ManureFetish Shop\",\"publisher\":{\"@id\":\"https:\/\/manurefetish.com\/#organization\"},\"potentialAction\":[{\"@type\":\"SearchAction\",\"target\":{\"@type\":\"EntryPoint\",\"urlTemplate\":\"https:\/\/manurefetish.com\/?s={search_term_string}\"},\"query-input\":{\"@type\":\"PropertyValueSpecification\",\"valueRequired\":true,\"valueName\":\"search_term_string\"}}],\"inLanguage\":\"de\"},{\"@type\":\"Organization\",\"@id\":\"https:\/\/manurefetish.com\/#organization\",\"name\":\"ManureFetish.com\",\"url\":\"https:\/\/manurefetish.com\/\",\"logo\":{\"@type\":\"ImageObject\",\"inLanguage\":\"de\",\"@id\":\"https:\/\/manurefetish.com\/#\/schema\/logo\/image\/\",\"url\":\"https:\/\/manurefetish.com\/wp-content\/uploads\/2019\/06\/1000xmanurefetishcom-michaela-logo-website-shop.png\",\"contentUrl\":\"https:\/\/manurefetish.com\/wp-content\/uploads\/2019\/06\/1000xmanurefetishcom-michaela-logo-website-shop.png\",\"width\":1000,\"height\":632,\"caption\":\"ManureFetish.com\"},\"image\":{\"@id\":\"https:\/\/manurefetish.com\/#\/schema\/logo\/image\/\"},\"sameAs\":[\"https:\/\/www.facebook.com\/manurefetish\/\",\"https:\/\/x.com\/Manurefetisch\",\"https:\/\/www.youtube.com\/c\/ManureFetish\"],\"description\":\"We're creating various fetish content with female and male models alike.\",\"foundingDate\":\"2019-07-04\",\"vatID\":\"DE366928521\",\"numberOfEmployees\":{\"@type\":\"QuantitativeValue\",\"minValue\":\"1\",\"maxValue\":\"10\"}}]}<\/script>\n<meta property=\"og:availability\" content=\"instock\" \/>\n<meta property=\"product:availability\" content=\"instock\" \/>\n<meta property=\"product:retailer_item_id\" content=\"MFW-RITCB\" \/>\n<meta property=\"product:condition\" content=\"new\" \/>\n<!-- \/ Yoast SEO Premium plugin. -->","yoast_head_json":{"title":"Romantik in der K\u00e4lberbox - ManureFetish","description":"Romance In The Calf Box, Lyndra wartet auf Franky im Kuhstall, wo die K\u00e4lber sind, weil sie an einem neuen Ort Spa\u00df haben wollen.","robots":{"index":"index","follow":"follow","max-snippet":"max-snippet:-1","max-image-preview":"max-image-preview:large","max-video-preview":"max-video-preview:-1"},"canonical":"https:\/\/manurefetish.com\/de\/shop\/videos\/romance-in-the-calf-box\/","og_locale":"de_DE","og_type":"article","og_title":"Romance In The Calf Box","og_description":"Romance In The Calf Box, Lyndra is waiting for Franky in the cowshed where the calves are because they want to have fun in a new location.","og_url":"https:\/\/manurefetish.com\/de\/shop\/videos\/romance-in-the-calf-box\/","og_site_name":"ManureFetish","article_publisher":"https:\/\/www.facebook.com\/manurefetish\/","article_modified_time":"2026-03-24T14:16:45+00:00","og_image":[{"width":1728,"height":576,"url":"https:\/\/manurefetish.com\/wp-content\/uploads\/2024\/11\/Romance-in-the-Calf-Box-1.jpg","type":"image\/jpeg"}],"twitter_card":"summary_large_image","twitter_site":"@Manurefetisch","schema":{"@context":"https:\/\/schema.org","@graph":[{"@type":"WebPage","@id":"https:\/\/manurefetish.com\/shop\/videos\/romance-in-the-calf-box\/","url":"https:\/\/manurefetish.com\/shop\/videos\/romance-in-the-calf-box\/","name":"Romantik in der K\u00e4lberbox - ManureFetish","isPartOf":{"@id":"https:\/\/manurefetish.com\/#website"},"primaryImageOfPage":{"@id":"https:\/\/manurefetish.com\/shop\/videos\/romance-in-the-calf-box\/#primaryimage"},"image":{"@id":"https:\/\/manurefetish.com\/shop\/videos\/romance-in-the-calf-box\/#primaryimage"},"thumbnailUrl":"https:\/\/manurefetish.b-cdn.net\/wp-content\/uploads\/2024\/11\/Romance-in-the-Calf-Box-1.jpg","datePublished":"2024-11-07T15:00:28+00:00","dateModified":"2026-03-24T14:16:45+00:00","description":"Romance In The Calf Box, Lyndra wartet auf Franky im Kuhstall, wo die K\u00e4lber sind, weil sie an einem neuen Ort Spa\u00df haben wollen.","breadcrumb":{"@id":"https:\/\/manurefetish.com\/shop\/videos\/romance-in-the-calf-box\/#breadcrumb"},"inLanguage":"de","potentialAction":[{"@type":"ReadAction","target":["https:\/\/manurefetish.com\/shop\/videos\/romance-in-the-calf-box\/"]}]},{"@type":"ImageObject","inLanguage":"de","@id":"https:\/\/manurefetish.com\/shop\/videos\/romance-in-the-calf-box\/#primaryimage","url":"https:\/\/manurefetish.b-cdn.net\/wp-content\/uploads\/2024\/11\/Romance-in-the-Calf-Box-1.jpg","contentUrl":"https:\/\/manurefetish.b-cdn.net\/wp-content\/uploads\/2024\/11\/Romance-in-the-Calf-Box-1.jpg","width":1728,"height":576},{"@type":"BreadcrumbList","@id":"https:\/\/manurefetish.com\/shop\/videos\/romance-in-the-calf-box\/#breadcrumb","itemListElement":[{"@type":"ListItem","position":1,"name":"Home","item":"https:\/\/manurefetish.com\/"},{"@type":"ListItem","position":2,"name":"Shop","item":"https:\/\/manurefetish.com\/shop\/"},{"@type":"ListItem","position":3,"name":"Videos","item":"https:\/\/manurefetish.com\/product-category\/videos\/"},{"@type":"ListItem","position":4,"name":"Romance In The Calf Box"}]},{"@type":"WebSite","@id":"https:\/\/manurefetish.com\/#website","url":"https:\/\/manurefetish.com\/","name":"ManureFetish","description":"ManureFetish Shop","publisher":{"@id":"https:\/\/manurefetish.com\/#organization"},"potentialAction":[{"@type":"SearchAction","target":{"@type":"EntryPoint","urlTemplate":"https:\/\/manurefetish.com\/?s={search_term_string}"},"query-input":{"@type":"PropertyValueSpecification","valueRequired":true,"valueName":"search_term_string"}}],"inLanguage":"de"},{"@type":"Organization","@id":"https:\/\/manurefetish.com\/#organization","name":"ManureFetish.com","url":"https:\/\/manurefetish.com\/","logo":{"@type":"ImageObject","inLanguage":"de","@id":"https:\/\/manurefetish.com\/#\/schema\/logo\/image\/","url":"https:\/\/manurefetish.com\/wp-content\/uploads\/2019\/06\/1000xmanurefetishcom-michaela-logo-website-shop.png","contentUrl":"https:\/\/manurefetish.com\/wp-content\/uploads\/2019\/06\/1000xmanurefetishcom-michaela-logo-website-shop.png","width":1000,"height":632,"caption":"ManureFetish.com"},"image":{"@id":"https:\/\/manurefetish.com\/#\/schema\/logo\/image\/"},"sameAs":["https:\/\/www.facebook.com\/manurefetish\/","https:\/\/x.com\/Manurefetisch","https:\/\/www.youtube.com\/c\/ManureFetish"],"description":"Wir erstellen verschiedene Fetisch-Inhalte mit weiblichen und m\u00e4nnlichen Models.","foundingDate":"2019-07-04","vatID":"DE366928521","numberOfEmployees":{"@type":"QuantitativeValue","minValue":"1","maxValue":"10"}}]},"og_availability":"instock","product_availability":"instock","product_retailer_item_id":"MFW-RITCB","product_condition":"new"},"_links":{"self":[{"href":"https:\/\/manurefetish.com\/de\/wp-json\/wp\/v2\/product\/147413","targetHints":{"allow":["GET"]}}],"collection":[{"href":"https:\/\/manurefetish.com\/de\/wp-json\/wp\/v2\/product"}],"about":[{"href":"https:\/\/manurefetish.com\/de\/wp-json\/wp\/v2\/types\/product"}],"replies":[{"embeddable":true,"href":"https:\/\/manurefetish.com\/de\/wp-json\/wp\/v2\/comments?post=147413"}],"version-history":[{"count":0,"href":"https:\/\/manurefetish.com\/de\/wp-json\/wp\/v2\/product\/147413\/revisions"}],"wp:featuredmedia":[{"embeddable":true,"href":"https:\/\/manurefetish.com\/de\/wp-json\/wp\/v2\/media\/199252"}],"wp:attachment":[{"href":"https:\/\/manurefetish.com\/de\/wp-json\/wp\/v2\/media?parent=147413"}],"wp:term":[{"taxonomy":"product_brand","embeddable":true,"href":"https:\/\/manurefetish.com\/de\/wp-json\/wp\/v2\/product_brand?post=147413"},{"taxonomy":"product_cat","embeddable":true,"href":"https:\/\/manurefetish.com\/de\/wp-json\/wp\/v2\/product_cat?post=147413"},{"taxonomy":"product_tag","embeddable":true,"href":"https:\/\/manurefetish.com\/de\/wp-json\/wp\/v2\/product_tag?post=147413"}],"curies":[{"name":"wp","href":"https:\/\/api.w.org\/{rel}","templated":true}]}}