{"id":108570,"date":"2023-12-14T19:42:36","date_gmt":"2023-12-14T18:42:36","guid":{"rendered":"https:\/\/manurefetish.com\/?post_type=product&#038;p=108570"},"modified":"2026-03-24T15:27:28","modified_gmt":"2026-03-24T14:27:28","slug":"rada-brewer-filling-my-swimsuit","status":"publish","type":"product","link":"https:\/\/manurefetish.com\/de\/shop\/videos\/rada-brewer-filling-my-swimsuit\/","title":{"rendered":"Rada Brewer Filling My Swimsuit"},"content":{"rendered":"<p><span style=\"font-weight: 400;\">Rada Brewer ist zur\u00fcck, diesmal in ihrem sexy Badeanzug. Sie will eine warme G\u00fclledusche genie\u00dfen. Sie kommt in die Scheune und geht direkt zum Rohr hin\u00fcber und kniet sich hin. Dann kommt der cremige Dung von oben direkt auf sie. Rada \u00f6ffnet ihren Badeanzug, so dass er sich mit immer mehr cremiger warmer Kuhdung f\u00fcllt. Sie genie\u00dft ihre Dusche und die Tatsache, dass sie mit diesem ganzen Dreck bedeckt ist. Jetzt ist es an der Zeit, dass sie noch mehr Spa\u00df hat. Sie greift in ihren Badeanzug und beginnt, ihre Muschi zu reiben. Als sie zwischendurch die Position wechselt, tropft noch mehr Kot von oben auf sie oder auf ihre Muschi und ihren Arsch. Sie schnappt sich auch einen Dildo und einen Butt Plug und fickt ihre Muschi und ihr Arschloch hart in verschiedenen Positionen.<\/span><\/p>","protected":false},"excerpt":{"rendered":"<p>Rada Brewer is back this time in her sexy swimsuit, she wants to enjoy a warm manure shower. She comes into the barn and walks directly over to the pipe and kneels down. Then the creamy dung comes from above directly on her. Rada opens her swimsuit so it fills with more and more creamy [&hellip;]<\/p>\n","protected":false},"featured_media":199189,"comment_status":"open","ping_status":"closed","template":"","meta":{"_acf_changed":false,"site-sidebar-layout":"default","site-content-layout":"","ast-site-content-layout":"default","site-content-style":"default","site-sidebar-style":"default","ast-global-header-display":"","ast-banner-title-visibility":"","ast-main-header-display":"","ast-hfb-above-header-display":"","ast-hfb-below-header-display":"","ast-hfb-mobile-header-display":"","site-post-title":"","ast-breadcrumbs-content":"","ast-featured-img":"","footer-sml-layout":"","ast-disable-related-posts":"","theme-transparent-header-meta":"default","adv-header-id-meta":"","stick-header-meta":"","header-above-stick-meta":"","header-main-stick-meta":"","header-below-stick-meta":"","astra-migrate-meta-layouts":"set","ast-page-background-enabled":"default","ast-page-background-meta":{"desktop":{"background-color":"var(--ast-global-color-4)","background-image":"","background-repeat":"repeat","background-position":"center center","background-size":"auto","background-attachment":"scroll","background-type":"","background-media":"","overlay-type":"","overlay-color":"","overlay-opacity":"","overlay-gradient":""},"tablet":{"background-color":"","background-image":"","background-repeat":"repeat","background-position":"center center","background-size":"auto","background-attachment":"scroll","background-type":"","background-media":"","overlay-type":"","overlay-color":"","overlay-opacity":"","overlay-gradient":""},"mobile":{"background-color":"","background-image":"","background-repeat":"repeat","background-position":"center center","background-size":"auto","background-attachment":"scroll","background-type":"","background-media":"","overlay-type":"","overlay-color":"","overlay-opacity":"","overlay-gradient":""}},"ast-content-background-meta":{"desktop":{"background-color":"var(--ast-global-color-5)","background-image":"","background-repeat":"repeat","background-position":"center center","background-size":"auto","background-attachment":"scroll","background-type":"","background-media":"","overlay-type":"","overlay-color":"","overlay-opacity":"","overlay-gradient":""},"tablet":{"background-color":"var(--ast-global-color-5)","background-image":"","background-repeat":"repeat","background-position":"center center","background-size":"auto","background-attachment":"scroll","background-type":"","background-media":"","overlay-type":"","overlay-color":"","overlay-opacity":"","overlay-gradient":""},"mobile":{"background-color":"var(--ast-global-color-5)","background-image":"","background-repeat":"repeat","background-position":"center center","background-size":"auto","background-attachment":"scroll","background-type":"","background-media":"","overlay-type":"","overlay-color":"","overlay-opacity":"","overlay-gradient":""}}},"product_brand":[],"product_cat":[4470],"product_tag":[17,317,2623,3295,318,2675,2632,66,2508,2631,2281,2621,316,64,3030,2513,3937,56,2624,2204,3628,320,54,2419,3936,18,3348,65,35,360,2637,2971,2482,32,3879,3881,4482,3778,3562,2832,2477,2478,3623,319,2368,2676],"class_list":{"0":"post-108570","1":"product","2":"type-product","3":"status-publish","4":"has-post-thumbnail","6":"product_cat-videos","7":"product_tag-anal","8":"product_tag-asshole","9":"product_tag-barn","10":"product_tag-basin","11":"product_tag-boobs","12":"product_tag-boots","13":"product_tag-bra","14":"product_tag-clothed","15":"product_tag-clothes","16":"product_tag-completely-covered","17":"product_tag-completely-submerged","18":"product_tag-cow-dung","19":"product_tag-cunt","20":"product_tag-dildo","21":"product_tag-download","22":"product_tag-dress","23":"product_tag-early-access","24":"product_tag-erotic","25":"product_tag-farm","26":"product_tag-farm-girl","27":"product_tag-farmer-girl","28":"product_tag-feet","29":"product_tag-full-covered","30":"product_tag-full-hd","31":"product_tag-gothic","32":"product_tag-manure","33":"product_tag-manure-shower","34":"product_tag-naked","35":"product_tag-orgasm","36":"product_tag-outdoor","37":"product_tag-panty","38":"product_tag-pee","39":"product_tag-peeing","40":"product_tag-pussy","41":"product_tag-rada-brewer","42":"product_tag-season-4","43":"product_tag-sex-in-cowshit","44":"product_tag-sextoys-2","45":"product_tag-sexy","46":"product_tag-smearing","47":"product_tag-squirt","48":"product_tag-squirting","49":"product_tag-swimsuit","50":"product_tag-tits","51":"product_tag-ultra-hd","52":"product_tag-underwear","53":"pa_length-45-minutes","54":"pa_product-type-digital-download-full-hd-video","55":"pa_product-type-digital-download-ultra-hd-video","56":"pa_product-type-usb-stick","57":"pa_video-info-full-hd-1920x1080p","58":"pa_video-info-ultra-hd-4k","59":"desktop-align-center","60":"tablet-align-left","61":"mobile-align-left","63":"first","64":"instock","65":"shipping-taxable","66":"purchasable","67":"product-type-variable","68":"has-default-attributes"},"exclude_global_add_ons":[],"addons":[],"acf":[],"yoast_head":"<!-- This site is optimized with the Yoast SEO Premium plugin v27.1 (Yoast SEO v27.1.1) - https:\/\/yoast.com\/product\/yoast-seo-premium-wordpress\/ -->\n<title>Rada Brewer Filling My Swimsuit - ManureFetish -<\/title>\n<meta name=\"description\" content=\"Rada Brewer Filling My Swimsuit,\" \/>\n<meta name=\"robots\" content=\"index, follow, max-snippet:-1, max-image-preview:large, max-video-preview:-1\" \/>\n<link rel=\"canonical\" href=\"https:\/\/manurefetish.com\/de\/shop\/videos\/rada-brewer-filling-my-swimsuit\/\" \/>\n<meta property=\"og:locale\" content=\"de_DE\" \/>\n<meta property=\"og:type\" content=\"article\" \/>\n<meta property=\"og:title\" content=\"Rada Brewer Filling My Swimsuit\" \/>\n<meta property=\"og:description\" content=\"Rada Brewer Filling My Swimsuit,\" \/>\n<meta property=\"og:url\" content=\"https:\/\/manurefetish.com\/de\/shop\/videos\/rada-brewer-filling-my-swimsuit\/\" \/>\n<meta property=\"og:site_name\" content=\"ManureFetish\" \/>\n<meta property=\"article:publisher\" content=\"https:\/\/www.facebook.com\/manurefetish\/\" \/>\n<meta property=\"article:modified_time\" content=\"2026-03-24T14:27:28+00:00\" \/>\n<meta property=\"og:image\" content=\"https:\/\/manurefetish.com\/wp-content\/uploads\/2023\/12\/Rada-Brewer-Filling-my-Swimsuit.jpg\" \/>\n\t<meta property=\"og:image:width\" content=\"1728\" \/>\n\t<meta property=\"og:image:height\" content=\"576\" \/>\n\t<meta property=\"og:image:type\" content=\"image\/jpeg\" \/>\n<meta name=\"twitter:card\" content=\"summary_large_image\" \/>\n<meta name=\"twitter:site\" content=\"@Manurefetisch\" \/>\n<script type=\"application\/ld+json\" class=\"yoast-schema-graph\">{\"@context\":\"https:\/\/schema.org\",\"@graph\":[{\"@type\":\"WebPage\",\"@id\":\"https:\/\/manurefetish.com\/shop\/videos\/rada-brewer-filling-my-swimsuit\/\",\"url\":\"https:\/\/manurefetish.com\/shop\/videos\/rada-brewer-filling-my-swimsuit\/\",\"name\":\"Rada Brewer Filling My Swimsuit - ManureFetish -\",\"isPartOf\":{\"@id\":\"https:\/\/manurefetish.com\/#website\"},\"primaryImageOfPage\":{\"@id\":\"https:\/\/manurefetish.com\/shop\/videos\/rada-brewer-filling-my-swimsuit\/#primaryimage\"},\"image\":{\"@id\":\"https:\/\/manurefetish.com\/shop\/videos\/rada-brewer-filling-my-swimsuit\/#primaryimage\"},\"thumbnailUrl\":\"https:\/\/manurefetish.b-cdn.net\/wp-content\/uploads\/2023\/12\/Rada-Brewer-Filling-my-Swimsuit.jpg\",\"datePublished\":\"2023-12-14T18:42:36+00:00\",\"dateModified\":\"2026-03-24T14:27:28+00:00\",\"description\":\"Rada Brewer Filling My Swimsuit,\",\"breadcrumb\":{\"@id\":\"https:\/\/manurefetish.com\/shop\/videos\/rada-brewer-filling-my-swimsuit\/#breadcrumb\"},\"inLanguage\":\"de\",\"potentialAction\":[{\"@type\":\"ReadAction\",\"target\":[\"https:\/\/manurefetish.com\/shop\/videos\/rada-brewer-filling-my-swimsuit\/\"]}]},{\"@type\":\"ImageObject\",\"inLanguage\":\"de\",\"@id\":\"https:\/\/manurefetish.com\/shop\/videos\/rada-brewer-filling-my-swimsuit\/#primaryimage\",\"url\":\"https:\/\/manurefetish.b-cdn.net\/wp-content\/uploads\/2023\/12\/Rada-Brewer-Filling-my-Swimsuit.jpg\",\"contentUrl\":\"https:\/\/manurefetish.b-cdn.net\/wp-content\/uploads\/2023\/12\/Rada-Brewer-Filling-my-Swimsuit.jpg\",\"width\":1728,\"height\":576},{\"@type\":\"BreadcrumbList\",\"@id\":\"https:\/\/manurefetish.com\/shop\/videos\/rada-brewer-filling-my-swimsuit\/#breadcrumb\",\"itemListElement\":[{\"@type\":\"ListItem\",\"position\":1,\"name\":\"Home\",\"item\":\"https:\/\/manurefetish.com\/\"},{\"@type\":\"ListItem\",\"position\":2,\"name\":\"Shop\",\"item\":\"https:\/\/manurefetish.com\/shop\/\"},{\"@type\":\"ListItem\",\"position\":3,\"name\":\"Videos\",\"item\":\"https:\/\/manurefetish.com\/product-category\/videos\/\"},{\"@type\":\"ListItem\",\"position\":4,\"name\":\"Rada Brewer Filling My Swimsuit\"}]},{\"@type\":\"WebSite\",\"@id\":\"https:\/\/manurefetish.com\/#website\",\"url\":\"https:\/\/manurefetish.com\/\",\"name\":\"ManureFetish\",\"description\":\"ManureFetish Shop\",\"publisher\":{\"@id\":\"https:\/\/manurefetish.com\/#organization\"},\"potentialAction\":[{\"@type\":\"SearchAction\",\"target\":{\"@type\":\"EntryPoint\",\"urlTemplate\":\"https:\/\/manurefetish.com\/?s={search_term_string}\"},\"query-input\":{\"@type\":\"PropertyValueSpecification\",\"valueRequired\":true,\"valueName\":\"search_term_string\"}}],\"inLanguage\":\"de\"},{\"@type\":\"Organization\",\"@id\":\"https:\/\/manurefetish.com\/#organization\",\"name\":\"ManureFetish.com\",\"url\":\"https:\/\/manurefetish.com\/\",\"logo\":{\"@type\":\"ImageObject\",\"inLanguage\":\"de\",\"@id\":\"https:\/\/manurefetish.com\/#\/schema\/logo\/image\/\",\"url\":\"https:\/\/manurefetish.com\/wp-content\/uploads\/2019\/06\/1000xmanurefetishcom-michaela-logo-website-shop.png\",\"contentUrl\":\"https:\/\/manurefetish.com\/wp-content\/uploads\/2019\/06\/1000xmanurefetishcom-michaela-logo-website-shop.png\",\"width\":1000,\"height\":632,\"caption\":\"ManureFetish.com\"},\"image\":{\"@id\":\"https:\/\/manurefetish.com\/#\/schema\/logo\/image\/\"},\"sameAs\":[\"https:\/\/www.facebook.com\/manurefetish\/\",\"https:\/\/x.com\/Manurefetisch\",\"https:\/\/www.youtube.com\/c\/ManureFetish\"],\"description\":\"We're creating various fetish content with female and male models alike.\",\"foundingDate\":\"2019-07-04\",\"vatID\":\"DE366928521\",\"numberOfEmployees\":{\"@type\":\"QuantitativeValue\",\"minValue\":\"1\",\"maxValue\":\"10\"}}]}<\/script>\n<meta property=\"og:availability\" content=\"instock\" \/>\n<meta property=\"product:availability\" content=\"instock\" \/>\n<meta property=\"product:retailer_item_id\" content=\"MFW-FMSS\" \/>\n<meta property=\"product:condition\" content=\"new\" \/>\n<!-- \/ Yoast SEO Premium plugin. -->","yoast_head_json":{"title":"Rada Brewer Filling My Swimsuit - ManureFetish -","description":"Rada Brewer Filling My Swimsuit,","robots":{"index":"index","follow":"follow","max-snippet":"max-snippet:-1","max-image-preview":"max-image-preview:large","max-video-preview":"max-video-preview:-1"},"canonical":"https:\/\/manurefetish.com\/de\/shop\/videos\/rada-brewer-filling-my-swimsuit\/","og_locale":"de_DE","og_type":"article","og_title":"Rada Brewer Filling My Swimsuit","og_description":"Rada Brewer Filling My Swimsuit,","og_url":"https:\/\/manurefetish.com\/de\/shop\/videos\/rada-brewer-filling-my-swimsuit\/","og_site_name":"ManureFetish","article_publisher":"https:\/\/www.facebook.com\/manurefetish\/","article_modified_time":"2026-03-24T14:27:28+00:00","og_image":[{"width":1728,"height":576,"url":"https:\/\/manurefetish.com\/wp-content\/uploads\/2023\/12\/Rada-Brewer-Filling-my-Swimsuit.jpg","type":"image\/jpeg"}],"twitter_card":"summary_large_image","twitter_site":"@Manurefetisch","schema":{"@context":"https:\/\/schema.org","@graph":[{"@type":"WebPage","@id":"https:\/\/manurefetish.com\/shop\/videos\/rada-brewer-filling-my-swimsuit\/","url":"https:\/\/manurefetish.com\/shop\/videos\/rada-brewer-filling-my-swimsuit\/","name":"Rada Brewer Filling My Swimsuit - ManureFetish -","isPartOf":{"@id":"https:\/\/manurefetish.com\/#website"},"primaryImageOfPage":{"@id":"https:\/\/manurefetish.com\/shop\/videos\/rada-brewer-filling-my-swimsuit\/#primaryimage"},"image":{"@id":"https:\/\/manurefetish.com\/shop\/videos\/rada-brewer-filling-my-swimsuit\/#primaryimage"},"thumbnailUrl":"https:\/\/manurefetish.b-cdn.net\/wp-content\/uploads\/2023\/12\/Rada-Brewer-Filling-my-Swimsuit.jpg","datePublished":"2023-12-14T18:42:36+00:00","dateModified":"2026-03-24T14:27:28+00:00","description":"Rada Brewer Filling My Swimsuit,","breadcrumb":{"@id":"https:\/\/manurefetish.com\/shop\/videos\/rada-brewer-filling-my-swimsuit\/#breadcrumb"},"inLanguage":"de","potentialAction":[{"@type":"ReadAction","target":["https:\/\/manurefetish.com\/shop\/videos\/rada-brewer-filling-my-swimsuit\/"]}]},{"@type":"ImageObject","inLanguage":"de","@id":"https:\/\/manurefetish.com\/shop\/videos\/rada-brewer-filling-my-swimsuit\/#primaryimage","url":"https:\/\/manurefetish.b-cdn.net\/wp-content\/uploads\/2023\/12\/Rada-Brewer-Filling-my-Swimsuit.jpg","contentUrl":"https:\/\/manurefetish.b-cdn.net\/wp-content\/uploads\/2023\/12\/Rada-Brewer-Filling-my-Swimsuit.jpg","width":1728,"height":576},{"@type":"BreadcrumbList","@id":"https:\/\/manurefetish.com\/shop\/videos\/rada-brewer-filling-my-swimsuit\/#breadcrumb","itemListElement":[{"@type":"ListItem","position":1,"name":"Home","item":"https:\/\/manurefetish.com\/"},{"@type":"ListItem","position":2,"name":"Shop","item":"https:\/\/manurefetish.com\/shop\/"},{"@type":"ListItem","position":3,"name":"Videos","item":"https:\/\/manurefetish.com\/product-category\/videos\/"},{"@type":"ListItem","position":4,"name":"Rada Brewer Filling My Swimsuit"}]},{"@type":"WebSite","@id":"https:\/\/manurefetish.com\/#website","url":"https:\/\/manurefetish.com\/","name":"ManureFetish","description":"ManureFetish Shop","publisher":{"@id":"https:\/\/manurefetish.com\/#organization"},"potentialAction":[{"@type":"SearchAction","target":{"@type":"EntryPoint","urlTemplate":"https:\/\/manurefetish.com\/?s={search_term_string}"},"query-input":{"@type":"PropertyValueSpecification","valueRequired":true,"valueName":"search_term_string"}}],"inLanguage":"de"},{"@type":"Organization","@id":"https:\/\/manurefetish.com\/#organization","name":"ManureFetish.com","url":"https:\/\/manurefetish.com\/","logo":{"@type":"ImageObject","inLanguage":"de","@id":"https:\/\/manurefetish.com\/#\/schema\/logo\/image\/","url":"https:\/\/manurefetish.com\/wp-content\/uploads\/2019\/06\/1000xmanurefetishcom-michaela-logo-website-shop.png","contentUrl":"https:\/\/manurefetish.com\/wp-content\/uploads\/2019\/06\/1000xmanurefetishcom-michaela-logo-website-shop.png","width":1000,"height":632,"caption":"ManureFetish.com"},"image":{"@id":"https:\/\/manurefetish.com\/#\/schema\/logo\/image\/"},"sameAs":["https:\/\/www.facebook.com\/manurefetish\/","https:\/\/x.com\/Manurefetisch","https:\/\/www.youtube.com\/c\/ManureFetish"],"description":"Wir erstellen verschiedene Fetisch-Inhalte mit weiblichen und m\u00e4nnlichen Models.","foundingDate":"2019-07-04","vatID":"DE366928521","numberOfEmployees":{"@type":"QuantitativeValue","minValue":"1","maxValue":"10"}}]},"og_availability":"instock","product_availability":"instock","product_retailer_item_id":"MFW-FMSS","product_condition":"new"},"_links":{"self":[{"href":"https:\/\/manurefetish.com\/de\/wp-json\/wp\/v2\/product\/108570","targetHints":{"allow":["GET"]}}],"collection":[{"href":"https:\/\/manurefetish.com\/de\/wp-json\/wp\/v2\/product"}],"about":[{"href":"https:\/\/manurefetish.com\/de\/wp-json\/wp\/v2\/types\/product"}],"replies":[{"embeddable":true,"href":"https:\/\/manurefetish.com\/de\/wp-json\/wp\/v2\/comments?post=108570"}],"version-history":[{"count":0,"href":"https:\/\/manurefetish.com\/de\/wp-json\/wp\/v2\/product\/108570\/revisions"}],"wp:featuredmedia":[{"embeddable":true,"href":"https:\/\/manurefetish.com\/de\/wp-json\/wp\/v2\/media\/199189"}],"wp:attachment":[{"href":"https:\/\/manurefetish.com\/de\/wp-json\/wp\/v2\/media?parent=108570"}],"wp:term":[{"taxonomy":"product_brand","embeddable":true,"href":"https:\/\/manurefetish.com\/de\/wp-json\/wp\/v2\/product_brand?post=108570"},{"taxonomy":"product_cat","embeddable":true,"href":"https:\/\/manurefetish.com\/de\/wp-json\/wp\/v2\/product_cat?post=108570"},{"taxonomy":"product_tag","embeddable":true,"href":"https:\/\/manurefetish.com\/de\/wp-json\/wp\/v2\/product_tag?post=108570"}],"curies":[{"name":"wp","href":"https:\/\/api.w.org\/{rel}","templated":true}]}}