{"id":100650,"date":"2023-07-03T13:00:42","date_gmt":"2023-07-03T11:00:42","guid":{"rendered":"https:\/\/manurefetish.com\/?post_type=product&#038;p=100650"},"modified":"2026-03-24T15:33:46","modified_gmt":"2026-03-24T14:33:46","slug":"manure-sports-dunghill-climbing","status":"publish","type":"product","link":"https:\/\/manurefetish.com\/de\/shop\/videos\/manure-sports-dunghill-climbing\/","title":{"rendered":"Manure Sport Dunghill Klettern"},"content":{"rendered":"<p><span style=\"font-weight: 400;\">Rada Brewer und Lyndra Lynn machen einen Spaziergang durch die Landschaft, als sie sich einem Bauernhof n\u00e4hern, schl\u00e4gt Lyndra eine Abk\u00fcrzung vor. Sie haben nicht bemerkt, dass es sich um einen dung-H\u00fcgel mit einer kleinen manure-Grube darunter handelt. Als sie auf dem H\u00fcgel sind, rutschen sie beide in der cremigen Kuh dung hinunter. Lyndra st\u00f6rt das nicht, da sie die Abk\u00fchlung sofort genie\u00dft, und so spritzt sie etwas manure auf Rada, die zun\u00e4chst schockiert ist. Erst als Lyndra sie in die cremige Masse dr\u00fcckt, f\u00e4ngt auch sie an, es zu genie\u00dfen. Zuerst spielen sie herum und haben Spa\u00df, aber dann wird es immer sinnlicher und erotischer. Als beide sich ausziehen und beginnen, sich gegenseitig immer mehr von der cremigen Kuh dung zu beschmieren. Rada saugt zuerst an Lyndras sch\u00f6nen Br\u00fcsten, dann masturbiert Lyndra Radas Pussy, w\u00e4hrend sie sich b\u00fcckt. Sie revanchiert sich, indem sie beginnt, Lyndras nun wirklich feuchte Muschi zu fingern. In diesem Moment sieht Lyndra einige Spielzeuge auf dem dunghill liegen. Also schnappt sie sich diese und beide fangen an, zuerst gemeinsam an dem Dildo zu saugen. Dann ficken sie sich gegenseitig mit dem Dildo in den Arsch. Lyndra dreht sich um, nimmt den Dildo und fickt Radas Muschi richtig hart. Sie genie\u00dft es sehr und will sich revanchieren. Jedes der M\u00e4dchen nimmt einen Dildo und fickt die Muschis der anderen damit. Lyndra Lynn will Radas Kuh dung bedeckte Muschi schmecken, also f\u00e4ngt sie an, sie zu lecken und Rada genie\u00dft es. Sie beide haben so viel Spa\u00df zusammen und genie\u00dfen ihre Zeit in der cremigen Chaos, wie sie sich gegenseitig zu mehreren Orgasmen durch ihre Zeit auf dem dung H\u00fcgel zu bringen.<\/span><\/p>","protected":false},"excerpt":{"rendered":"<p>Rada Brewer and Lyndra Lynn taking a walk through the countryside as they approach a farm Lyndra suggests a shortcut. They didn\u2019t notice it was a dunghill with a small manure pit under it. As they are on the hill, they both start to slide down in the creamy cow dung. Lyndra doesn\u2019t mind as [&hellip;]<\/p>\n","protected":false},"featured_media":199071,"comment_status":"open","ping_status":"closed","template":"","meta":{"_acf_changed":false,"site-sidebar-layout":"default","site-content-layout":"","ast-site-content-layout":"default","site-content-style":"default","site-sidebar-style":"default","ast-global-header-display":"","ast-banner-title-visibility":"","ast-main-header-display":"","ast-hfb-above-header-display":"","ast-hfb-below-header-display":"","ast-hfb-mobile-header-display":"","site-post-title":"","ast-breadcrumbs-content":"","ast-featured-img":"","footer-sml-layout":"","ast-disable-related-posts":"","theme-transparent-header-meta":"default","adv-header-id-meta":"","stick-header-meta":"","header-above-stick-meta":"","header-main-stick-meta":"","header-below-stick-meta":"","astra-migrate-meta-layouts":"set","ast-page-background-enabled":"default","ast-page-background-meta":{"desktop":{"background-color":"var(--ast-global-color-4)","background-image":"","background-repeat":"repeat","background-position":"center center","background-size":"auto","background-attachment":"scroll","background-type":"","background-media":"","overlay-type":"","overlay-color":"","overlay-opacity":"","overlay-gradient":""},"tablet":{"background-color":"","background-image":"","background-repeat":"repeat","background-position":"center center","background-size":"auto","background-attachment":"scroll","background-type":"","background-media":"","overlay-type":"","overlay-color":"","overlay-opacity":"","overlay-gradient":""},"mobile":{"background-color":"","background-image":"","background-repeat":"repeat","background-position":"center center","background-size":"auto","background-attachment":"scroll","background-type":"","background-media":"","overlay-type":"","overlay-color":"","overlay-opacity":"","overlay-gradient":""}},"ast-content-background-meta":{"desktop":{"background-color":"var(--ast-global-color-5)","background-image":"","background-repeat":"repeat","background-position":"center center","background-size":"auto","background-attachment":"scroll","background-type":"","background-media":"","overlay-type":"","overlay-color":"","overlay-opacity":"","overlay-gradient":""},"tablet":{"background-color":"var(--ast-global-color-5)","background-image":"","background-repeat":"repeat","background-position":"center center","background-size":"auto","background-attachment":"scroll","background-type":"","background-media":"","overlay-type":"","overlay-color":"","overlay-opacity":"","overlay-gradient":""},"mobile":{"background-color":"var(--ast-global-color-5)","background-image":"","background-repeat":"repeat","background-position":"center center","background-size":"auto","background-attachment":"scroll","background-type":"","background-media":"","overlay-type":"","overlay-color":"","overlay-opacity":"","overlay-gradient":""}}},"product_brand":[],"product_cat":[4470],"product_tag":[17,317,3295,318,2675,2632,66,2508,2631,2281,2621,3893,316,64,3030,2513,2603,2905,56,2624,2204,3628,320,3850,54,2419,3458,2707,2841,18,3918,3882,65,35,360,2637,2971,2482,32,3879,3881,4482,3778,3562,2832,3919,3920,2477,2478,2709,319,2368,2676],"class_list":{"0":"post-100650","1":"product","2":"type-product","3":"status-publish","4":"has-post-thumbnail","6":"product_cat-videos","7":"product_tag-anal","8":"product_tag-asshole","9":"product_tag-basin","10":"product_tag-boobs","11":"product_tag-boots","12":"product_tag-bra","13":"product_tag-clothed","14":"product_tag-clothes","15":"product_tag-completely-covered","16":"product_tag-completely-submerged","17":"product_tag-cow-dung","18":"product_tag-cowgirls","19":"product_tag-cunt","20":"product_tag-dildo","21":"product_tag-download","22":"product_tag-dress","23":"product_tag-dunghill","24":"product_tag-enema","25":"product_tag-erotic","26":"product_tag-farm","27":"product_tag-farm-girl","28":"product_tag-farmer-girl","29":"product_tag-feet","30":"product_tag-food","31":"product_tag-full-covered","32":"product_tag-full-hd","33":"product_tag-leggings","34":"product_tag-lesbian","35":"product_tag-lyndra-lynn","36":"product_tag-manure","37":"product_tag-manure-sports","38":"product_tag-messing","39":"product_tag-naked","40":"product_tag-orgasm","41":"product_tag-outdoor","42":"product_tag-panty","43":"product_tag-pee","44":"product_tag-peeing","45":"product_tag-pussy","46":"product_tag-rada-brewer","47":"product_tag-season-4","48":"product_tag-sex-in-cowshit","49":"product_tag-sextoys-2","50":"product_tag-sexy","51":"product_tag-smearing","52":"product_tag-sports","53":"product_tag-sportswear","54":"product_tag-squirt","55":"product_tag-squirting","56":"product_tag-strapon","57":"product_tag-tits","58":"product_tag-ultra-hd","59":"product_tag-underwear","60":"pa_audio-info-stereo","61":"pa_format-mp4","62":"pa_length-40-minutes","63":"pa_product-type-digital-download-full-hd-video","64":"pa_product-type-digital-download-ultra-hd-video","65":"pa_product-type-usb-stick","66":"pa_size-fhd-7-45-gb","67":"pa_size-uhd-13-5-gb","68":"pa_video-info-full-hd-1920x1080p","69":"pa_video-info-ultra-hd-4k","70":"desktop-align-center","71":"tablet-align-left","72":"mobile-align-left","74":"first","75":"instock","76":"shipping-taxable","77":"purchasable","78":"product-type-variable","79":"has-default-attributes"},"exclude_global_add_ons":[],"addons":[],"acf":[],"yoast_head":"<!-- This site is optimized with the Yoast SEO Premium plugin v27.1 (Yoast SEO v27.1.1) - https:\/\/yoast.com\/product\/yoast-seo-premium-wordpress\/ -->\n<title>Manure Sports Dunghill Climbing<\/title>\n<meta name=\"description\" content=\"Manure Sports Dunghill Climbing, Rada Brewer and Lyndra Lynn get very messy again on the farm, they fuck each other covered in cowshit.\" \/>\n<meta name=\"robots\" content=\"index, follow, max-snippet:-1, max-image-preview:large, max-video-preview:-1\" \/>\n<link rel=\"canonical\" href=\"https:\/\/manurefetish.com\/de\/shop\/videos\/manure-sports-dunghill-climbing\/\" \/>\n<meta property=\"og:locale\" content=\"de_DE\" \/>\n<meta property=\"og:type\" content=\"article\" \/>\n<meta property=\"og:title\" content=\"Manure Sports Dunghill Climbing\" \/>\n<meta property=\"og:description\" content=\"Manure Sports Dunghill Climbing, Rada Brewer and Lyndra Lynn get very messy again on the farm, they fuck each other covered in cowshit.\" \/>\n<meta property=\"og:url\" content=\"https:\/\/manurefetish.com\/de\/shop\/videos\/manure-sports-dunghill-climbing\/\" \/>\n<meta property=\"og:site_name\" content=\"ManureFetish\" \/>\n<meta property=\"article:publisher\" content=\"https:\/\/www.facebook.com\/manurefetish\/\" \/>\n<meta property=\"article:modified_time\" content=\"2026-03-24T14:33:46+00:00\" \/>\n<meta property=\"og:image\" content=\"https:\/\/manurefetish.com\/wp-content\/uploads\/2023\/07\/Manure-Sports-Dunghill-Climbing.jpg\" \/>\n\t<meta property=\"og:image:width\" content=\"1728\" \/>\n\t<meta property=\"og:image:height\" content=\"576\" \/>\n\t<meta property=\"og:image:type\" content=\"image\/jpeg\" \/>\n<meta name=\"twitter:card\" content=\"summary_large_image\" \/>\n<meta name=\"twitter:site\" content=\"@Manurefetisch\" \/>\n<script type=\"application\/ld+json\" class=\"yoast-schema-graph\">{\"@context\":\"https:\/\/schema.org\",\"@graph\":[{\"@type\":\"WebPage\",\"@id\":\"https:\/\/manurefetish.com\/shop\/videos\/manure-sports-dunghill-climbing\/\",\"url\":\"https:\/\/manurefetish.com\/shop\/videos\/manure-sports-dunghill-climbing\/\",\"name\":\"Manure Sports Dunghill Climbing\",\"isPartOf\":{\"@id\":\"https:\/\/manurefetish.com\/#website\"},\"primaryImageOfPage\":{\"@id\":\"https:\/\/manurefetish.com\/shop\/videos\/manure-sports-dunghill-climbing\/#primaryimage\"},\"image\":{\"@id\":\"https:\/\/manurefetish.com\/shop\/videos\/manure-sports-dunghill-climbing\/#primaryimage\"},\"thumbnailUrl\":\"https:\/\/manurefetish.b-cdn.net\/wp-content\/uploads\/2023\/07\/Manure-Sports-Dunghill-Climbing.jpg\",\"datePublished\":\"2023-07-03T11:00:42+00:00\",\"dateModified\":\"2026-03-24T14:33:46+00:00\",\"description\":\"Manure Sports Dunghill Climbing, Rada Brewer and Lyndra Lynn get very messy again on the farm, they fuck each other covered in cowshit.\",\"breadcrumb\":{\"@id\":\"https:\/\/manurefetish.com\/shop\/videos\/manure-sports-dunghill-climbing\/#breadcrumb\"},\"inLanguage\":\"de\",\"potentialAction\":[{\"@type\":\"ReadAction\",\"target\":[\"https:\/\/manurefetish.com\/shop\/videos\/manure-sports-dunghill-climbing\/\"]}]},{\"@type\":\"ImageObject\",\"inLanguage\":\"de\",\"@id\":\"https:\/\/manurefetish.com\/shop\/videos\/manure-sports-dunghill-climbing\/#primaryimage\",\"url\":\"https:\/\/manurefetish.b-cdn.net\/wp-content\/uploads\/2023\/07\/Manure-Sports-Dunghill-Climbing.jpg\",\"contentUrl\":\"https:\/\/manurefetish.b-cdn.net\/wp-content\/uploads\/2023\/07\/Manure-Sports-Dunghill-Climbing.jpg\",\"width\":1728,\"height\":576},{\"@type\":\"BreadcrumbList\",\"@id\":\"https:\/\/manurefetish.com\/shop\/videos\/manure-sports-dunghill-climbing\/#breadcrumb\",\"itemListElement\":[{\"@type\":\"ListItem\",\"position\":1,\"name\":\"Home\",\"item\":\"https:\/\/manurefetish.com\/\"},{\"@type\":\"ListItem\",\"position\":2,\"name\":\"Shop\",\"item\":\"https:\/\/manurefetish.com\/shop\/\"},{\"@type\":\"ListItem\",\"position\":3,\"name\":\"Videos\",\"item\":\"https:\/\/manurefetish.com\/product-category\/videos\/\"},{\"@type\":\"ListItem\",\"position\":4,\"name\":\"Manure Sports Dunghill Climbing\"}]},{\"@type\":\"WebSite\",\"@id\":\"https:\/\/manurefetish.com\/#website\",\"url\":\"https:\/\/manurefetish.com\/\",\"name\":\"ManureFetish\",\"description\":\"ManureFetish Shop\",\"publisher\":{\"@id\":\"https:\/\/manurefetish.com\/#organization\"},\"potentialAction\":[{\"@type\":\"SearchAction\",\"target\":{\"@type\":\"EntryPoint\",\"urlTemplate\":\"https:\/\/manurefetish.com\/?s={search_term_string}\"},\"query-input\":{\"@type\":\"PropertyValueSpecification\",\"valueRequired\":true,\"valueName\":\"search_term_string\"}}],\"inLanguage\":\"de\"},{\"@type\":\"Organization\",\"@id\":\"https:\/\/manurefetish.com\/#organization\",\"name\":\"ManureFetish.com\",\"url\":\"https:\/\/manurefetish.com\/\",\"logo\":{\"@type\":\"ImageObject\",\"inLanguage\":\"de\",\"@id\":\"https:\/\/manurefetish.com\/#\/schema\/logo\/image\/\",\"url\":\"https:\/\/manurefetish.com\/wp-content\/uploads\/2019\/06\/1000xmanurefetishcom-michaela-logo-website-shop.png\",\"contentUrl\":\"https:\/\/manurefetish.com\/wp-content\/uploads\/2019\/06\/1000xmanurefetishcom-michaela-logo-website-shop.png\",\"width\":1000,\"height\":632,\"caption\":\"ManureFetish.com\"},\"image\":{\"@id\":\"https:\/\/manurefetish.com\/#\/schema\/logo\/image\/\"},\"sameAs\":[\"https:\/\/www.facebook.com\/manurefetish\/\",\"https:\/\/x.com\/Manurefetisch\",\"https:\/\/www.youtube.com\/c\/ManureFetish\"],\"description\":\"We're creating various fetish content with female and male models alike.\",\"foundingDate\":\"2019-07-04\",\"vatID\":\"DE366928521\",\"numberOfEmployees\":{\"@type\":\"QuantitativeValue\",\"minValue\":\"1\",\"maxValue\":\"10\"}}]}<\/script>\n<meta property=\"og:availability\" content=\"instock\" \/>\n<meta property=\"product:availability\" content=\"instock\" \/>\n<meta property=\"product:retailer_item_id\" content=\"MFW-MSDHC\" \/>\n<meta property=\"product:condition\" content=\"new\" \/>\n<!-- \/ Yoast SEO Premium plugin. -->","yoast_head_json":{"title":"Manure Sport Dunghill Klettern","description":"Manure Sports Dunghill Climbing, Rada Brewer and Lyndra Lynn get very messy again on the farm, they fuck each other covered in cowshit.","robots":{"index":"index","follow":"follow","max-snippet":"max-snippet:-1","max-image-preview":"max-image-preview:large","max-video-preview":"max-video-preview:-1"},"canonical":"https:\/\/manurefetish.com\/de\/shop\/videos\/manure-sports-dunghill-climbing\/","og_locale":"de_DE","og_type":"article","og_title":"Manure Sports Dunghill Climbing","og_description":"Manure Sports Dunghill Climbing, Rada Brewer and Lyndra Lynn get very messy again on the farm, they fuck each other covered in cowshit.","og_url":"https:\/\/manurefetish.com\/de\/shop\/videos\/manure-sports-dunghill-climbing\/","og_site_name":"ManureFetish","article_publisher":"https:\/\/www.facebook.com\/manurefetish\/","article_modified_time":"2026-03-24T14:33:46+00:00","og_image":[{"width":1728,"height":576,"url":"https:\/\/manurefetish.com\/wp-content\/uploads\/2023\/07\/Manure-Sports-Dunghill-Climbing.jpg","type":"image\/jpeg"}],"twitter_card":"summary_large_image","twitter_site":"@Manurefetisch","schema":{"@context":"https:\/\/schema.org","@graph":[{"@type":"WebPage","@id":"https:\/\/manurefetish.com\/shop\/videos\/manure-sports-dunghill-climbing\/","url":"https:\/\/manurefetish.com\/shop\/videos\/manure-sports-dunghill-climbing\/","name":"Manure Sport Dunghill Klettern","isPartOf":{"@id":"https:\/\/manurefetish.com\/#website"},"primaryImageOfPage":{"@id":"https:\/\/manurefetish.com\/shop\/videos\/manure-sports-dunghill-climbing\/#primaryimage"},"image":{"@id":"https:\/\/manurefetish.com\/shop\/videos\/manure-sports-dunghill-climbing\/#primaryimage"},"thumbnailUrl":"https:\/\/manurefetish.b-cdn.net\/wp-content\/uploads\/2023\/07\/Manure-Sports-Dunghill-Climbing.jpg","datePublished":"2023-07-03T11:00:42+00:00","dateModified":"2026-03-24T14:33:46+00:00","description":"Manure Sports Dunghill Climbing, Rada Brewer and Lyndra Lynn get very messy again on the farm, they fuck each other covered in cowshit.","breadcrumb":{"@id":"https:\/\/manurefetish.com\/shop\/videos\/manure-sports-dunghill-climbing\/#breadcrumb"},"inLanguage":"de","potentialAction":[{"@type":"ReadAction","target":["https:\/\/manurefetish.com\/shop\/videos\/manure-sports-dunghill-climbing\/"]}]},{"@type":"ImageObject","inLanguage":"de","@id":"https:\/\/manurefetish.com\/shop\/videos\/manure-sports-dunghill-climbing\/#primaryimage","url":"https:\/\/manurefetish.b-cdn.net\/wp-content\/uploads\/2023\/07\/Manure-Sports-Dunghill-Climbing.jpg","contentUrl":"https:\/\/manurefetish.b-cdn.net\/wp-content\/uploads\/2023\/07\/Manure-Sports-Dunghill-Climbing.jpg","width":1728,"height":576},{"@type":"BreadcrumbList","@id":"https:\/\/manurefetish.com\/shop\/videos\/manure-sports-dunghill-climbing\/#breadcrumb","itemListElement":[{"@type":"ListItem","position":1,"name":"Home","item":"https:\/\/manurefetish.com\/"},{"@type":"ListItem","position":2,"name":"Shop","item":"https:\/\/manurefetish.com\/shop\/"},{"@type":"ListItem","position":3,"name":"Videos","item":"https:\/\/manurefetish.com\/product-category\/videos\/"},{"@type":"ListItem","position":4,"name":"Manure Sports Dunghill Climbing"}]},{"@type":"WebSite","@id":"https:\/\/manurefetish.com\/#website","url":"https:\/\/manurefetish.com\/","name":"ManureFetish","description":"ManureFetish Shop","publisher":{"@id":"https:\/\/manurefetish.com\/#organization"},"potentialAction":[{"@type":"SearchAction","target":{"@type":"EntryPoint","urlTemplate":"https:\/\/manurefetish.com\/?s={search_term_string}"},"query-input":{"@type":"PropertyValueSpecification","valueRequired":true,"valueName":"search_term_string"}}],"inLanguage":"de"},{"@type":"Organization","@id":"https:\/\/manurefetish.com\/#organization","name":"ManureFetish.com","url":"https:\/\/manurefetish.com\/","logo":{"@type":"ImageObject","inLanguage":"de","@id":"https:\/\/manurefetish.com\/#\/schema\/logo\/image\/","url":"https:\/\/manurefetish.com\/wp-content\/uploads\/2019\/06\/1000xmanurefetishcom-michaela-logo-website-shop.png","contentUrl":"https:\/\/manurefetish.com\/wp-content\/uploads\/2019\/06\/1000xmanurefetishcom-michaela-logo-website-shop.png","width":1000,"height":632,"caption":"ManureFetish.com"},"image":{"@id":"https:\/\/manurefetish.com\/#\/schema\/logo\/image\/"},"sameAs":["https:\/\/www.facebook.com\/manurefetish\/","https:\/\/x.com\/Manurefetisch","https:\/\/www.youtube.com\/c\/ManureFetish"],"description":"Wir erstellen verschiedene Fetisch-Inhalte mit weiblichen und m\u00e4nnlichen Models.","foundingDate":"2019-07-04","vatID":"DE366928521","numberOfEmployees":{"@type":"QuantitativeValue","minValue":"1","maxValue":"10"}}]},"og_availability":"instock","product_availability":"instock","product_retailer_item_id":"MFW-MSDHC","product_condition":"new"},"_links":{"self":[{"href":"https:\/\/manurefetish.com\/de\/wp-json\/wp\/v2\/product\/100650","targetHints":{"allow":["GET"]}}],"collection":[{"href":"https:\/\/manurefetish.com\/de\/wp-json\/wp\/v2\/product"}],"about":[{"href":"https:\/\/manurefetish.com\/de\/wp-json\/wp\/v2\/types\/product"}],"replies":[{"embeddable":true,"href":"https:\/\/manurefetish.com\/de\/wp-json\/wp\/v2\/comments?post=100650"}],"version-history":[{"count":0,"href":"https:\/\/manurefetish.com\/de\/wp-json\/wp\/v2\/product\/100650\/revisions"}],"wp:featuredmedia":[{"embeddable":true,"href":"https:\/\/manurefetish.com\/de\/wp-json\/wp\/v2\/media\/199071"}],"wp:attachment":[{"href":"https:\/\/manurefetish.com\/de\/wp-json\/wp\/v2\/media?parent=100650"}],"wp:term":[{"taxonomy":"product_brand","embeddable":true,"href":"https:\/\/manurefetish.com\/de\/wp-json\/wp\/v2\/product_brand?post=100650"},{"taxonomy":"product_cat","embeddable":true,"href":"https:\/\/manurefetish.com\/de\/wp-json\/wp\/v2\/product_cat?post=100650"},{"taxonomy":"product_tag","embeddable":true,"href":"https:\/\/manurefetish.com\/de\/wp-json\/wp\/v2\/product_tag?post=100650"}],"curies":[{"name":"wp","href":"https:\/\/api.w.org\/{rel}","templated":true}]}}